{"id":23117,"date":"2025-11-25T12:38:03","date_gmt":"2025-11-25T12:38:03","guid":{"rendered":"http:\/\/acossolutions.es\/es\/?page_id=23117"},"modified":"2026-01-30T08:29:42","modified_gmt":"2026-01-30T08:29:42","slug":"andrea-huerta-merino","status":"publish","type":"page","link":"https:\/\/acossolutions.es\/es\/equipo\/andrea-huerta-merino\/","title":{"rendered":"Andrea Huerta Merino"},"content":{"rendered":"<p>[vc_row row_type=\u00bbrow\u00bb use_row_as_full_screen_section=\u00bbno\u00bb type=\u00bbgrid\u00bb text_align=\u00bbleft\u00bb background_color=\u00bb#e9eae7&#8243; padding_top=\u00bb0&#8243; css_animation=\u00bbelement_from_bottom\u00bb][vc_column][vc_column_text]<\/p>\n<h2>Andrea Huerta Merino<\/h2>\n<p>[\/vc_column_text][vc_separator type=\u00bbtransparent\u00bb border_style=\u00bb\u00bb up=\u00bb20&#8243; down=\u00bb0&#8243;][\/vc_column][\/vc_row][vc_row row_type=\u00bbrow\u00bb use_row_as_full_screen_section=\u00bbno\u00bb type=\u00bbfull_width\u00bb text_align=\u00bbleft\u00bb css_animation=\u00bbelement_from_bottom\u00bb el_class=\u00bbjustificar\u00bb][vc_column width=\u00bb1\/3&#8243;][vc_single_image image=\u00bb23119&#8243; img_size=\u00bb\u00bb qode_css_animation=\u00bb\u00bb][vc_empty_space][vc_column_text]<\/p>\n<h5>Gestora de n\u00f3minas y Seguridad Social<\/h5>\n<p><a href=\"mailto:ahuerta@acossolutions.es\">ahuerta@acossolutions.es<\/a>[\/vc_column_text][vc_empty_space height=\u00bb10px\u00bb][vc_empty_space][\/vc_column][vc_column width=\u00bb2\/3&#8243;][vc_column_text][\/vc_column_text][vc_empty_space height=\u00bb25px\u00bb][vc_row_inner row_type=\u00bbrow\u00bb type=\u00bbfull_width\u00bb use_row_as_full_screen_section_slide=\u00bbno\u00bb text_align=\u00bbleft\u00bb css_animation=\u00bbelement_from_bottom\u00bb][vc_column_inner][vc_column_text]<strong>Formaci\u00f3n<\/strong><\/p>\n<p>Grado en Relaciones Laborales y Recursos Humanos por la Universidad de Valladolid y Grado en Comercio por la Universidad de Valladolid.<\/p>\n<p>&nbsp;<\/p>\n<p><strong>Experiencia<\/strong><\/p>\n<p>Se uni\u00f3 a ACOS en 2024, al departamento de n\u00f3minas y seguridad social. Su trayectoria profesional ha estado ligada al \u00e1mbito de recursos humanos y log\u00edstica.<\/p>\n<p>&nbsp;<\/p>\n<p>Sus idiomas de trabajo incluyen espa\u00f1ol, ingl\u00e9s y portugu\u00e9s.[\/vc_column_text][vc_empty_space height=\u00bb15px\u00bb]<div class='latest_post_holder boxes three_columns one_row'><ul><\/ul><\/div>[vc_empty_space height=\u00bb10px\u00bb][\/vc_column_inner][\/vc_row_inner][\/vc_column][\/vc_row]<\/p>\n","protected":false},"excerpt":{"rendered":"<p>[vc_row row_type=\u00bbrow\u00bb use_row_as_full_screen_section=\u00bbno\u00bb type=\u00bbgrid\u00bb text_align=\u00bbleft\u00bb background_color=\u00bb#e9eae7&#8243; padding_top=\u00bb0&#8243; css_animation=\u00bbelement_from_bottom\u00bb][vc_column][vc_column_text] Andrea Huerta Merino [\/vc_column_text][vc_separator type=\u00bbtransparent\u00bb border_style=\u00bb\u00bb up=\u00bb20&#8243; down=\u00bb0&#8243;][\/vc_column][\/vc_row][vc_row row_type=\u00bbrow\u00bb use_row_as_full_screen_section=\u00bbno\u00bb type=\u00bbfull_width\u00bb text_align=\u00bbleft\u00bb css_animation=\u00bbelement_from_bottom\u00bb el_class=\u00bbjustificar\u00bb][vc_column width=\u00bb1\/3&#8243;][vc_single_image image=\u00bb23119&#8243; img_size=\u00bb\u00bb qode_css_animation=\u00bb\u00bb][vc_empty_space][vc_column_text] Gestora de n\u00f3minas y Seguridad Social ahuerta@acossolutions.es[\/vc_column_text][vc_empty_space height=\u00bb10px\u00bb][vc_empty_space][\/vc_column][vc_column width=\u00bb2\/3&#8243;][vc_column_text][\/vc_column_text][vc_empty_space height=\u00bb25px\u00bb][vc_row_inner row_type=\u00bbrow\u00bb type=\u00bbfull_width\u00bb use_row_as_full_screen_section_slide=\u00bbno\u00bb text_align=\u00bbleft\u00bb css_animation=\u00bbelement_from_bottom\u00bb][vc_column_inner][vc_column_text]Formaci\u00f3n Grado en Relaciones Laborales&#8230;<\/p>\n","protected":false},"author":3,"featured_media":0,"parent":18859,"menu_order":0,"comment_status":"open","ping_status":"open","template":"","meta":{"_mi_skip_tracking":false,"footnotes":""},"class_list":["post-23117","page","type-page","status-publish","hentry"],"_links":{"self":[{"href":"https:\/\/acossolutions.es\/es\/wp-json\/wp\/v2\/pages\/23117","targetHints":{"allow":["GET"]}}],"collection":[{"href":"https:\/\/acossolutions.es\/es\/wp-json\/wp\/v2\/pages"}],"about":[{"href":"https:\/\/acossolutions.es\/es\/wp-json\/wp\/v2\/types\/page"}],"author":[{"embeddable":true,"href":"https:\/\/acossolutions.es\/es\/wp-json\/wp\/v2\/users\/3"}],"replies":[{"embeddable":true,"href":"https:\/\/acossolutions.es\/es\/wp-json\/wp\/v2\/comments?post=23117"}],"version-history":[{"count":6,"href":"https:\/\/acossolutions.es\/es\/wp-json\/wp\/v2\/pages\/23117\/revisions"}],"predecessor-version":[{"id":23134,"href":"https:\/\/acossolutions.es\/es\/wp-json\/wp\/v2\/pages\/23117\/revisions\/23134"}],"up":[{"embeddable":true,"href":"https:\/\/acossolutions.es\/es\/wp-json\/wp\/v2\/pages\/18859"}],"wp:attachment":[{"href":"https:\/\/acossolutions.es\/es\/wp-json\/wp\/v2\/media?parent=23117"}],"curies":[{"name":"wp","href":"https:\/\/api.w.org\/{rel}","templated":true}]}}