{"id":22878,"date":"2022-11-02T09:32:53","date_gmt":"2022-11-02T09:32:53","guid":{"rendered":"http:\/\/acossolutions.es\/es\/?page_id=22878"},"modified":"2024-10-08T09:07:13","modified_gmt":"2024-10-08T09:07:13","slug":"mariajose-lopez-2","status":"publish","type":"page","link":"https:\/\/acossolutions.es\/es\/equipo\/paula-miralles\/","title":{"rendered":"Paula Miralles"},"content":{"rendered":"<p>[vc_row row_type=\u00bbrow\u00bb use_row_as_full_screen_section=\u00bbno\u00bb type=\u00bbgrid\u00bb text_align=\u00bbleft\u00bb background_color=\u00bb#e9eae7&#8243; padding_top=\u00bb0&#8243; css_animation=\u00bbelement_from_bottom\u00bb][vc_column][vc_column_text]<\/p>\n<h2>Paula Miralles<\/h2>\n<p>[\/vc_column_text][vc_separator type=\u00bbtransparent\u00bb border_style=\u00bb\u00bb up=\u00bb20&#8243; down=\u00bb0&#8243;][\/vc_column][\/vc_row][vc_row row_type=\u00bbrow\u00bb use_row_as_full_screen_section=\u00bbno\u00bb type=\u00bbfull_width\u00bb text_align=\u00bbleft\u00bb css_animation=\u00bbelement_from_bottom\u00bb el_class=\u00bbjustificar\u00bb][vc_column width=\u00bb1\/3&#8243;][vc_single_image image=\u00bb23053&#8243; img_size=\u00bb\u00bb qode_css_animation=\u00bb\u00bb][vc_empty_space][vc_column_text]<\/p>\n<h5>Asesora Contable-Financiero<\/h5>\n<p>[\/vc_column_text][vc_empty_space height=\u00bb10px\u00bb][vc_empty_space][\/vc_column][vc_column width=\u00bb2\/3&#8243;][vc_column_text][\/vc_column_text][vc_empty_space height=\u00bb25px\u00bb][vc_row_inner row_type=\u00bbrow\u00bb type=\u00bbfull_width\u00bb use_row_as_full_screen_section_slide=\u00bbno\u00bb text_align=\u00bbleft\u00bb css_animation=\u00bbelement_from_bottom\u00bb][vc_column_inner][vc_column_text]<strong>Formaci\u00f3n<\/strong><\/p>\n<p>Grado en Administraci\u00f3n y direcci\u00f3n de empresas.<\/p>\n<p><strong>\u00a0<\/strong><\/p>\n<p><strong>Experiencia<\/strong><\/p>\n<p>Realiz\u00f3 sus pr\u00e1cticas curriculares en ACOS en el departamento de contabilidad. Al finalizarlas ha pasado a formar parte de nuestro equipo. Su trayectoria profesional ha estado vinculada al \u00e1mbito de la contabilidad, con experiencia acumulada en anteriores trabajos.<\/p>\n<p>&nbsp;<\/p>\n<p>Sus idiomas de trabajo son espa\u00f1ol e ingl\u00e9s.[\/vc_column_text][vc_empty_space height=\u00bb15px\u00bb]<div class='latest_post_holder boxes three_columns one_row'><ul><\/ul><\/div>[vc_empty_space height=\u00bb10px\u00bb][\/vc_column_inner][\/vc_row_inner][\/vc_column][\/vc_row]<\/p>\n","protected":false},"excerpt":{"rendered":"<p>[vc_row row_type=\u00bbrow\u00bb use_row_as_full_screen_section=\u00bbno\u00bb type=\u00bbgrid\u00bb text_align=\u00bbleft\u00bb background_color=\u00bb#e9eae7&#8243; padding_top=\u00bb0&#8243; css_animation=\u00bbelement_from_bottom\u00bb][vc_column][vc_column_text] Paula Miralles [\/vc_column_text][vc_separator type=\u00bbtransparent\u00bb border_style=\u00bb\u00bb up=\u00bb20&#8243; down=\u00bb0&#8243;][\/vc_column][\/vc_row][vc_row row_type=\u00bbrow\u00bb use_row_as_full_screen_section=\u00bbno\u00bb type=\u00bbfull_width\u00bb text_align=\u00bbleft\u00bb css_animation=\u00bbelement_from_bottom\u00bb el_class=\u00bbjustificar\u00bb][vc_column width=\u00bb1\/3&#8243;][vc_single_image image=\u00bb23053&#8243; img_size=\u00bb\u00bb qode_css_animation=\u00bb\u00bb][vc_empty_space][vc_column_text] Asesora Contable-Financiero [\/vc_column_text][vc_empty_space height=\u00bb10px\u00bb][vc_empty_space][\/vc_column][vc_column width=\u00bb2\/3&#8243;][vc_column_text][\/vc_column_text][vc_empty_space height=\u00bb25px\u00bb][vc_row_inner row_type=\u00bbrow\u00bb type=\u00bbfull_width\u00bb use_row_as_full_screen_section_slide=\u00bbno\u00bb text_align=\u00bbleft\u00bb css_animation=\u00bbelement_from_bottom\u00bb][vc_column_inner][vc_column_text]Formaci\u00f3n Grado en Administraci\u00f3n y direcci\u00f3n de empresas. \u00a0 Experiencia&#8230;<\/p>\n","protected":false},"author":1,"featured_media":0,"parent":18859,"menu_order":0,"comment_status":"open","ping_status":"open","template":"","meta":{"_mi_skip_tracking":false,"footnotes":""},"class_list":["post-22878","page","type-page","status-publish","hentry"],"_links":{"self":[{"href":"https:\/\/acossolutions.es\/es\/wp-json\/wp\/v2\/pages\/22878","targetHints":{"allow":["GET"]}}],"collection":[{"href":"https:\/\/acossolutions.es\/es\/wp-json\/wp\/v2\/pages"}],"about":[{"href":"https:\/\/acossolutions.es\/es\/wp-json\/wp\/v2\/types\/page"}],"author":[{"embeddable":true,"href":"https:\/\/acossolutions.es\/es\/wp-json\/wp\/v2\/users\/1"}],"replies":[{"embeddable":true,"href":"https:\/\/acossolutions.es\/es\/wp-json\/wp\/v2\/comments?post=22878"}],"version-history":[{"count":18,"href":"https:\/\/acossolutions.es\/es\/wp-json\/wp\/v2\/pages\/22878\/revisions"}],"predecessor-version":[{"id":23071,"href":"https:\/\/acossolutions.es\/es\/wp-json\/wp\/v2\/pages\/22878\/revisions\/23071"}],"up":[{"embeddable":true,"href":"https:\/\/acossolutions.es\/es\/wp-json\/wp\/v2\/pages\/18859"}],"wp:attachment":[{"href":"https:\/\/acossolutions.es\/es\/wp-json\/wp\/v2\/media?parent=22878"}],"curies":[{"name":"wp","href":"https:\/\/api.w.org\/{rel}","templated":true}]}}