{"id":22581,"date":"2019-04-26T10:47:25","date_gmt":"2019-04-26T10:47:25","guid":{"rendered":"http:\/\/acossolutions.es\/?page_id=22581"},"modified":"2022-11-02T15:13:12","modified_gmt":"2022-11-02T15:13:12","slug":"jonatan-sanchez","status":"publish","type":"page","link":"https:\/\/acossolutions.es\/es\/equipo\/jonatan-sanchez\/","title":{"rendered":"Jonatan S\u00e1nchez"},"content":{"rendered":"<p>[vc_row row_type=\u00bbrow\u00bb use_row_as_full_screen_section=\u00bbno\u00bb type=\u00bbgrid\u00bb text_align=\u00bbleft\u00bb background_color=\u00bb#e9eae7&#8243; padding_top=\u00bb0&#8243; css_animation=\u00bbelement_from_bottom\u00bb][vc_column][vc_column_text]<\/p>\n<h2>Jonatan S\u00e1nchez<\/h2>\n<p>[\/vc_column_text][vc_separator type=\u00bbtransparent\u00bb border_style=\u00bb\u00bb up=\u00bb20&#8243; down=\u00bb0&#8243;][\/vc_column][\/vc_row][vc_row row_type=\u00bbrow\u00bb use_row_as_full_screen_section=\u00bbno\u00bb type=\u00bbfull_width\u00bb text_align=\u00bbleft\u00bb css_animation=\u00bbelement_from_bottom\u00bb el_class=\u00bbjustificar\u00bb][vc_column width=\u00bb1\/3&#8243;][vc_single_image image=\u00bb22576&#8243; img_size=\u00bb\u00bb qode_css_animation=\u00bb\u00bb][vc_empty_space][vc_column_text]<\/p>\n<h5>Asesor Contable-Financiero<\/h5>\n<p><a href=\"mailto:jsanchez@acossolutions.es\">jsanchez@acossolutions.es<\/a>[\/vc_column_text][vc_empty_space height=\u00bb10px\u00bb]<span class='q_social_icon_holder with_link normal_social' ><a href='https:\/\/www.linkedin.com\/in\/jonatan-s%C3%A1nchez-rubio-81173391\/' target='_blank'><i class='social_icon fa fa-linkedin tiny simple_social' style=''><\/i><\/a><\/span>[vc_empty_space][\/vc_column][vc_column width=\u00bb2\/3&#8243;][vc_column_text]<strong>Formaci\u00f3n<\/strong><\/p>\n<p>Grado en Administraci\u00f3n y Direcci\u00f3n de Empresas por la Universidad Rey Juan Carlos.<\/p>\n<p>&nbsp;<\/p>\n<p><strong>Experiencia<\/strong><\/p>\n<p>En el a\u00f1o 2019 pas\u00f3 a formar parte del equipo ACOS Accounting Solutions, donde presta sus conocimientos y experiencia en el \u00e1mbito de la contabilidad, acumulados en anteriores trabajos desde 2012.[\/vc_column_text][vc_empty_space height=\u00bb25px\u00bb][vc_row_inner row_type=\u00bbrow\u00bb type=\u00bbfull_width\u00bb use_row_as_full_screen_section_slide=\u00bbno\u00bb text_align=\u00bbleft\u00bb css_animation=\u00bbelement_from_bottom\u00bb][vc_column_inner][vc_column_text]<\/p>\n<h6><\/h6>\n<p>[\/vc_column_text][vc_empty_space height=\u00bb15px\u00bb]<div class='latest_post_holder boxes three_columns one_row'><ul><\/ul><\/div>[vc_empty_space height=\u00bb10px\u00bb][\/vc_column_inner][\/vc_row_inner][\/vc_column][\/vc_row]<\/p>\n","protected":false},"excerpt":{"rendered":"<p>[vc_row row_type=\u00bbrow\u00bb use_row_as_full_screen_section=\u00bbno\u00bb type=\u00bbgrid\u00bb text_align=\u00bbleft\u00bb background_color=\u00bb#e9eae7&#8243; padding_top=\u00bb0&#8243; css_animation=\u00bbelement_from_bottom\u00bb][vc_column][vc_column_text] Jonatan S\u00e1nchez [\/vc_column_text][vc_separator type=\u00bbtransparent\u00bb border_style=\u00bb\u00bb up=\u00bb20&#8243; down=\u00bb0&#8243;][\/vc_column][\/vc_row][vc_row row_type=\u00bbrow\u00bb use_row_as_full_screen_section=\u00bbno\u00bb type=\u00bbfull_width\u00bb text_align=\u00bbleft\u00bb css_animation=\u00bbelement_from_bottom\u00bb el_class=\u00bbjustificar\u00bb][vc_column width=\u00bb1\/3&#8243;][vc_single_image image=\u00bb22576&#8243; img_size=\u00bb\u00bb qode_css_animation=\u00bb\u00bb][vc_empty_space][vc_column_text] Asesor Contable-Financiero jsanchez@acossolutions.es[\/vc_column_text][vc_empty_space height=\u00bb10px\u00bb][vc_empty_space][\/vc_column][vc_column width=\u00bb2\/3&#8243;][vc_column_text]Formaci\u00f3n Grado en Administraci\u00f3n y Direcci\u00f3n de Empresas por la Universidad Rey Juan Carlos. &nbsp; Experiencia&#8230;<\/p>\n","protected":false},"author":1,"featured_media":0,"parent":18859,"menu_order":0,"comment_status":"open","ping_status":"open","template":"","meta":{"_mi_skip_tracking":false,"footnotes":""},"class_list":["post-22581","page","type-page","status-publish","hentry"],"_links":{"self":[{"href":"https:\/\/acossolutions.es\/es\/wp-json\/wp\/v2\/pages\/22581","targetHints":{"allow":["GET"]}}],"collection":[{"href":"https:\/\/acossolutions.es\/es\/wp-json\/wp\/v2\/pages"}],"about":[{"href":"https:\/\/acossolutions.es\/es\/wp-json\/wp\/v2\/types\/page"}],"author":[{"embeddable":true,"href":"https:\/\/acossolutions.es\/es\/wp-json\/wp\/v2\/users\/1"}],"replies":[{"embeddable":true,"href":"https:\/\/acossolutions.es\/es\/wp-json\/wp\/v2\/comments?post=22581"}],"version-history":[{"count":11,"href":"https:\/\/acossolutions.es\/es\/wp-json\/wp\/v2\/pages\/22581\/revisions"}],"predecessor-version":[{"id":22926,"href":"https:\/\/acossolutions.es\/es\/wp-json\/wp\/v2\/pages\/22581\/revisions\/22926"}],"up":[{"embeddable":true,"href":"https:\/\/acossolutions.es\/es\/wp-json\/wp\/v2\/pages\/18859"}],"wp:attachment":[{"href":"https:\/\/acossolutions.es\/es\/wp-json\/wp\/v2\/media?parent=22581"}],"curies":[{"name":"wp","href":"https:\/\/api.w.org\/{rel}","templated":true}]}}