{"id":22504,"date":"2018-06-12T16:34:24","date_gmt":"2018-06-12T16:34:24","guid":{"rendered":"http:\/\/acossolutions.es\/?page_id=22504"},"modified":"2018-06-15T13:03:09","modified_gmt":"2018-06-15T13:03:09","slug":"politica-de-cookies","status":"publish","type":"page","link":"https:\/\/acossolutions.es\/es\/politica-de-cookies\/","title":{"rendered":"Pol\u00edtica de Cookies"},"content":{"rendered":"<p>[vc_row row_type=\u00bbrow\u00bb use_row_as_full_screen_section=\u00bbno\u00bb type=\u00bbfull_width\u00bb text_align=\u00bbleft\u00bb background_color=\u00bb#e9eae7&#8243; padding_top=\u00bb100&#8243; padding_bottom=\u00bb30&#8243; css_animation=\u00bbelement_from_bottom\u00bb][vc_column][vc_row_inner row_type=\u00bbrow\u00bb type=\u00bbgrid\u00bb use_row_as_full_screen_section_slide=\u00bbno\u00bb text_align=\u00bbcenter\u00bb css_animation=\u00bb\u00bb][vc_column_inner][vc_column_text]<\/p>\n<h2>Pol\u00edtica de cookies<\/h2>\n<p>[\/vc_column_text][\/vc_column_inner][\/vc_row_inner][\/vc_column][\/vc_row][vc_row row_type=\u00bbrow\u00bb use_row_as_full_screen_section=\u00bbno\u00bb type=\u00bbgrid\u00bb text_align=\u00bbleft\u00bb background_color=\u00bb#e9eae7&#8243; padding_top=\u00bb30&#8243; padding_bottom=\u00bb20&#8243; css_animation=\u00bbelement_from_bottom\u00bb][vc_column][vc_row_inner row_type=\u00bbrow\u00bb type=\u00bbfull_width\u00bb use_row_as_full_screen_section_slide=\u00bbno\u00bb text_align=\u00bbleft\u00bb css_animation=\u00bb\u00bb el_class=\u00bbjustificar\u00bb][vc_column_inner][vc_column_text]ACOS ACCOUNTING SOLUTIONS S.L.U. (en adelante, \u201cACOS\u201d) informa a trav\u00e9s de la presente Pol\u00edtica de Cookies acerca de la utilizaci\u00f3n de dispositivos de almacenamiento y recuperaci\u00f3n de datos en equipos terminales de los Usuarios.<\/p>\n<p>&nbsp;<\/p>\n<p><strong>1.- \u00bfQu\u00e9 son las cookies?<\/strong><\/p>\n<p>&nbsp;<\/p>\n<p>Las cookies son archivos o ficheros que se descargan en el ordenador\/smartphone\/tablet del Usuario al acceder a determinadas p\u00e1ginas web y aplicaciones que permiten almacenar preferencias de la navegaci\u00f3n del Usuario, haciendo que la interacci\u00f3n entre el Usuario y el Sitio Web sea m\u00e1s r\u00e1pida y f\u00e1cil.<\/p>\n<p>&nbsp;<\/p>\n<p>La informaci\u00f3n recogida por las cookies es an\u00f3nima y no contiene ninguna informaci\u00f3n sensible ya que no recogen datos que puedan identificar personalmente al Usuario. En cualquier caso, el Usuario podr\u00e1 acceder a la configuraci\u00f3n de su navegador para modificar y\/o bloquear la instalaci\u00f3n de las Cookies enviadas desde el Sitio Web, sin que ello impida al acceso a los contenidos.<\/p>\n<p>&nbsp;<\/p>\n<p><strong>2.- \u00bfPara qu\u00e9 utiliza mmmm las cookies?<\/strong><\/p>\n<p>&nbsp;<\/p>\n<p>El presente Sitio Web utiliza cookies u otros dispositivos de almacenamiento y recuperaci\u00f3n de informaci\u00f3n para realizar un seguimiento de las interacciones de los Usuarios con los servicios ofrecidos en el Sitio Web.<\/p>\n<p>&nbsp;<\/p>\n<p>Las\u00a0cookies\u00a0permiten reconocer el navegador de un Usuario, as\u00ed como el tipo de dispositivo desde el que se accede al Sitio Web, y se utilizan para facilitar la pr\u00f3xima visita del Usuario y hacer que el Sitio Web resulte m\u00e1s \u00fatil.<\/p>\n<p>&nbsp;<\/p>\n<p>Por ejemplo, mmmm utiliza las cookies para asegurar que el Sitio Web funcione correctamente y conocer su experiencia de navegaci\u00f3n, entre otras.<\/p>\n<p>&nbsp;<\/p>\n<p>En definitiva, el uso de las cookies permite a mmmm optimizar la navegaci\u00f3n del Usuario, adaptando la informaci\u00f3n y los servicios ofrecidos a sus intereses y preferencias.[\/vc_column_text][vc_empty_space][\/vc_column_inner][\/vc_row_inner][vc_row_inner row_type=\u00bbrow\u00bb type=\u00bbfull_width\u00bb use_row_as_full_screen_section_slide=\u00bbno\u00bb text_align=\u00bbleft\u00bb css_animation=\u00bb\u00bb el_class=\u00bbjustificar\u00bb][vc_column_inner][vc_column_text]<strong>3.- Tipos de cookies utilizadas en el Sitio Web<\/strong><\/p>\n<p>&nbsp;<\/p>\n<p>El Sitio Web utiliza los siguientes tipos de cookies:<\/p>\n<p>&nbsp;<\/p>\n<ul>\n<li>Cookies Propias: Estas cookies permiten que el Sitio Web funcione correctamente por lo que son esenciales para que el Usuario pueda usar todas las opciones del Sitio Web y pueda navegar y utilizar las funciones de la misma con normalidad.<\/li>\n<\/ul>\n<p>&nbsp;<\/p>\n<ul>\n<li>Cookies de Terceros: Son aqu\u00e9llas que se env\u00edan al equipo terminal del Usuario desde un equipo o dominio que no es gestionado por mmmm sino por otra entidad que trata los datos obtenidos a trav\u00e9s de las cookies.<\/li>\n<\/ul>\n<p>&nbsp;<\/p>\n<p>&nbsp;<\/p>\n<ul>\n<li>Cookies anal\u00edticas: Estas cookies recopilan informaci\u00f3n an\u00f3nima de manera est\u00e1ndar sobre la navegaci\u00f3n del Usuario y sus patrones de comportamiento.<\/li>\n<\/ul>\n<p>&nbsp;<\/p>\n<table style=\"height: 573px;\" width=\"1187\">\n<tbody>\n<tr>\n<td width=\"57\">Empresa<\/td>\n<td width=\"71\">Nombre de la Cookie<\/td>\n<td width=\"114\">Finalidad de la Cookie<\/td>\n<td width=\"77\">Duraci\u00f3n de la cookie<\/td>\n<td width=\"102\">\u00a0M\u00e1s informaci\u00f3n<\/td>\n<\/tr>\n<tr>\n<td rowspan=\"3\" width=\"57\">&nbsp;<\/p>\n<p>&nbsp;<\/p>\n<p>&nbsp;<\/p>\n<p>Google<\/td>\n<td width=\"71\">&nbsp;<\/p>\n<p>__utma<\/td>\n<td width=\"114\">Necesaria para el funcionamiento de Google Analytics<\/td>\n<td width=\"77\">&nbsp;<\/p>\n<p>2 a\u00f1os<\/td>\n<td rowspan=\"3\" width=\"102\">&nbsp;<\/p>\n<p>&nbsp;<\/p>\n<p>&nbsp;<\/p>\n<p>&nbsp;<\/p>\n<p><a href=\"https:\/\/developers.google.com\/analytics\/devguides\/collection\/analyticsjs\/cookie-usage?hl=es\">Google Analytics \u2013 Uso de cookies<\/a><\/td>\n<\/tr>\n<tr>\n<td width=\"71\">&nbsp;<\/p>\n<p>__utmz<\/td>\n<td width=\"114\">Es utilizada para realizar la ubicaci\u00f3n de la visita<\/td>\n<td width=\"77\">\u00a0\u00a0\u00a0\u00a0 6 meses<\/td>\n<\/tr>\n<tr>\n<td width=\"71\">&nbsp;<\/p>\n<p>__utmb<\/td>\n<td width=\"114\">&nbsp;<\/p>\n<p>Registra la llegada al sitio web<\/td>\n<td width=\"77\">30 minutos desde el \u00faltimo registro de la p\u00e1gina vista<\/td>\n<\/tr>\n<tr>\n<td width=\"57\"><\/td>\n<td width=\"71\"><\/td>\n<td width=\"114\"><\/td>\n<td width=\"77\"><\/td>\n<td width=\"102\"><\/td>\n<\/tr>\n<\/tbody>\n<\/table>\n<p>Permiten realizar el seguimiento y an\u00e1lisis del comportamiento de los Usuarios en el Sitio Web. La informaci\u00f3n recogida mediante las cookies anal\u00edticas es utilizada para la elaboraci\u00f3n de perfiles de navegaci\u00f3n de los Usuarios de dicho Sitio Web, con el fin de introducir mejoras en nuestro servicio.<\/p>\n<p>Los objetivos principales que se persiguen con este tipo de cookies son:<\/p>\n<ul>\n<li>Permitir la identificaci\u00f3n an\u00f3nima de los Usuarios navegantes y por lo tanto la contabilizaci\u00f3n aproximada del n\u00famero de visitantes.<\/li>\n<li>Identificar de forma an\u00f3nima los contenidos m\u00e1s visitados<\/li>\n<li>Saber si el Usuario que est\u00e1 accediendo es nuevo o repite visita.<\/li>\n<\/ul>\n<p>[\/vc_column_text][vc_empty_space][\/vc_column_inner][\/vc_row_inner][vc_row_inner row_type=\u00bbrow\u00bb type=\u00bbfull_width\u00bb use_row_as_full_screen_section_slide=\u00bbno\u00bb text_align=\u00bbleft\u00bb css_animation=\u00bb\u00bb el_class=\u00bbjustificar\u00bb][vc_column_inner][vc_column_text]<strong>4.- \u00bfC\u00f3mo deshabilitar las cookies?<\/strong><\/p>\n<p>&nbsp;<\/p>\n<p>Todos los navegadores permiten hacer cambios para desactivar la configuraci\u00f3n de las cookies. Este es el motivo por el que la mayor\u00eda de los navegadores ofrecen la posibilidad de administrar las cookies, para obtener un control m\u00e1s preciso sobre la privacidad.<\/p>\n<p>&nbsp;<\/p>\n<p>Estos ajustes se encuentran ubicados en las \u00abopciones\u00bb o \u00abpreferencias\u00bb del men\u00fa de su navegador.<\/p>\n<p>&nbsp;<\/p>\n<p>A continuaci\u00f3n, podr\u00e1 encontrar los links de cada navegador para deshabilitar las cookies siguiendo las instrucciones:<\/p>\n<ul>\n<li><strong>Internet Explorer<\/strong> (<a href=\"https:\/\/goo.gl\/iU2wh2\">https:\/\/goo.gl\/iU2wh2<\/a> )<\/li>\n<\/ul>\n<p>&nbsp;<\/p>\n<ul>\n<li>En el men\u00fa de herramientas, seleccione \u201cOpciones de Internet\u201d.<\/li>\n<li>Haga clic en la pesta\u00f1a de privacidad.<\/li>\n<li>Podr\u00e1 configurar la privacidad con un cursor con seis posiciones que le permite controlar la cantidad de cookies que se instalar\u00e1n: Bloquear todas las cookies, Alta, Media Alto, Media (nivel por defecto), Baja y Aceptar todas las cookies.<\/li>\n<\/ul>\n<p>&nbsp;<\/p>\n<ul>\n<li><strong>Mozilla Firefox<\/strong> (<a href=\"http:\/\/goo.gl\/QXWYmv\">http:\/\/goo.gl\/QXWYmv<\/a>)<\/li>\n<\/ul>\n<p><strong>\u00a0<\/strong><\/p>\n<ul>\n<li>En la parte superior de la venta de Firefox hacer clic en el men\u00fa Herramientas.<\/li>\n<li>Seleccionar Opciones.<\/li>\n<li>Seleccionar el panel Privacidad.<\/li>\n<li>En la opci\u00f3n Firefox podr\u00e1 elegir Usar una configuraci\u00f3n personalizada par el historial de para configurar las opciones.<\/li>\n<\/ul>\n<p>&nbsp;<\/p>\n<ul>\n<li><strong>Google Chrome<\/strong> (<a href=\"http:\/\/goo.gl\/fQnkSB\">http:\/\/goo.gl\/fQnkSB<\/a>)<\/li>\n<li>Hacer clic en el men\u00fa situado en la barra de herramientas.<\/li>\n<li>Seleccionar Configuraci\u00f3n.<\/li>\n<li>Hacer clic en Mostar opciones avanzadas.<\/li>\n<li>En la selecci\u00f3n \u201cPrivacidad\u201d hacer clic en el bot\u00f3n Configuraci\u00f3n de contenido.<\/li>\n<li>En la selecci\u00f3n de Cookies, se pueden configurar las opciones.<\/li>\n<\/ul>\n<p>&nbsp;<\/p>\n<ul>\n<li><strong>Safari <\/strong>(<a href=\"https:\/\/support.apple.com\/es-es\/HT201265\">https:\/\/support.apple.com\/es-es\/HT201265<\/a>)<\/li>\n<\/ul>\n<p>&nbsp;<\/p>\n<ul>\n<li>En el men\u00fa de configuraci\u00f3n seleccione la opci\u00f3n de \u201cPreferencias\u201d.<\/li>\n<li>Abra la pesta\u00f1a de privacidad.<\/li>\n<li>Seleccione la opci\u00f3n que quiera de la secci\u00f3n de \u201cbloquear cookies\u201d.<\/li>\n<li>Recuerde que ciertas funciones y la plena funcionalidad del Sitio pueden no estar disponibles despu\u00e9s de deshabilitar las cookies.<\/li>\n<\/ul>\n<p>Si no desea ser rastreado por las cookies, Google ha desarrollado un complemento para instalar en su navegador al que puede acceder en el siguiente enlace: \u00a0<a href=\"http:\/\/goo.gl\/up4ND\">http:\/\/goo.gl\/up4ND<\/a>.<\/p>\n<p>[\/vc_column_text][vc_empty_space][\/vc_column_inner][\/vc_row_inner][vc_row_inner row_type=\u00bbrow\u00bb type=\u00bbfull_width\u00bb use_row_as_full_screen_section_slide=\u00bbno\u00bb text_align=\u00bbleft\u00bb css_animation=\u00bb\u00bb el_class=\u00bbjustificar\u00bb][vc_column_inner][vc_column_text]<strong>5.- Cookies en los dispositivos m\u00f3viles<\/strong><\/p>\n<p>&nbsp;<\/p>\n<p>mmmm tambi\u00e9n usa cookies u otros dispositivos de almacenamiento en dispositivos m\u00f3viles.<\/p>\n<p>&nbsp;<\/p>\n<p>Al igual que sucede en los navegadores de ordenadores, los navegadores de los dispositivos m\u00f3viles permiten realizar cambios en las opciones o ajustes de privacidad para desactivar o eliminar las cookies.<\/p>\n<p>&nbsp;<\/p>\n<p>Si desea modificar las opciones de privacidad siga las instrucciones especificadas por el desarrollador de su navegador para dispositivo m\u00f3vil.<\/p>\n<p>&nbsp;<\/p>\n<p>A continuaci\u00f3n, podr\u00e1 encontrar algunos ejemplos de los links que le guiar\u00e1n para modificar las opciones de privacidad en su dispositivo m\u00f3vil:<\/p>\n<ul>\n<li><strong>IOS<\/strong>: (<a href=\"http:\/\/goo.gl\/61xevS\">http:\/\/goo.gl\/61xevS<\/a>)<\/li>\n<li><strong>Windows Phone<\/strong>: (<a href=\"https:\/\/goo.gl\/tKyb0y\">https:\/\/goo.gl\/tKyb0y<\/a>)<\/li>\n<li><strong>Chrome Mobile<\/strong>: (<a href=\"http:\/\/goo.gl\/XJp7N\">http:\/\/goo.gl\/XJp7N<\/a>)<\/li>\n<li><strong>Opera Mobile<\/strong>: (<a href=\"http:\/\/goo.gl\/Nzr8s7)\">http:\/\/goo.gl\/Nzr8s7)<\/a><\/li>\n<\/ul>\n<p>&nbsp;<\/p>\n<p><strong>6.- Aceptaci\u00f3n de cookies<\/strong><\/p>\n<p>&nbsp;<\/p>\n<p>Si usted contin\u00faa su navegaci\u00f3n, entenderemos que acepta la utilizaci\u00f3n de las cookies por parte del Sitio Web.<\/p>\n<p>&nbsp;<\/p>\n<p>Le informamos que en el caso de bloquear o no aceptar la instalaci\u00f3n de cookies, es posible que ciertos servicios no est\u00e9n disponibles sin la utilizaci\u00f3n de \u00e9stas o que no pueda acceder a determinados servicios ni tampoco aprovechar por completo todo lo que este Sitio Web le ofrece.<\/p>\n<p>&nbsp;<\/p>\n<p>Para m\u00e1s informaci\u00f3n, puede consultar la <a href=\"https:\/\/www.agpd.es\/portalwebAGPD\/canaldocumentacion\/publicaciones\/common\/Guias\/Guia_Cookies.pdf\">Gu\u00eda sobre uso de Cookies<\/a> de la Agencia Espa\u00f1ola de Protecci\u00f3n de Datos.[\/vc_column_text][vc_empty_space][\/vc_column_inner][\/vc_row_inner][vc_empty_space height=\u00bb150px\u00bb][\/vc_column][\/vc_row]<\/p>\n","protected":false},"excerpt":{"rendered":"<p>[vc_row row_type=\u00bbrow\u00bb use_row_as_full_screen_section=\u00bbno\u00bb type=\u00bbfull_width\u00bb text_align=\u00bbleft\u00bb background_color=\u00bb#e9eae7&#8243; padding_top=\u00bb100&#8243; padding_bottom=\u00bb30&#8243; css_animation=\u00bbelement_from_bottom\u00bb][vc_column][vc_row_inner row_type=\u00bbrow\u00bb type=\u00bbgrid\u00bb use_row_as_full_screen_section_slide=\u00bbno\u00bb text_align=\u00bbcenter\u00bb css_animation=\u00bb\u00bb][vc_column_inner][vc_column_text] Pol\u00edtica de cookies [\/vc_column_text][\/vc_column_inner][\/vc_row_inner][\/vc_column][\/vc_row][vc_row row_type=\u00bbrow\u00bb use_row_as_full_screen_section=\u00bbno\u00bb type=\u00bbgrid\u00bb text_align=\u00bbleft\u00bb background_color=\u00bb#e9eae7&#8243; padding_top=\u00bb30&#8243; padding_bottom=\u00bb20&#8243; css_animation=\u00bbelement_from_bottom\u00bb][vc_column][vc_row_inner row_type=\u00bbrow\u00bb type=\u00bbfull_width\u00bb use_row_as_full_screen_section_slide=\u00bbno\u00bb text_align=\u00bbleft\u00bb css_animation=\u00bb\u00bb el_class=\u00bbjustificar\u00bb][vc_column_inner][vc_column_text]ACOS ACCOUNTING SOLUTIONS S.L.U. (en adelante, \u201cACOS\u201d) informa a trav\u00e9s de la presente Pol\u00edtica&#8230;<\/p>\n","protected":false},"author":1,"featured_media":0,"parent":0,"menu_order":0,"comment_status":"open","ping_status":"open","template":"full_width.php","meta":{"_mi_skip_tracking":false,"footnotes":""},"class_list":["post-22504","page","type-page","status-publish","hentry"],"_links":{"self":[{"href":"https:\/\/acossolutions.es\/es\/wp-json\/wp\/v2\/pages\/22504","targetHints":{"allow":["GET"]}}],"collection":[{"href":"https:\/\/acossolutions.es\/es\/wp-json\/wp\/v2\/pages"}],"about":[{"href":"https:\/\/acossolutions.es\/es\/wp-json\/wp\/v2\/types\/page"}],"author":[{"embeddable":true,"href":"https:\/\/acossolutions.es\/es\/wp-json\/wp\/v2\/users\/1"}],"replies":[{"embeddable":true,"href":"https:\/\/acossolutions.es\/es\/wp-json\/wp\/v2\/comments?post=22504"}],"version-history":[{"count":12,"href":"https:\/\/acossolutions.es\/es\/wp-json\/wp\/v2\/pages\/22504\/revisions"}],"predecessor-version":[{"id":22538,"href":"https:\/\/acossolutions.es\/es\/wp-json\/wp\/v2\/pages\/22504\/revisions\/22538"}],"wp:attachment":[{"href":"https:\/\/acossolutions.es\/es\/wp-json\/wp\/v2\/media?parent=22504"}],"curies":[{"name":"wp","href":"https:\/\/api.w.org\/{rel}","templated":true}]}}