{"id":22503,"date":"2018-06-12T16:24:54","date_gmt":"2018-06-12T16:24:54","guid":{"rendered":"http:\/\/acossolutions.es\/?page_id=22503"},"modified":"2025-10-21T09:56:17","modified_gmt":"2025-10-21T09:56:17","slug":"politica-de-privacidad","status":"publish","type":"page","link":"https:\/\/acossolutions.es\/es\/politica-de-privacidad\/","title":{"rendered":"Pol\u00edtica de privacidad"},"content":{"rendered":"<p>[vc_row row_type=\u00bbrow\u00bb use_row_as_full_screen_section=\u00bbno\u00bb type=\u00bbfull_width\u00bb text_align=\u00bbleft\u00bb background_color=\u00bb#e9eae7&#8243; padding_top=\u00bb100&#8243; padding_bottom=\u00bb30&#8243; css_animation=\u00bbelement_from_bottom\u00bb][vc_column][vc_row_inner row_type=\u00bbrow\u00bb type=\u00bbgrid\u00bb use_row_as_full_screen_section_slide=\u00bbno\u00bb text_align=\u00bbcenter\u00bb css_animation=\u00bb\u00bb][vc_column_inner][vc_column_text]<\/p>\n<h2>POL\u00cdTICA DE PRIVACIDAD DE ACOS ACCOUNTING SOLUTIONS S.L.U.<\/h2>\n<p>[\/vc_column_text][\/vc_column_inner][\/vc_row_inner][\/vc_column][\/vc_row][vc_row row_type=\u00bbrow\u00bb use_row_as_full_screen_section=\u00bbno\u00bb type=\u00bbgrid\u00bb text_align=\u00bbleft\u00bb background_color=\u00bb#e9eae7&#8243; padding_top=\u00bb30&#8243; padding_bottom=\u00bb20&#8243; css_animation=\u00bbelement_from_bottom\u00bb][vc_column][vc_row_inner row_type=\u00bbrow\u00bb type=\u00bbfull_width\u00bb use_row_as_full_screen_section_slide=\u00bbno\u00bb text_align=\u00bbleft\u00bb css_animation=\u00bb\u00bb el_class=\u00bbjustificar\u00bb][vc_column_inner][vc_column_text]<strong>1.- \u00bfQui\u00e9n es el responsable del tratamiento de sus datos?<\/strong><\/p>\n<p>El responsable del tratamiento de sus datos personales es ACOS ACCOUNTING SOLUTIONS S.L.U. (en adelante, \u201cACOS\u201d), con N.I.F. B-65833022, y domicilio social en Agust\u00edn de Fox\u00e1, 4, 28036 Madrid.<\/p>\n<p>Le informamos que la titularidad del dominio de nuestra web <a href=\"http:\/\/www.acossolutions.es\">www.acossolutions.es<\/a> (en adelante el \u201cSitio Web\u201d), es de ACOS.<\/p>\n<p>El acceso y\/o uso al Sitio Web le atribuye la condici\u00f3n de Usuario (en adelante, el \u00abUsuario\u00bb), e implica la aceptaci\u00f3n, desde dicho acceso y\/o uso, de la presente Pol\u00edtica de Privacidad.<\/p>\n<p>El Usuario podr\u00e1 contactar con ACOS en la siguiente direcci\u00f3n de correo electr\u00f3nico: <a href=\"mailto:acos@acossulutions.es\">acos@acossulutions.es<\/a><\/p>\n<p>&nbsp;<\/p>\n<p><strong>2.- \u00bfPor qu\u00e9 ACOS est\u00e1 legitimado para llevar a cabo el tratamiento de datos?<\/strong><\/p>\n<p>ACOS est\u00e1 legitimado para tratar sus datos para poder llevar a cabo la prestaci\u00f3n de sus servicios.<\/p>\n<p>ACOS se toma muy en serio la protecci\u00f3n de su privacidad y de sus datos personales. Por lo tanto, su informaci\u00f3n personal se conserva de forma segura y se trata con el m\u00e1ximo cuidado.<\/p>\n<p>La presente Pol\u00edtica de Privacidad regula el acceso y el uso al servicio (en adelante, el \u201cServicio\u201d) que ACOS pone a disposici\u00f3n del Usuario interesado en los servicios y contenidos alojados en el Sitio Web.[\/vc_column_text][vc_empty_space][\/vc_column_inner][\/vc_row_inner][vc_row_inner row_type=\u00bbrow\u00bb type=\u00bbfull_width\u00bb use_row_as_full_screen_section_slide=\u00bbno\u00bb text_align=\u00bbleft\u00bb css_animation=\u00bb\u00bb el_class=\u00bbjustificar\u00bb][vc_column_inner][vc_column_text]<strong>3.- \u00bfCu\u00e1les son<\/strong><strong> las<\/strong> <strong>finalidades del tratamiento de sus datos de car<\/strong><strong>\u00e1cter personal<\/strong><strong> por parte de ACOS?<\/strong><\/p>\n<p><u>3.a Tratamiento de datos de car\u00e1cter personal por parte de ACOS<\/u><\/p>\n<p>Sus datos de car\u00e1cter personal recabados por ACOS podr\u00e1n ser utilizados para las siguientes finalidades:<\/p>\n<p>&nbsp;<\/p>\n<ul>\n<li>La prestaci\u00f3n de los servicios ofrecidos a trav\u00e9s del Sitio<\/li>\n<li>El env\u00edo de comunicaciones comerciales perfiladas de ACOS sobre sus servicios mediante carta, tel\u00e9fono, correo electr\u00f3nico, SMS\/MMS, o por otros medios de comunicaci\u00f3n electr\u00f3nica equivalentes.<\/li>\n<\/ul>\n<p>&nbsp;<\/p>\n<p><strong>4.- Veracidad de los datos facilitados por los Usuarios<\/strong><\/p>\n<p>El Usuario garantiza que los datos personales facilitados son veraces y se hace responsable de comunicar a ACOS cualquier modificaci\u00f3n de los mismos. El Usuario responder\u00e1, en cualquier caso, de la veracidad de los datos facilitados, reserv\u00e1ndose ACOS el derecho a excluir de los Servicios registrados a todo Usuario que haya facilitado datos falsos, sin perjuicio del resto de acciones que procedan en Derecho.[\/vc_column_text][vc_empty_space][\/vc_column_inner][\/vc_row_inner][vc_row_inner row_type=\u00bbrow\u00bb type=\u00bbfull_width\u00bb use_row_as_full_screen_section_slide=\u00bbno\u00bb text_align=\u00bbleft\u00bb css_animation=\u00bb\u00bb el_class=\u00bbjustificar\u00bb][vc_column_inner][vc_column_text]<strong>5.-Conservaci<\/strong><strong>\u00f3n de los datos<\/strong><\/p>\n<p>Los datos personales proporcionados se conservar\u00e1n por parte de ACOS mientras el Usuario no manifieste su voluntad de darse de baja de los servicios de ACOS, y ello con la finalidad de recibir informaci\u00f3n sobre servicios de la empresa.<\/p>\n<p>&nbsp;<\/p>\n<p><strong>6.- Derechos del Usuario en relaci<\/strong><strong>\u00f3n con sus<\/strong><strong> datos<\/strong><\/p>\n<p>El Usuario tiene derecho a (i) acceder a sus datos personales, as\u00ed como a (ii) solicitar la rectificaci\u00f3n de los datos inexactos o, en su caso, solicitar su (iii) supresi\u00f3n, (iv) solicitar la limitaci\u00f3n del tratamiento de sus datos, (v) oponerse al tratamiento de sus datos y (vi) solicitar su portabilidad. Adem\u00e1s, el Usuario podr\u00e1 ejercer su (vii) derecho al olvido.<\/p>\n<p>El Usuario puede ejercer todos estos derechos en la siguiente direcci\u00f3n de email, <a href=\"mailto:acos@acossolutions.es\">acos@acossolutions.es<\/a>, indicando el motivo de su petici\u00f3n y aportando una copia de su D.N.I.<\/p>\n<p>El Usuario puede tambi\u00e9n enviar su petici\u00f3n por correo ordinario a la siguiente direcci\u00f3n:<\/p>\n<h2>ACOS ACCOUNTING SOLUTIONS S.L.U.<\/h2>\n<h2>Agust\u00edn de Fox\u00e1, 28036, Madrid.<\/h2>\n<p>Sin perjuicio de cualquier otro recurso administrativo o acci\u00f3n judicial, el Usuario tendr\u00e1 derecho a presentar una reclamaci\u00f3n ante una Autoridad de Control, en particular en el Estado miembro en el que tenga su residencia habitual, lugar de trabajo o lugar de la supuesta infracci\u00f3n, en caso de que considere que el tratamiento de sus datos personales no es adecuado a la normativa, as\u00ed como en el caso de no ver satisfecho el ejercicio de sus derechos. La autoridad de control ante la que se haya presentado la reclamaci\u00f3n informar\u00e1 al reclamante sobre el curso y el resultado de la reclamaci\u00f3n.[\/vc_column_text][vc_empty_space][\/vc_column_inner][\/vc_row_inner][vc_row_inner row_type=\u00bbrow\u00bb type=\u00bbfull_width\u00bb use_row_as_full_screen_section_slide=\u00bbno\u00bb text_align=\u00bbleft\u00bb css_animation=\u00bb\u00bb el_class=\u00bbjustificar\u00bb][vc_column_inner][vc_column_text]<strong>7.- Seguridad de los datos<\/strong><\/p>\n<p>La protecci\u00f3n de la privacidad y los datos personales de los Usuarios es muy importante para ACOS. Por lo tanto, ACOS hace todo lo que est\u00e1 en su mano para impedir que sus datos se utilicen de forma inadecuada, permitiendo el acceso a los mismos \u00fanicamente a personal autorizado.<\/p>\n<p>ACOS mantiene los niveles de seguridad de protecci\u00f3n de datos personales conforme a la normativa aplicable y ha establecido todos los medios t\u00e9cnicos a su alcance para evitar la p\u00e9rdida, mal uso, alteraci\u00f3n, acceso no autorizado y robo de los datos que el Usuario facilite a trav\u00e9s del Sitio Web, sin perjuicio de informarle que las medidas de seguridad en Internet no son inexpugnables.<\/p>\n<p>ACOS se compromete a cumplir con el deber de secreto y confidencialidad respecto de los datos personales de acuerdo con la legislaci\u00f3n aplicable, as\u00ed como a conferirles un tratamiento seguro en las cesiones y transferencias internacionales de datos que, en su caso, puedan producirse.<\/p>\n<p>En aquellos servicios de la web que precisen registrarse como Usuario, se deber\u00e1 elegir una contrase\u00f1a. El Usuario es el responsable de mantener la confidencialidad de esta contrase\u00f1a, as\u00ed como de todas las actividades que ocurran en la sesi\u00f3n iniciada con su nombre y contrase\u00f1a. El Usuario se compromete a notificar a ACOS a la mayor brevedad el uso no autorizado de su nombre de Usuario y\/o contrase\u00f1a o cualquier otro fallo en la seguridad. ACOS no ser\u00e1 responsable por los da\u00f1os o p\u00e9rdidas que se pudieran originar debido al no cumplimiento de esta obligaci\u00f3n por parte del Usuario.<\/p>\n<p>&nbsp;<\/p>\n<p><strong>8.-Cambios<\/strong><\/p>\n<p>ACOS se reserva el derecho de revisar su Pol\u00edtica de Privacidad en el momento que considere oportuno. Por esta raz\u00f3n, le rogamos que compruebe de forma regular esta Pol\u00edtica de Privacidad para leer la versi\u00f3n m\u00e1s reciente de la misma. \u00a0No obstante, cualquier cambio que se produzca en la presente Pol\u00edtica de Privacidad se comunicar\u00e1 al Usuario.[\/vc_column_text][vc_empty_space][\/vc_column_inner][\/vc_row_inner][vc_row_inner row_type=\u00bbrow\u00bb type=\u00bbfull_width\u00bb use_row_as_full_screen_section_slide=\u00bbno\u00bb text_align=\u00bbleft\u00bb css_animation=\u00bb\u00bb el_class=\u00bbjustificar\u00bb][vc_column_inner][vc_column_text]<strong>9.- Links a p\u00e1ginas web<\/strong><\/p>\n<p>El Sitio Web de ACOS podr\u00eda contener links a p\u00e1ginas web de compa\u00f1\u00edas y entidades de terceros.<\/p>\n<p>ACOS no puede hacerse responsable de la forma en la que estas compa\u00f1\u00edas tratan la protecci\u00f3n de la privacidad y de los datos personales, por lo que le aconsejamos que lea detenidamente las declaraciones de Pol\u00edtica de Privacidad de estas p\u00e1ginas web que no son propiedad de ACOS con relaci\u00f3n al uso, procesamiento y protecci\u00f3n de datos personales. Las condiciones que ofrecen estas p\u00e1ginas web pueden no ser las mismas que las que ofrece ACOS.<\/p>\n<p>&nbsp;<\/p>\n<p><strong>10.- Preguntas<\/strong><\/p>\n<p>Si tienen alguna pregunta sobre esta Pol\u00edtica de Privacidad o el tratamiento de sus datos rogamos que se ponga en contacto con ACOS mediante correo electr\u00f3nico dirigido a la siguiente direcci\u00f3n electr\u00f3nica:\u00a0<a href=\"mailto:acos@acossolutions.es\"><strong>acos@acossolutions.es<\/strong><\/a><\/p>\n<p>&nbsp;<\/p>\n<p><strong>11.- Aceptaci\u00f3n y Consentimiento<\/strong><\/p>\n<p>El Usuario declara haber sido informado de las condiciones sobre protecci\u00f3n de datos personales, aceptando y consintiendo el tratamiento de los mismos por parte de ACOS, en la forma y para las finalidades indicadas en la presente Pol\u00edtica de Privacidad.[\/vc_column_text][\/vc_column_inner][\/vc_row_inner][vc_empty_space height=\u00bb150px\u00bb][\/vc_column][\/vc_row]<\/p>\n","protected":false},"excerpt":{"rendered":"<p>[vc_row row_type=\u00bbrow\u00bb use_row_as_full_screen_section=\u00bbno\u00bb type=\u00bbfull_width\u00bb text_align=\u00bbleft\u00bb background_color=\u00bb#e9eae7&#8243; padding_top=\u00bb100&#8243; padding_bottom=\u00bb30&#8243; css_animation=\u00bbelement_from_bottom\u00bb][vc_column][vc_row_inner row_type=\u00bbrow\u00bb type=\u00bbgrid\u00bb use_row_as_full_screen_section_slide=\u00bbno\u00bb text_align=\u00bbcenter\u00bb css_animation=\u00bb\u00bb][vc_column_inner][vc_column_text] POL\u00cdTICA DE PRIVACIDAD DE ACOS ACCOUNTING SOLUTIONS S.L.U. [\/vc_column_text][\/vc_column_inner][\/vc_row_inner][\/vc_column][\/vc_row][vc_row row_type=\u00bbrow\u00bb use_row_as_full_screen_section=\u00bbno\u00bb type=\u00bbgrid\u00bb text_align=\u00bbleft\u00bb background_color=\u00bb#e9eae7&#8243; padding_top=\u00bb30&#8243; padding_bottom=\u00bb20&#8243; css_animation=\u00bbelement_from_bottom\u00bb][vc_column][vc_row_inner row_type=\u00bbrow\u00bb type=\u00bbfull_width\u00bb use_row_as_full_screen_section_slide=\u00bbno\u00bb text_align=\u00bbleft\u00bb css_animation=\u00bb\u00bb el_class=\u00bbjustificar\u00bb][vc_column_inner][vc_column_text]1.- \u00bfQui\u00e9n es el responsable del tratamiento de sus&#8230;<\/p>\n","protected":false},"author":1,"featured_media":0,"parent":0,"menu_order":0,"comment_status":"open","ping_status":"open","template":"full_width.php","meta":{"_mi_skip_tracking":false,"footnotes":""},"class_list":["post-22503","page","type-page","status-publish","hentry"],"_links":{"self":[{"href":"https:\/\/acossolutions.es\/es\/wp-json\/wp\/v2\/pages\/22503","targetHints":{"allow":["GET"]}}],"collection":[{"href":"https:\/\/acossolutions.es\/es\/wp-json\/wp\/v2\/pages"}],"about":[{"href":"https:\/\/acossolutions.es\/es\/wp-json\/wp\/v2\/types\/page"}],"author":[{"embeddable":true,"href":"https:\/\/acossolutions.es\/es\/wp-json\/wp\/v2\/users\/1"}],"replies":[{"embeddable":true,"href":"https:\/\/acossolutions.es\/es\/wp-json\/wp\/v2\/comments?post=22503"}],"version-history":[{"count":6,"href":"https:\/\/acossolutions.es\/es\/wp-json\/wp\/v2\/pages\/22503\/revisions"}],"predecessor-version":[{"id":23115,"href":"https:\/\/acossolutions.es\/es\/wp-json\/wp\/v2\/pages\/22503\/revisions\/23115"}],"wp:attachment":[{"href":"https:\/\/acossolutions.es\/es\/wp-json\/wp\/v2\/media?parent=22503"}],"curies":[{"name":"wp","href":"https:\/\/api.w.org\/{rel}","templated":true}]}}