{"id":22282,"date":"2017-07-24T09:55:25","date_gmt":"2017-07-24T09:55:25","guid":{"rendered":"http:\/\/acossolutions.es\/?page_id=22282"},"modified":"2025-10-21T09:50:12","modified_gmt":"2025-10-21T09:50:12","slug":"aviso-legal","status":"publish","type":"page","link":"https:\/\/acossolutions.es\/es\/aviso-legal\/","title":{"rendered":"Aviso Legal"},"content":{"rendered":"<p>[vc_row row_type=\u00bbrow\u00bb use_row_as_full_screen_section=\u00bbno\u00bb type=\u00bbfull_width\u00bb text_align=\u00bbleft\u00bb background_color=\u00bb#e9eae7&#8243; padding_top=\u00bb100&#8243; padding_bottom=\u00bb30&#8243; css_animation=\u00bbelement_from_bottom\u00bb][vc_column][vc_row_inner row_type=\u00bbrow\u00bb type=\u00bbgrid\u00bb use_row_as_full_screen_section_slide=\u00bbno\u00bb text_align=\u00bbcenter\u00bb css_animation=\u00bb\u00bb][vc_column_inner][vc_column_text]<\/p>\n<h2>Aviso Legal<\/h2>\n<p>[\/vc_column_text][\/vc_column_inner][\/vc_row_inner][\/vc_column][\/vc_row][vc_row row_type=\u00bbrow\u00bb use_row_as_full_screen_section=\u00bbno\u00bb type=\u00bbgrid\u00bb text_align=\u00bbleft\u00bb background_color=\u00bb#e9eae7&#8243; padding_top=\u00bb30&#8243; padding_bottom=\u00bb20&#8243; css_animation=\u00bbelement_from_bottom\u00bb][vc_column][vc_row_inner row_type=\u00bbrow\u00bb type=\u00bbfull_width\u00bb use_row_as_full_screen_section_slide=\u00bbno\u00bb text_align=\u00bbleft\u00bb css_animation=\u00bb\u00bb el_class=\u00bbjustificar\u00bb][vc_column_inner][vc_column_text]<strong>1.- Derecho de la informaci\u00f3n<\/strong><\/p>\n<p>Le informamos de que este Sitio Web es titularidad de ACOS ACCOUNTING SOLUTIONS S.L.U. (en adelante, \u201cACOS\u201d), con N.I.F. B-65833022, y domicilio social en Agust\u00edn de Fox\u00e1, 4, 28036, Madrid, Sociedad Limitada Profesional inscrita en el Registro Mercantil de Madrid en el Tomo 36632, Folio 82, Hoja M-657172, Inscripci\u00f3n 2\u00aa.<\/p>\n<p>El acceso y\/o o uso al Sitio Web le atribuye la condici\u00f3n de usuario, y acepta, desde dicho acceso y\/o uso, el presente Aviso Legal.<\/p>\n<p>El usuario (en adelante, el \u201c<strong>Usuario<\/strong>\u201d) puede ponerse en contacto con ACOS a trav\u00e9s de la siguiente direcci\u00f3n de correo electr\u00f3nico: <a href=\"mailto:acos@acossolutions.es\">acos@acossolutions.es<\/a>, en el n\u00famero de tel\u00e9fono +34 91 319 96 86 o a trav\u00e9s de fax: +34 91 308 53 68.[\/vc_column_text][vc_empty_space][\/vc_column_inner][\/vc_row_inner][vc_row_inner row_type=\u00bbrow\u00bb type=\u00bbfull_width\u00bb use_row_as_full_screen_section_slide=\u00bbno\u00bb text_align=\u00bbleft\u00bb css_animation=\u00bb\u00bb el_class=\u00bbjustificar\u00bb][vc_column_inner][vc_column_text]<strong>2.- Uso del Sitio Web<\/strong><\/p>\n<p>El Usuario asume la responsabilidad del uso del Sitio Web. El Sitio Web puede proporcionar acceso a multitud de textos, gr\u00e1ficos, dibujos, dise\u00f1os, fotograf\u00edas, contenidos multimedia, e informaciones (en adelante, \u00ab<strong>Contenidos<\/strong>\u00ab) pertenecientes a ACOS o a terceros a los que el Usuario puede tener acceso.<\/p>\n<p>&nbsp;<\/p>\n<p>El Usuario se compromete a hacer un uso adecuado de los Contenidos y Servicios ofrecidos a trav\u00e9s del Sitio Web y con car\u00e1cter enunciativo pero no limitativo, a no emplearlos para <strong>(i)<\/strong> incurrir en actividades il\u00edcitas, ilegales o contrarias a la buena fe y al orden p\u00fablico; <strong>(ii)<\/strong> provocar da\u00f1os en los sistemas f\u00edsicos y l\u00f3gicos del Sitio Web de ACOS, de sus proveedores o de terceras personas, <strong>(iii)<\/strong> introducir o difundir en la red virus inform\u00e1ticos o cualesquiera otros sistemas f\u00edsicos o l\u00f3gicos que sean susceptibles de provocar los da\u00f1os anteriormente mencionados, <strong>(iv)<\/strong> intentar acceder, utilizar y\/o manipular los datos de ACOS terceros proveedores y otros Usuarios; <strong>(v)<\/strong> reproducir o copiar, distribuir, permitir el acceso del p\u00fablico a trav\u00e9s de cualquier modalidad de comunicaci\u00f3n p\u00fablica, transformar o modificar los Contenidos, a menos que se cuente con la autorizaci\u00f3n de ACOS; <strong>(vi)<\/strong> suprimir, ocultar o manipular los Contenidos sujetos a \u00a0derechos de propiedad intelectual o industrial y dem\u00e1s datos identificativos de dichos derechos de ACOS o de terceros incorporados a los Contenidos, as\u00ed como los dispositivos t\u00e9cnicos de protecci\u00f3n o cualesquiera mecanismos de informaci\u00f3n que puedan insertarse en los Contenidos.<\/p>\n<p>ACOS advierte que los materiales contenidos en esta p\u00e1gina web han sido incluidos a mero t\u00edtulo informativo, por lo que resultan insuficientes para tomar decisiones o asumir posiciones en un caso concreto.<\/p>\n<p>&nbsp;<\/p>\n<p>El usuario debe tener en cuenta que los materiales contenidos en esta p\u00e1gina web pudieran no reflejar el estado legislativo o jurisprudencial m\u00e1s reciente sobre las cuestiones analizadas. Asimismo, estos materiales pueden ser modificados, desarrollados o actualizados sin notificaci\u00f3n previa.<\/p>\n<p>&nbsp;<\/p>\n<p>ACOS tendr\u00e1 derecho a investigar y denunciar cualquiera de las conductas mencionadas de acuerdo con la Ley, as\u00ed como a colaborar con las autoridades en la investigaci\u00f3n de dichas actuaciones.<\/p>\n<p>&nbsp;<\/p>\n<p>ACOS podr\u00e1 suspender temporalmente y sin previo aviso, la accesibilidad al Sitio Web con motivo de operaciones de mantenimiento, reparaci\u00f3n, actualizaci\u00f3n o mejora. No obstante, siempre que las circunstancias lo permitan, ACOS comunicar\u00e1 al Usuario, con antelaci\u00f3n suficiente, la fecha prevista para la suspensi\u00f3n de los Servicios. ACOS no se responsabiliza del uso que los Usuarios puedan hacer de los Contenidos incluidos en el Sitio Web.<\/p>\n<p>[\/vc_column_text][vc_empty_space][\/vc_column_inner][\/vc_row_inner][vc_row_inner row_type=\u00bbrow\u00bb type=\u00bbfull_width\u00bb use_row_as_full_screen_section_slide=\u00bbno\u00bb text_align=\u00bbleft\u00bb css_animation=\u00bb\u00bb el_class=\u00bbjustificar\u00bb][vc_column_inner][vc_column_text]<strong>3.- Propiedad Intelectual e Industrial<\/strong><\/p>\n<p>Todos los derechos de propiedad intelectual del Contenido de este Sitio Web y su dise\u00f1o gr\u00e1fico son propiedad exclusiva de ACOS, o bien de un tercero que ha autorizado la utilizaci\u00f3n de los mismos, por lo que es a ACOS a quien le corresponde el ejercicio exclusivo de los derechos de explotaci\u00f3n de los mismos.<\/p>\n<p>Por ello y en virtud de lo dispuesto en el Real Decreto Legislativo 1\/1996, de 12 de Abril, por el que se aprueba el Texto Refundido de la Ley de Propiedad Intelectual, as\u00ed como en la Ley 17\/2001, de 7 de diciembre, de Marcas y la legislaci\u00f3n complementaria en materia de propiedad intelectual e industrial, queda prohibida la reproducci\u00f3n, transmisi\u00f3n, adaptaci\u00f3n, traducci\u00f3n, distribuci\u00f3n, comunicaci\u00f3n p\u00fablica, incluida su modalidad de puesta a disposici\u00f3n, o cualquier otra explotaci\u00f3n y\/o modificaci\u00f3n, total o parcial, sin previa autorizaci\u00f3n expresa de ACOS, de cualquier Contenido incluido en el Sitio Web.<\/p>\n<p>&nbsp;<\/p>\n<p>ACOS no concede ninguna licencia o autorizaci\u00f3n de uso de ninguna clase sobre sus derechos de propiedad intelectual e industrial o sobre cualquier otra propiedad o derecho relacionado con el Sitio Web, los Servicios o los Contenidos del mismo.<\/p>\n<p>Se permite la reproducci\u00f3n y almacenamiento temporal de los contenidos del sitio web en tanto ello sea estrictamente necesario para el uso y visualizaci\u00f3n del sitio web desde un ordenador personal.<\/p>\n<p>La legitimidad de los derechos de propiedad intelectual o industrial correspondientes a los Contenidos aportados por los Usuarios es responsabilidad exclusiva de los mismos, por lo que el Usuario mantendr\u00e1 indemne a ACOS de cualquier reclamaci\u00f3n de terceros derivada de la utilizaci\u00f3n il\u00edcita de Contenidos en el Sitio Web<strong>.<\/strong>[\/vc_column_text][vc_empty_space][\/vc_column_inner][\/vc_row_inner][vc_row_inner row_type=\u00bbrow\u00bb type=\u00bbfull_width\u00bb use_row_as_full_screen_section_slide=\u00bbno\u00bb text_align=\u00bbleft\u00bb css_animation=\u00bb\u00bb el_class=\u00bbjustificar\u00bb][vc_column_inner][vc_column_text]<strong>4.- Responsabilidad y Garant\u00edas<\/strong><\/p>\n<p>ACOS declara que ha adoptado las medidas necesarias que, dentro de sus posibilidades y el estado de la tecnolog\u00eda, permitan el correcto funcionamiento de su Sitio Web, as\u00ed como la ausencia de virus y componentes da\u00f1inos. Sin embargo, ACOS no puede hacerse responsable de: <strong>(i) <\/strong>la continuidad y disponibilidad de los Contenidos y Servicios; <strong>(ii)<\/strong> la ausencia de errores en dichos Contenidos ni la correcci\u00f3n de cualquier defecto que pudiera ocurrir; <strong>(iii)<\/strong> la ausencia de virus y\/o dem\u00e1s componentes da\u00f1inos; <strong>(iv)<\/strong> los da\u00f1os o perjuicios que cause cualquier persona que vulnere los sistemas de seguridad de ACOS.<\/p>\n<p>Las aportaciones que se pueden encontrar en estas p\u00e1ginas se han realizado \u00fanicamente a t\u00edtulo informativo. ACOS no garantiza la integridad, exactitud y actualidad de sus contenidos. Por ello, no son v\u00e1lidas como asesoramiento jur\u00eddico concreto en casos particulares. Las relaciones mandatarias tendr\u00e1n lugar \u00fanicamente despu\u00e9s de la confirmaci\u00f3n por escrito.<\/p>\n<p>ACOS no asume ninguna responsabilidad sobre los enlaces a otras p\u00e1ginas web que se encuentren en el Sitio Web, pudiendo dirigir al Usuario a otros sitios web sobre los que ACOS no tiene ning\u00fan tipo de control, por lo que la inclusi\u00f3n de v\u00ednculos con otros sitios web no implica la aprobaci\u00f3n de sus contenidos por parte de ACOS ni la existencia de ning\u00fan tipo de asociaci\u00f3n entre ACOS y sus titulares. Por ello, el Usuario accede bajo su exclusiva responsabilidad al Contenido y en las condiciones de uso que rijan en los mismos.<\/p>\n<p>&nbsp;<\/p>\n<p><strong>\u00a0<\/strong><strong>5.- Duraci\u00f3n y modificaci\u00f3n<\/strong><\/p>\n<p>El presente Aviso Legal estar\u00e1 vigente con car\u00e1cter indefinido, pudiendo ACOS efectuar cambios sobre las condiciones especificadas en el mismo, y que entrar\u00e1n en vigor desde el momento de su publicaci\u00f3n.<\/p>\n<p>&nbsp;<\/p>\n<p>ACOS podr\u00e1 suprimir, a\u00f1adir o cambiar tanto los Contenidos como los Servicios que presta, as\u00ed como tambi\u00e9n la forma en la que los mismos aparezcan localizados o presentados. Se entienden como vigentes, las condiciones que est\u00e9n publicadas en el momento en el que el Usuario acceda al Sitio Web de ACOS.<\/p>\n<p>&nbsp;<\/p>\n<p>El acceso y\/o el uso del Sitio Web se entender\u00e1 como una aceptaci\u00f3n por parte del Usuario del presente Aviso Legal y sus condiciones y, en su caso, los cambios efectuados en las mismas.<\/p>\n<p><strong>\u00a0<\/strong><\/p>\n<p>&nbsp;<\/p>\n<p class=\"p1\"><span class=\"s1\">ACOS ACCOUNTING SOLUTIONS S.L.U.<\/span><\/p>\n<p class=\"p1\">Agust\u00edn de Fox\u00e1, 4<\/p>\n<p class=\"p1\"><span class=\"s1\">E- 28036 Madrid<\/span><\/p>\n<p class=\"p1\"><span class=\"s1\">Tel.: +34 91 319 96 86<\/span><\/p>\n<p class=\"p1\"><span class=\"s1\">Fax: +34 91 412 09 15<\/span><\/p>\n<p class=\"p2\"><span class=\"s2\">Correo electr\u00f3nico: <a href=\"mailto:acossolutions@acossolutions.es\"><span class=\"s3\">acossolutions@acossolutions.es<\/span><\/a><\/span><\/p>\n<p class=\"p1\"><span class=\"s1\">N\u00famero de identificaci\u00f3n fiscal: B65833022<\/span><\/p>\n<p class=\"p3\"><span class=\"s1\">\u00a0<\/span><\/p>\n<p class=\"p3\"><span class=\"s1\">Sociedad Limitada Profesional inscrita en el Registro Mercantil de Madrid en el Tomo 36632, Folio 82, Hoja M-657172, Inscripci\u00f3n 2\u00aa.<\/span><\/p>\n<p>[\/vc_column_text][vc_empty_space][\/vc_column_inner][\/vc_row_inner][vc_empty_space height=\u00bb150px\u00bb][\/vc_column][\/vc_row]<\/p>\n","protected":false},"excerpt":{"rendered":"<p>[vc_row row_type=\u00bbrow\u00bb use_row_as_full_screen_section=\u00bbno\u00bb type=\u00bbfull_width\u00bb text_align=\u00bbleft\u00bb background_color=\u00bb#e9eae7&#8243; padding_top=\u00bb100&#8243; padding_bottom=\u00bb30&#8243; css_animation=\u00bbelement_from_bottom\u00bb][vc_column][vc_row_inner row_type=\u00bbrow\u00bb type=\u00bbgrid\u00bb use_row_as_full_screen_section_slide=\u00bbno\u00bb text_align=\u00bbcenter\u00bb css_animation=\u00bb\u00bb][vc_column_inner][vc_column_text] Aviso Legal [\/vc_column_text][\/vc_column_inner][\/vc_row_inner][\/vc_column][\/vc_row][vc_row row_type=\u00bbrow\u00bb use_row_as_full_screen_section=\u00bbno\u00bb type=\u00bbgrid\u00bb text_align=\u00bbleft\u00bb background_color=\u00bb#e9eae7&#8243; padding_top=\u00bb30&#8243; padding_bottom=\u00bb20&#8243; css_animation=\u00bbelement_from_bottom\u00bb][vc_column][vc_row_inner row_type=\u00bbrow\u00bb type=\u00bbfull_width\u00bb use_row_as_full_screen_section_slide=\u00bbno\u00bb text_align=\u00bbleft\u00bb css_animation=\u00bb\u00bb el_class=\u00bbjustificar\u00bb][vc_column_inner][vc_column_text]1.- Derecho de la informaci\u00f3n Le informamos de que este Sitio Web es titularidad de&#8230;<\/p>\n","protected":false},"author":1,"featured_media":0,"parent":0,"menu_order":0,"comment_status":"open","ping_status":"open","template":"full_width.php","meta":{"_mi_skip_tracking":false,"footnotes":""},"class_list":["post-22282","page","type-page","status-publish","hentry"],"_links":{"self":[{"href":"https:\/\/acossolutions.es\/es\/wp-json\/wp\/v2\/pages\/22282","targetHints":{"allow":["GET"]}}],"collection":[{"href":"https:\/\/acossolutions.es\/es\/wp-json\/wp\/v2\/pages"}],"about":[{"href":"https:\/\/acossolutions.es\/es\/wp-json\/wp\/v2\/types\/page"}],"author":[{"embeddable":true,"href":"https:\/\/acossolutions.es\/es\/wp-json\/wp\/v2\/users\/1"}],"replies":[{"embeddable":true,"href":"https:\/\/acossolutions.es\/es\/wp-json\/wp\/v2\/comments?post=22282"}],"version-history":[{"count":32,"href":"https:\/\/acossolutions.es\/es\/wp-json\/wp\/v2\/pages\/22282\/revisions"}],"predecessor-version":[{"id":23114,"href":"https:\/\/acossolutions.es\/es\/wp-json\/wp\/v2\/pages\/22282\/revisions\/23114"}],"wp:attachment":[{"href":"https:\/\/acossolutions.es\/es\/wp-json\/wp\/v2\/media?parent=22282"}],"curies":[{"name":"wp","href":"https:\/\/api.w.org\/{rel}","templated":true}]}}