{"id":22209,"date":"2017-06-15T10:25:15","date_gmt":"2017-06-15T10:25:15","guid":{"rendered":"http:\/\/acossolutions.es\/?page_id=22209"},"modified":"2022-11-03T13:14:55","modified_gmt":"2022-11-03T13:14:55","slug":"mariajose-lopez","status":"publish","type":"page","link":"https:\/\/acossolutions.es\/es\/equipo\/maria-jose-lopez\/","title":{"rendered":"Mar\u00eda Jos\u00e9 L\u00f3pez"},"content":{"rendered":"<p>[vc_row row_type=\u00bbrow\u00bb use_row_as_full_screen_section=\u00bbno\u00bb type=\u00bbgrid\u00bb text_align=\u00bbleft\u00bb background_color=\u00bb#e9eae7&#8243; padding_top=\u00bb0&#8243; css_animation=\u00bbelement_from_bottom\u00bb][vc_column][vc_column_text]<\/p>\n<h2>Mar\u00eda Jos\u00e9 L\u00f3pez<\/h2>\n<p>[\/vc_column_text][vc_separator type=\u00bbtransparent\u00bb border_style=\u00bb\u00bb up=\u00bb20&#8243; down=\u00bb0&#8243;][\/vc_column][\/vc_row][vc_row row_type=\u00bbrow\u00bb use_row_as_full_screen_section=\u00bbno\u00bb type=\u00bbfull_width\u00bb text_align=\u00bbleft\u00bb css_animation=\u00bbelement_from_bottom\u00bb el_class=\u00bbjustificar\u00bb][vc_column width=\u00bb1\/3&#8243;][vc_single_image image=\u00bb22228&#8243; img_size=\u00bb\u00bb qode_css_animation=\u00bb\u00bb][vc_empty_space][vc_column_text]<\/p>\n<h5>Responsable del Departamento de n\u00f3minas y Seguridad Social<\/h5>\n<p><a href=\"mailto:mlopez@acossolutions.es\" target=\"_blank\" rel=\"noopener noreferrer\">mlopez@acossolutions.es<\/a>[\/vc_column_text][vc_empty_space height=\u00bb10px\u00bb][vc_empty_space][\/vc_column][vc_column width=\u00bb2\/3&#8243;][vc_column_text][\/vc_column_text][vc_empty_space height=\u00bb25px\u00bb][vc_row_inner row_type=\u00bbrow\u00bb type=\u00bbfull_width\u00bb use_row_as_full_screen_section_slide=\u00bbno\u00bb text_align=\u00bbleft\u00bb css_animation=\u00bbelement_from_bottom\u00bb][vc_column_inner][vc_column_text]<\/p>\n<h6><\/h6>\n<p>Habiendo realizado un curso de experto en contabilidad por la C\u00e1mara de Comercio e Industria de Madrid, su trayectoria laboral est\u00e1 vinculada al \u00e1mbito de la administraci\u00f3n y la contabilidad desde el a\u00f1o 1998. Se uni\u00f3 a Monereo Meyer Abogados en el a\u00f1o 2006, pasando a formar parte en 2016 del equipo de Acos Accounting Solutions.<\/p>\n<p>&nbsp;<\/p>\n<p>En Monereo Meyer Abogados desarroll\u00f3 su trabajo en el \u00e1mbito de la tramitaci\u00f3n con la AEAT, el ayuntamiento, bancos y organismos p\u00fablicos, adem\u00e1s de dar apoyo al departamento contable. En 2008 pas\u00f3 al departamento de gesti\u00f3n de n\u00f3minas y seguridad social del que es ahora responsable en Acos Accounting Solutions, habiendo cursado formaci\u00f3n de manera continuada en este \u00e1mbito.<\/p>\n<p>&nbsp;<\/p>\n<p>Sus idiomas de trabajo son: espa\u00f1ol e ingl\u00e9s.[\/vc_column_text][vc_empty_space height=\u00bb15px\u00bb]<div class='latest_post_holder boxes three_columns one_row'><ul><\/ul><\/div>[vc_empty_space height=\u00bb10px\u00bb][\/vc_column_inner][\/vc_row_inner][\/vc_column][\/vc_row]<\/p>\n","protected":false},"excerpt":{"rendered":"<p>[vc_row row_type=\u00bbrow\u00bb use_row_as_full_screen_section=\u00bbno\u00bb type=\u00bbgrid\u00bb text_align=\u00bbleft\u00bb background_color=\u00bb#e9eae7&#8243; padding_top=\u00bb0&#8243; css_animation=\u00bbelement_from_bottom\u00bb][vc_column][vc_column_text] Mar\u00eda Jos\u00e9 L\u00f3pez [\/vc_column_text][vc_separator type=\u00bbtransparent\u00bb border_style=\u00bb\u00bb up=\u00bb20&#8243; down=\u00bb0&#8243;][\/vc_column][\/vc_row][vc_row row_type=\u00bbrow\u00bb use_row_as_full_screen_section=\u00bbno\u00bb type=\u00bbfull_width\u00bb text_align=\u00bbleft\u00bb css_animation=\u00bbelement_from_bottom\u00bb el_class=\u00bbjustificar\u00bb][vc_column width=\u00bb1\/3&#8243;][vc_single_image image=\u00bb22228&#8243; img_size=\u00bb\u00bb qode_css_animation=\u00bb\u00bb][vc_empty_space][vc_column_text] Responsable del Departamento de n\u00f3minas y Seguridad Social mlopez@acossolutions.es[\/vc_column_text][vc_empty_space height=\u00bb10px\u00bb][vc_empty_space][\/vc_column][vc_column width=\u00bb2\/3&#8243;][vc_column_text][\/vc_column_text][vc_empty_space height=\u00bb25px\u00bb][vc_row_inner row_type=\u00bbrow\u00bb type=\u00bbfull_width\u00bb use_row_as_full_screen_section_slide=\u00bbno\u00bb text_align=\u00bbleft\u00bb css_animation=\u00bbelement_from_bottom\u00bb][vc_column_inner][vc_column_text] Habiendo realizado&#8230;<\/p>\n","protected":false},"author":1,"featured_media":0,"parent":18859,"menu_order":0,"comment_status":"open","ping_status":"open","template":"","meta":{"_mi_skip_tracking":false,"footnotes":""},"class_list":["post-22209","page","type-page","status-publish","hentry"],"_links":{"self":[{"href":"https:\/\/acossolutions.es\/es\/wp-json\/wp\/v2\/pages\/22209","targetHints":{"allow":["GET"]}}],"collection":[{"href":"https:\/\/acossolutions.es\/es\/wp-json\/wp\/v2\/pages"}],"about":[{"href":"https:\/\/acossolutions.es\/es\/wp-json\/wp\/v2\/types\/page"}],"author":[{"embeddable":true,"href":"https:\/\/acossolutions.es\/es\/wp-json\/wp\/v2\/users\/1"}],"replies":[{"embeddable":true,"href":"https:\/\/acossolutions.es\/es\/wp-json\/wp\/v2\/comments?post=22209"}],"version-history":[{"count":27,"href":"https:\/\/acossolutions.es\/es\/wp-json\/wp\/v2\/pages\/22209\/revisions"}],"predecessor-version":[{"id":22943,"href":"https:\/\/acossolutions.es\/es\/wp-json\/wp\/v2\/pages\/22209\/revisions\/22943"}],"up":[{"embeddable":true,"href":"https:\/\/acossolutions.es\/es\/wp-json\/wp\/v2\/pages\/18859"}],"wp:attachment":[{"href":"https:\/\/acossolutions.es\/es\/wp-json\/wp\/v2\/media?parent=22209"}],"curies":[{"name":"wp","href":"https:\/\/api.w.org\/{rel}","templated":true}]}}