{"id":22103,"date":"2017-04-28T10:55:08","date_gmt":"2017-04-28T10:55:08","guid":{"rendered":"http:\/\/acossolutions.es\/?page_id=22103"},"modified":"2019-09-25T14:01:13","modified_gmt":"2019-09-25T14:01:13","slug":"inmaculada-lopez","status":"publish","type":"page","link":"https:\/\/acossolutions.es\/es\/equipo\/inmaculada-lopez\/","title":{"rendered":"Inmaculada L\u00f3pez"},"content":{"rendered":"<p>[vc_row row_type=\u00bbrow\u00bb use_row_as_full_screen_section=\u00bbno\u00bb type=\u00bbgrid\u00bb text_align=\u00bbleft\u00bb background_color=\u00bb#e9eae7&#8243; padding_top=\u00bb0&#8243; css_animation=\u00bbelement_from_bottom\u00bb][vc_column][vc_column_text]<\/p>\n<h2>Inmaculada L\u00f3pez<\/h2>\n<p>[\/vc_column_text][vc_separator type=\u00bbtransparent\u00bb border_style=\u00bb\u00bb up=\u00bb20&#8243; down=\u00bb0&#8243;][\/vc_column][\/vc_row][vc_row row_type=\u00bbrow\u00bb use_row_as_full_screen_section=\u00bbno\u00bb type=\u00bbfull_width\u00bb text_align=\u00bbleft\u00bb css_animation=\u00bbelement_from_bottom\u00bb el_class=\u00bbjustificar\u00bb][vc_column width=\u00bb1\/3&#8243;][vc_single_image image=\u00bb22106&#8243; img_size=\u00bb\u00bb qode_css_animation=\u00bb\u00bb][vc_empty_space][vc_column_text]<\/p>\n<h5>Directora<\/h5>\n<p><a href=\"mailto:mlopez@acossolutions.es\" target=\"_blank\" rel=\"noopener noreferrer\">ilopez@acossolutions.es<\/a>[\/vc_column_text][vc_empty_space height=\u00bb10px\u00bb][vc_row_inner row_type=\u00bbrow\u00bb type=\u00bbfull_width\u00bb use_row_as_full_screen_section_slide=\u00bbno\u00bb text_align=\u00bbleft\u00bb css_animation=\u00bb\u00bb][vc_column_inner width=\u00bb1\/6&#8243;]<span class='q_social_icon_holder with_link normal_social' ><a href='https:\/\/www.linkedin.com\/in\/inmaculada-l%C3%B3pez-bravo-b6a87a3a\/' target='_self'><i class='social_icon fa fa-linkedin tiny simple_social' style=''><\/i><\/a><\/span>[vc_empty_space height=\u00bb10px\u00bb][\/vc_column_inner][vc_column_inner width=\u00bb3\/6&#8243;][\/vc_column_inner][\/vc_row_inner][vc_empty_space][\/vc_column][vc_column width=\u00bb2\/3&#8243;][vc_column_text]<strong>Formaci\u00f3n\u00a0<\/strong><\/p>\n<p>Diplomada en Gesti\u00f3n y Administraci\u00f3n de Empresas por la C\u00e1mara de Comercio e Industria de Madrid y Universidad Aut\u00f3noma de Madrid. Master en Direcci\u00f3n Econ\u00f3mico Financiera por el Centro de Estudios Financieros de Madrid.<\/p>\n<p>&nbsp;<\/p>\n<p><strong>Experiencia\u00a0<\/strong><\/p>\n<p>En el a\u00f1o 2003 se incorpor\u00f3 al departamento de contabilidad de Monereo Meyer Abogados, aportando una experencia de 4 a\u00f1os vinculada al sector de contabilidad.<\/p>\n<p>&nbsp;<\/p>\n<p>Actualmente ocupa el puesto de Directora Financiera de Monereo Meyer Abogados y administradora de su filial, Acos Accounting Solutions SLU.[\/vc_column_text][vc_empty_space height=\u00bb25px\u00bb][vc_row_inner row_type=\u00bbrow\u00bb type=\u00bbfull_width\u00bb use_row_as_full_screen_section_slide=\u00bbno\u00bb text_align=\u00bbleft\u00bb css_animation=\u00bbelement_from_bottom\u00bb][vc_column_inner][vc_column_text]<\/p>\n<h6><\/h6>\n<p>[\/vc_column_text][vc_empty_space height=\u00bb15px\u00bb]<div class='latest_post_holder boxes three_columns one_row'><ul><li class=\"clearfix\"><div class=\"boxes_image\"><a href=\"https:\/\/acossolutions.es\/es\/el-gestor-ideal-en-tiempos-de-covid-19-rrhh-digital\/\"><img loading=\"lazy\" decoding=\"async\" width=\"550\" height=\"498\" src=\"https:\/\/acossolutions.es\/wp-content\/uploads\/2020\/07\/editorial-acos-account-dentro-550x498.jpg\" class=\"attachment-portfolio-default size-portfolio-default wp-post-image\" alt=\"gestor ideal covid-19\" srcset=\"https:\/\/acossolutions.es\/wp-content\/uploads\/2020\/07\/editorial-acos-account-dentro-550x498.jpg 550w, https:\/\/acossolutions.es\/wp-content\/uploads\/2020\/07\/editorial-acos-account-dentro-480x434.jpg 480w, https:\/\/acossolutions.es\/wp-content\/uploads\/2020\/07\/editorial-acos-account-dentro-125x112.jpg 125w\" sizes=\"auto, (max-width: 550px) 100vw, 550px\" \/><span class=\"latest_post_overlay\"><i class=\"icon_plus\" aria-hidden=\"true\"><\/i><\/span><\/a><\/div><div class=\"latest_post\" style='background-color: #f7f6f4;'><div class=\"latest_post_text\"><h4 class=\"latest_post_title \"><a href=\"https:\/\/acossolutions.es\/es\/el-gestor-ideal-en-tiempos-de-covid-19-rrhh-digital\/\">\u00abEl gestor ideal en tiempos de COVID-19\u00bb &#8211; RRHH Digital<\/a><\/h4><\/div><\/div><\/li><\/ul><\/div>[vc_empty_space height=\u00bb10px\u00bb][\/vc_column_inner][\/vc_row_inner][\/vc_column][\/vc_row]<\/p>\n","protected":false},"excerpt":{"rendered":"<p>[vc_row row_type=\u00bbrow\u00bb use_row_as_full_screen_section=\u00bbno\u00bb type=\u00bbgrid\u00bb text_align=\u00bbleft\u00bb background_color=\u00bb#e9eae7&#8243; padding_top=\u00bb0&#8243; css_animation=\u00bbelement_from_bottom\u00bb][vc_column][vc_column_text] Inmaculada L\u00f3pez [\/vc_column_text][vc_separator type=\u00bbtransparent\u00bb border_style=\u00bb\u00bb up=\u00bb20&#8243; down=\u00bb0&#8243;][\/vc_column][\/vc_row][vc_row row_type=\u00bbrow\u00bb use_row_as_full_screen_section=\u00bbno\u00bb type=\u00bbfull_width\u00bb text_align=\u00bbleft\u00bb css_animation=\u00bbelement_from_bottom\u00bb el_class=\u00bbjustificar\u00bb][vc_column width=\u00bb1\/3&#8243;][vc_single_image image=\u00bb22106&#8243; img_size=\u00bb\u00bb qode_css_animation=\u00bb\u00bb][vc_empty_space][vc_column_text] Directora ilopez@acossolutions.es[\/vc_column_text][vc_empty_space height=\u00bb10px\u00bb][vc_row_inner row_type=\u00bbrow\u00bb type=\u00bbfull_width\u00bb use_row_as_full_screen_section_slide=\u00bbno\u00bb text_align=\u00bbleft\u00bb css_animation=\u00bb\u00bb][vc_column_inner width=\u00bb1\/6&#8243;][vc_empty_space height=\u00bb10px\u00bb][\/vc_column_inner][vc_column_inner width=\u00bb3\/6&#8243;][\/vc_column_inner][\/vc_row_inner][vc_empty_space][\/vc_column][vc_column width=\u00bb2\/3&#8243;][vc_column_text]Formaci\u00f3n\u00a0 Diplomada en Gesti\u00f3n y Administraci\u00f3n de Empresas por&#8230;<\/p>\n","protected":false},"author":1,"featured_media":0,"parent":18859,"menu_order":0,"comment_status":"open","ping_status":"open","template":"","meta":{"_mi_skip_tracking":false,"footnotes":""},"class_list":["post-22103","page","type-page","status-publish","hentry"],"_links":{"self":[{"href":"https:\/\/acossolutions.es\/es\/wp-json\/wp\/v2\/pages\/22103","targetHints":{"allow":["GET"]}}],"collection":[{"href":"https:\/\/acossolutions.es\/es\/wp-json\/wp\/v2\/pages"}],"about":[{"href":"https:\/\/acossolutions.es\/es\/wp-json\/wp\/v2\/types\/page"}],"author":[{"embeddable":true,"href":"https:\/\/acossolutions.es\/es\/wp-json\/wp\/v2\/users\/1"}],"replies":[{"embeddable":true,"href":"https:\/\/acossolutions.es\/es\/wp-json\/wp\/v2\/comments?post=22103"}],"version-history":[{"count":46,"href":"https:\/\/acossolutions.es\/es\/wp-json\/wp\/v2\/pages\/22103\/revisions"}],"predecessor-version":[{"id":22544,"href":"https:\/\/acossolutions.es\/es\/wp-json\/wp\/v2\/pages\/22103\/revisions\/22544"}],"up":[{"embeddable":true,"href":"https:\/\/acossolutions.es\/es\/wp-json\/wp\/v2\/pages\/18859"}],"wp:attachment":[{"href":"https:\/\/acossolutions.es\/es\/wp-json\/wp\/v2\/media?parent=22103"}],"curies":[{"name":"wp","href":"https:\/\/api.w.org\/{rel}","templated":true}]}}