{"id":20631,"date":"2014-07-09T07:52:09","date_gmt":"2014-07-09T07:52:09","guid":{"rendered":"http:\/\/demo.select-themes.com\/stockholm2\/?page_id=20631"},"modified":"2022-06-20T17:41:03","modified_gmt":"2022-06-20T17:41:03","slug":"home-acos","status":"publish","type":"page","link":"https:\/\/acossolutions.es\/es\/","title":{"rendered":"Home Acos"},"content":{"rendered":"<p>[vc_row row_type=\u00bbrow\u00bb use_row_as_full_screen_section=\u00bbno\u00bb type=\u00bbfull_width\u00bb text_align=\u00bbleft\u00bb padding_bottom=\u00bb20&#8243; css_animation=\u00bb\u00bb css=\u00bb.vc_custom_1584091180830{margin-top: 0px !important;padding-top: 0px !important;}\u00bb]<\/p>\n<p>[\/vc_row][vc_row row_type=\u00bbrow\u00bb use_row_as_full_screen_section=\u00bbno\u00bb type=\u00bbgrid\u00bb text_align=\u00bbleft\u00bb background_color=\u00bb#e9eae7&#8243; padding_top=\u00bb70&#8243; padding_bottom=\u00bb50&#8243; css_animation=\u00bb\u00bb][vc_column][vc_row_inner row_type=\u00bbrow\u00bb type=\u00bbfull_width\u00bb use_row_as_full_screen_section_slide=\u00bbno\u00bb text_align=\u00bbleft\u00bb css_animation=\u00bb\u00bb][vc_column_inner][vc_column_text]<\/p>\n<h2>Acos Accounting Solutions<\/h2>\n<p>[\/vc_column_text][\/vc_column_inner][\/vc_row_inner][vc_row_inner row_type=\u00bbrow\u00bb type=\u00bbgrid\u00bb use_row_as_full_screen_section_slide=\u00bbno\u00bb text_align=\u00bbleft\u00bb background_color=\u00bb#e9eae7&#8243; padding_top=\u00bb40&#8243; padding_bottom=\u00bb10&#8243; css_animation=\u00bb\u00bb el_class=\u00bbjustificar\u00bb][vc_column_inner width=\u00bb1\/2&#8243;][vc_column_text el_class=\u00bbseparat\u00bb]<strong>Acos Accounting Solutions<\/strong> se constituy\u00f3 el a\u00f1o 2012 como filial de <strong><a href=\"http:\/\/www.mmmm.es\/es\/\" target=\"_blank\" rel=\"noopener\">Monereo Meyer Abogados<\/a><\/strong> para ofrecer a sus clientes servicios especializados, principalmente de gesti\u00f3n contable y de asistencia en obligaciones tributarias recurrentes, as\u00ed como gesti\u00f3n de n\u00f3minas, permiti\u00e9ndoles eliminar costes estructurales fijos y optimizar procesos.<\/p>\n<p>Tenemos un perfil intercultural y\u00a0estamos acostumbrados a trabajar en entornos internacionales, por lo que, adem\u00e1s de a clientes nacionales, prestamos especialmente servicios a filiales en Espa\u00f1a de empresas extranjeras.[\/vc_column_text][vc_separator type=\u00bbtransparent\u00bb border_style=\u00bb\u00bb up=\u00bb10&#8243;][\/vc_column_inner][vc_column_inner width=\u00bb1\/2&#8243;][vc_column_text el_class=\u00bbseparat\u00bb]Nuestros clientes desarrollan su actividad en m\u00faltiples sectores, siendo en su mayor\u00eda <strong>PYMES<\/strong>.<\/p>\n<p>Pertenecer a <strong><a href=\"http:\/\/www.mmmm.es\/es\/\" target=\"_blank\" rel=\"noopener\">Monereo Meyer Abogados<\/a><\/strong> ofrece a nuestros clientes la posibilidad de acceder a un asesoramiento global, complementario a nuestros servicios, con pocos interlocutores y con la garant\u00eda de eficiencia y profesionalidad.[\/vc_column_text][\/vc_column_inner][\/vc_row_inner][\/vc_column][\/vc_row][vc_row row_type=\u00bbrow\u00bb use_row_as_full_screen_section=\u00bbno\u00bb type=\u00bbfull_width\u00bb text_align=\u00bbleft\u00bb padding_top=\u00bb20&#8243; padding_bottom=\u00bb20&#8243; css_animation=\u00bb\u00bb el_id=\u00bbvalores\u00bb][vc_column]<div class=\"call_to_action normal\" style=\"background-color: #d89541;border-top: 1px solid #d89541;\"><div class=\"container_inner\"><div class=\"two_columns_75_25 clearfix\"><div class=\"text_wrapper column1\"><div class=\"call_to_action_text\" style=\"\"><\/p>\n<p style=\"font-family: Podkova; font-size: 22px; line-height: 31px; font-weight: 300; color: #e9eae7;\">ACOS ofrece servicios de contabilidad, gesti\u00f3n de n\u00f3minas<br \/>\ny asistencia en las obligaciones tributarias.<\/p>\n<p><\/div><\/div><div class=\"button_wrapper column2\"><a href=\"http:\/\/acossolutions.es\/es\/servicios\/\" class=\"qbutton large\" target=\"_self\" style=\"color:#e9eae7;border-color:#e9eae7;background-color: #d89541;\" data-hover-background-color=#e9eae7  data-hover-border-color=#e9eae7  data-hover-color=#d89541>Ver Servicios<\/a><\/div><\/div><\/div><\/div>[\/vc_column][\/vc_row][vc_row row_type=\u00bbrow\u00bb use_row_as_full_screen_section=\u00bbno\u00bb type=\u00bbfull_width\u00bb text_align=\u00bbleft\u00bb background_color=\u00bb#e9eae7&#8243; padding_bottom=\u00bb50&#8243; css_animation=\u00bb\u00bb][vc_column][vc_row_inner row_type=\u00bbrow\u00bb type=\u00bbgrid\u00bb use_row_as_full_screen_section_slide=\u00bbno\u00bb text_align=\u00bbleft\u00bb background_color=\u00bb#e9eae7&#8243; padding_top=\u00bb30&#8243; css_animation=\u00bb\u00bb][vc_column_inner][vc_column_text]<\/p>\n<h2>Valores<\/h2>\n<p>[\/vc_column_text][vc_separator type=\u00bbtransparent\u00bb border_style=\u00bb\u00bb up=\u00bb20&#8243; down=\u00bb0&#8243;][\/vc_column_inner][\/vc_row_inner][vc_row_inner row_type=\u00bbrow\u00bb type=\u00bbgrid\u00bb use_row_as_full_screen_section_slide=\u00bbno\u00bb text_align=\u00bbleft\u00bb padding_bottom=\u00bb40&#8243; css_animation=\u00bb\u00bb el_class=\u00bbjustificar\u00bb][vc_column_inner width=\u00bb1\/2&#8243;][vc_column_text el_class=\u00bbseparat\u00bb]<\/p>\n<h6>Compromiso<\/h6>\n<p>La <strong>responsabilidad de un trabajo bien hecho<\/strong>, el seguimiento de todos los procesos y un aprendizaje continuado de las tareas.<\/p>\n<h6>Proactividad<\/h6>\n<p>Nos anticipamos a los problemas y necesidades que nuestros clientes puedan tener. Gracias a nuestra amplia experiencia, nuestro equipo \u2013 constantemente actualizado &#8211; da la <strong>mejor soluci\u00f3n que nuestro cliente pueda necesitar<\/strong><\/p>\n<h6>Seguridad<\/h6>\n<p>La tranquilidad de nuestros clientes es el pilar fundamental de <strong>ACOS<\/strong>. Para mantener nuestras exigencias de calidad tenemos a disposici\u00f3n de nuestros clientes un <strong>seguro de responsabilidad civil, para dar cobertura en los supuestos en los que resulte necesario.<\/strong>[\/vc_column_text][vc_separator type=\u00bbtransparent\u00bb border_style=\u00bb\u00bb up=\u00bb10&#8243;][\/vc_column_inner][vc_column_inner width=\u00bb1\/2&#8243;][vc_column_text el_class=\u00bbseparat\u00bb]<\/p>\n<h6>Confidencialidad<\/h6>\n<p class=\"p3\"><span class=\"s2\"><strong>Para ACOS la confidencialidad es un tema de gran importancia.<\/strong> Nuestra empresa se compromete al cumplimiento de su obligaci\u00f3n de mantener en secreto los datos de car\u00e1cter personal suministrados y su salvaguarda, a los efectos de lo previsto en la Ley Org\u00e1nica 15\/1999, de 13 de diciembre, de Protecci\u00f3n de Datos de Car\u00e1cter Personal.<\/span><\/p>\n<h6>Flexibilidad<\/h6>\n<p class=\"p6\"><span class=\"s1\">Cada empresa es distinta y tiene necesidades diferentes. En <strong>ACOS<\/strong> estamos al d\u00eda en las nuevas tecnolog\u00edas y empleamos sistemas a la vanguardia como SAP y A3NOM. Adem\u00e1s, nos adaptamos a los distintos horarios de nuestros clientes, tenemos una <strong>formaci\u00f3n continuada respecto a todas las modificaciones legislativas y hablamos un total de 5 idiomas para entendernos con nuestros interlocutores sin dificultad.<\/strong><\/span><\/p>\n<p>[\/vc_column_text][\/vc_column_inner][\/vc_row_inner][\/vc_column][\/vc_row][vc_row row_type=\u00bbrow\u00bb use_row_as_full_screen_section=\u00bbno\u00bb type=\u00bbfull_width\u00bb text_align=\u00bbleft\u00bb background_color=\u00bb#3e3c3b\u00bb padding_bottom=\u00bb20&#8243; css_animation=\u00bb\u00bb][vc_column]<div class=\"call_to_action normal\" style=\"background-color: #3e3c3b;border-top: 1px solid #3e3c3b;\"><div class=\"container_inner\"><div class=\"two_columns_75_25 clearfix\"><div class=\"text_wrapper column1\"><div class=\"call_to_action_text\" style=\"\"><\/p>\n<p style=\"font-family: Podkova; font-size: 22px; line-height: 31px; font-weight: 300; color: #e9eae7;\">ACOS es el interlocutor perfecto para empresas<br \/>\nextranjeras con actividad en Espa\u00f1a<\/p>\n<p><\/div><\/div><div class=\"button_wrapper column2\"><a href=\"http:\/\/acossolutions.es\/index.php\/contacto\/\" class=\"qbutton large\" target=\"_self\" style=\"color:#e9eae7;border-color:#e9eae7;background-color: #3e3c3b;\" data-hover-background-color=#d89541  data-hover-border-color=#d89541  data-hover-color=#3e3c3b>Cont\u00e1ctenos<\/a><\/div><\/div><\/div><\/div>[\/vc_column][\/vc_row][vc_row row_type=\u00bbrow\u00bb use_row_as_full_screen_section=\u00bbno\u00bb type=\u00bbfull_width\u00bb text_align=\u00bbleft\u00bb background_color=\u00bb#e9eae7&#8243; css_animation=\u00bb\u00bb][vc_column][vc_row_inner row_type=\u00bbrow\u00bb type=\u00bbgrid\u00bb use_row_as_full_screen_section_slide=\u00bbno\u00bb text_align=\u00bbleft\u00bb background_color=\u00bb#e9eae7&#8243; padding_top=\u00bb120&#8243; padding_bottom=\u00bb90&#8243; css_animation=\u00bb\u00bb el_class=\u00bbjustificar\u00bb][vc_column_inner width=\u00bb1\/2&#8243;][vc_column_text]<\/p>\n<h2>Experiencia<\/h2>\n<p>[\/vc_column_text][vc_separator type=\u00bbtransparent\u00bb border_style=\u00bb\u00bb up=\u00bb20&#8243; down=\u00bb0&#8243;][vc_column_text]En <strong>ACOS<\/strong> tenemos una amplia <strong>experiencia, apoyando o gestionando el departamento financiero en empresas<\/strong> de sectores tan diversos como holdings y empresas financieras, consultor\u00edas de ingenier\u00eda industrial, hosteler\u00eda, telecomunicaciones, energ\u00edas renovables, ense\u00f1anza y formaci\u00f3n, dise\u00f1o, arquitectura, etc.<\/p>\n<p>Gracias al trayectoria de los principales integrantes de <strong>ACOS<\/strong>, tanto en banca privada como en auditor\u00eda, <strong>podemos asesorar a nuestros clientes bajo un enfoque global del sistema financiero.<\/strong>[\/vc_column_text][vc_separator type=\u00bbtransparent\u00bb border_style=\u00bb\u00bb up=\u00bb20&#8243;][\/vc_column_inner][vc_column_inner width=\u00bb1\/2&#8243;][vc_single_image image=\u00bb22080&#8243; img_size=\u00bbfull\u00bb qode_css_animation=\u00bb\u00bb][\/vc_column_inner][\/vc_row_inner][\/vc_column][\/vc_row]<\/p>\n","protected":false},"excerpt":{"rendered":"<p>[vc_row row_type=\u00bbrow\u00bb use_row_as_full_screen_section=\u00bbno\u00bb type=\u00bbfull_width\u00bb text_align=\u00bbleft\u00bb padding_bottom=\u00bb20&#8243; css_animation=\u00bb\u00bb css=\u00bb.vc_custom_1584091180830{margin-top: 0px !important;padding-top: 0px !important;}\u00bb] [\/vc_row][vc_row row_type=\u00bbrow\u00bb use_row_as_full_screen_section=\u00bbno\u00bb type=\u00bbgrid\u00bb text_align=\u00bbleft\u00bb background_color=\u00bb#e9eae7&#8243; padding_top=\u00bb70&#8243; padding_bottom=\u00bb50&#8243; css_animation=\u00bb\u00bb][vc_column][vc_row_inner row_type=\u00bbrow\u00bb type=\u00bbfull_width\u00bb use_row_as_full_screen_section_slide=\u00bbno\u00bb text_align=\u00bbleft\u00bb css_animation=\u00bb\u00bb][vc_column_inner][vc_column_text] Acos Accounting Solutions [\/vc_column_text][\/vc_column_inner][\/vc_row_inner][vc_row_inner row_type=\u00bbrow\u00bb type=\u00bbgrid\u00bb use_row_as_full_screen_section_slide=\u00bbno\u00bb text_align=\u00bbleft\u00bb background_color=\u00bb#e9eae7&#8243; padding_top=\u00bb40&#8243; padding_bottom=\u00bb10&#8243; css_animation=\u00bb\u00bb el_class=\u00bbjustificar\u00bb][vc_column_inner width=\u00bb1\/2&#8243;][vc_column_text el_class=\u00bbseparat\u00bb]Acos Accounting Solutions se constituy\u00f3&#8230;<\/p>\n","protected":false},"author":1,"featured_media":0,"parent":0,"menu_order":0,"comment_status":"open","ping_status":"open","template":"full_width.php","meta":{"_mi_skip_tracking":false,"footnotes":""},"class_list":["post-20631","page","type-page","status-publish","hentry"],"_links":{"self":[{"href":"https:\/\/acossolutions.es\/es\/wp-json\/wp\/v2\/pages\/20631","targetHints":{"allow":["GET"]}}],"collection":[{"href":"https:\/\/acossolutions.es\/es\/wp-json\/wp\/v2\/pages"}],"about":[{"href":"https:\/\/acossolutions.es\/es\/wp-json\/wp\/v2\/types\/page"}],"author":[{"embeddable":true,"href":"https:\/\/acossolutions.es\/es\/wp-json\/wp\/v2\/users\/1"}],"replies":[{"embeddable":true,"href":"https:\/\/acossolutions.es\/es\/wp-json\/wp\/v2\/comments?post=20631"}],"version-history":[{"count":165,"href":"https:\/\/acossolutions.es\/es\/wp-json\/wp\/v2\/pages\/20631\/revisions"}],"predecessor-version":[{"id":22809,"href":"https:\/\/acossolutions.es\/es\/wp-json\/wp\/v2\/pages\/20631\/revisions\/22809"}],"wp:attachment":[{"href":"https:\/\/acossolutions.es\/es\/wp-json\/wp\/v2\/media?parent=20631"}],"curies":[{"name":"wp","href":"https:\/\/api.w.org\/{rel}","templated":true}]}}