{"id":18859,"date":"2014-06-02T09:22:38","date_gmt":"2014-06-02T09:22:38","guid":{"rendered":"http:\/\/demo.select-themes.com\/stockholm2\/?page_id=18859"},"modified":"2022-11-03T13:18:43","modified_gmt":"2022-11-03T13:18:43","slug":"equipo","status":"publish","type":"page","link":"https:\/\/acossolutions.es\/es\/equipo\/","title":{"rendered":"Equipo"},"content":{"rendered":"<p>[vc_row row_type=\u00bbrow\u00bb use_row_as_full_screen_section=\u00bbno\u00bb type=\u00bbgrid\u00bb text_align=\u00bbleft\u00bb background_color=\u00bb#e9eae7&#8243; padding_top=\u00bb70&#8243; css_animation=\u00bbelement_from_bottom\u00bb transition_delay=\u00bb500&#8243;][vc_column][\/vc_column][\/vc_row][vc_row row_type=\u00bbrow\u00bb use_row_as_full_screen_section=\u00bbno\u00bb type=\u00bbgrid\u00bb text_align=\u00bbleft\u00bb background_color=\u00bb#e9eae7&#8243; padding_top=\u00bb0&#8243; css_animation=\u00bbelement_from_bottom\u00bb transition_delay=\u00bb500&#8243;][vc_column][vc_column_text]<\/p>\n<h2>Equipo<\/h2>\n<p>[\/vc_column_text][vc_separator type=\u00bbtransparent\u00bb border_style=\u00bb\u00bb up=\u00bb20&#8243; down=\u00bb0&#8243;][\/vc_column][\/vc_row][vc_row row_type=\u00bbrow\u00bb use_row_as_full_screen_section=\u00bbno\u00bb type=\u00bbgrid\u00bb text_align=\u00bbleft\u00bb background_color=\u00bb#e9eae7&#8243; padding_top=\u00bb20&#8243; padding_bottom=\u00bb50&#8243; css_animation=\u00bbelement_from_bottom\u00bb transition_delay=\u00bb300&#8243;][vc_column width=\u00bb1\/4&#8243;]<div class='image_hover hovered' style='' data-transition-delay=''><div class='images_holder'><a href='http:\/\/acossolutions.es\/equipo\/inmaculada-lopez\/' target='_self'><img class='active_image ' src='https:\/\/acossolutions.es\/wp-content\/uploads\/2014\/06\/Inmaculada-Lopez-2.jpg' alt='' style='' \/><img class='hover_image' src='https:\/\/acossolutions.es\/wp-content\/uploads\/2014\/06\/Inmaculada-Lopez-2-Hover.jpg' alt='' style='' \/><\/a><\/div><\/div>[vc_column_text]<\/p>\n<h6>Inmaculada L\u00f3pez<\/h6>\n<p>[\/vc_column_text][vc_column_text]Directora[\/vc_column_text][vc_separator type=\u00bbtransparent\u00bb border_style=\u00bb\u00bb up=\u00bb10px\u00bb][vc_empty_space][\/vc_column][vc_column width=\u00bb1\/4&#8243;]<div class='image_hover hovered' style='' data-transition-delay=''><div class='images_holder'><a href='https:\/\/acossolutions.es\/equipo\/blanca-luria' target='_self'><img class='active_image ' src='https:\/\/acossolutions.es\/wp-content\/uploads\/2014\/06\/Blanca-Luria.jpg' alt='' style='' \/><img class='hover_image' src='https:\/\/acossolutions.es\/wp-content\/uploads\/2014\/06\/Blanca-Luria-Hover.jpg' alt='' style='' \/><\/a><\/div><\/div>[vc_column_text]<\/p>\n<h6>Blanca Luria<\/h6>\n<p>[\/vc_column_text][vc_column_text]Economista[\/vc_column_text][vc_separator type=\u00bbtransparent\u00bb border_style=\u00bb\u00bb up=\u00bb10px\u00bb][vc_empty_space][\/vc_column][vc_column width=\u00bb1\/4&#8243;]<div class='image_hover hovered' style='' data-transition-delay=''><div class='images_holder'><a href='http:\/\/acossolutions.es\/equipo\/mariajose-lopez\/' target='_self'><img class='active_image ' src='https:\/\/acossolutions.es\/wp-content\/uploads\/2014\/06\/Maria-Jose-Lopez.jpg' alt='' style='' \/><img class='hover_image' src='https:\/\/acossolutions.es\/wp-content\/uploads\/2014\/06\/Maria-Jose-Lopez-Hover.jpg' alt='' style='' \/><\/a><\/div><\/div>[vc_column_text]<\/p>\n<h6>Mar\u00eda Jos\u00e9 L\u00f3pez<\/h6>\n<p>[\/vc_column_text][vc_column_text]Responsable del Departamento de n\u00f3minas y Seguridad Social[\/vc_column_text][vc_separator type=\u00bbtransparent\u00bb border_style=\u00bb\u00bb up=\u00bb10px\u00bb][vc_empty_space][\/vc_column][vc_column width=\u00bb1\/4&#8243;]<div class='image_hover hovered' style='' data-transition-delay=''><div class='images_holder'><a href='http:\/\/acossolutions.es\/equipo\/profesionales\/' target='_self'><img class='active_image ' src='https:\/\/acossolutions.es\/wp-content\/uploads\/2014\/06\/colaboradores_acos3.jpg' alt='' style='' \/><img class='hover_image' src='https:\/\/acossolutions.es\/wp-content\/uploads\/2014\/06\/profesionales_hover.jpg' alt='' style='' \/><\/a><\/div><\/div>[vc_column_text]<\/p>\n<h6>Profesionales<\/h6>\n<p>[\/vc_column_text][vc_column_text]<\/p>\n<p class=\"q_team_name\">Contabilidad y N\u00f3minas<\/p>\n<p>[\/vc_column_text][vc_empty_space][\/vc_column][\/vc_row][vc_row row_type=\u00bbrow\u00bb use_row_as_full_screen_section=\u00bbno\u00bb type=\u00bbgrid\u00bb text_align=\u00bbleft\u00bb background_color=\u00bb#e9eae7&#8243; padding_top=\u00bb20&#8243; padding_bottom=\u00bb70&#8243; css_animation=\u00bbelement_from_bottom\u00bb transition_delay=\u00bb500&#8243;][vc_column][vc_column_text]<\/p>\n<h2>Colaboradores<\/h2>\n<p>[\/vc_column_text][vc_separator type=\u00bbtransparent\u00bb border_style=\u00bb\u00bb up=\u00bb20&#8243; down=\u00bb0&#8243;][vc_column_text]ACOS cuenta con el respaldo de los profesionales de <a href=\"http:\/\/www.mmmm.es\/es\/\" target=\"_blank\" rel=\"noopener noreferrer\">Monereo Meyer Abogados<\/a>,<br \/>\ncomo m\u00e1ximo participante en el capital de ACOS.[\/vc_column_text][vc_separator type=\u00bbtransparent\u00bb border_style=\u00bb\u00bb up=\u00bb40&#8243; down=\u00bb0&#8243;][\/vc_column][\/vc_row]<\/p>\n","protected":false},"excerpt":{"rendered":"<p>[vc_row row_type=\u00bbrow\u00bb use_row_as_full_screen_section=\u00bbno\u00bb type=\u00bbgrid\u00bb text_align=\u00bbleft\u00bb background_color=\u00bb#e9eae7&#8243; padding_top=\u00bb70&#8243; css_animation=\u00bbelement_from_bottom\u00bb transition_delay=\u00bb500&#8243;][vc_column][\/vc_column][\/vc_row][vc_row row_type=\u00bbrow\u00bb use_row_as_full_screen_section=\u00bbno\u00bb type=\u00bbgrid\u00bb text_align=\u00bbleft\u00bb background_color=\u00bb#e9eae7&#8243; padding_top=\u00bb0&#8243; css_animation=\u00bbelement_from_bottom\u00bb transition_delay=\u00bb500&#8243;][vc_column][vc_column_text] Equipo [\/vc_column_text][vc_separator type=\u00bbtransparent\u00bb border_style=\u00bb\u00bb up=\u00bb20&#8243; down=\u00bb0&#8243;][\/vc_column][\/vc_row][vc_row row_type=\u00bbrow\u00bb use_row_as_full_screen_section=\u00bbno\u00bb type=\u00bbgrid\u00bb text_align=\u00bbleft\u00bb background_color=\u00bb#e9eae7&#8243; padding_top=\u00bb20&#8243; padding_bottom=\u00bb50&#8243; css_animation=\u00bbelement_from_bottom\u00bb transition_delay=\u00bb300&#8243;][vc_column width=\u00bb1\/4&#8243;][vc_column_text] Inmaculada L\u00f3pez [\/vc_column_text][vc_column_text]Directora[\/vc_column_text][vc_separator type=\u00bbtransparent\u00bb border_style=\u00bb\u00bb up=\u00bb10px\u00bb][vc_empty_space][\/vc_column][vc_column width=\u00bb1\/4&#8243;][vc_column_text] Blanca Luria [\/vc_column_text][vc_column_text]Economista[\/vc_column_text][vc_separator type=\u00bbtransparent\u00bb border_style=\u00bb\u00bb&#8230;<\/p>\n","protected":false},"author":1,"featured_media":0,"parent":0,"menu_order":0,"comment_status":"open","ping_status":"open","template":"full_width.php","meta":{"_mi_skip_tracking":false,"footnotes":""},"class_list":["post-18859","page","type-page","status-publish","hentry"],"_links":{"self":[{"href":"https:\/\/acossolutions.es\/es\/wp-json\/wp\/v2\/pages\/18859","targetHints":{"allow":["GET"]}}],"collection":[{"href":"https:\/\/acossolutions.es\/es\/wp-json\/wp\/v2\/pages"}],"about":[{"href":"https:\/\/acossolutions.es\/es\/wp-json\/wp\/v2\/types\/page"}],"author":[{"embeddable":true,"href":"https:\/\/acossolutions.es\/es\/wp-json\/wp\/v2\/users\/1"}],"replies":[{"embeddable":true,"href":"https:\/\/acossolutions.es\/es\/wp-json\/wp\/v2\/comments?post=18859"}],"version-history":[{"count":108,"href":"https:\/\/acossolutions.es\/es\/wp-json\/wp\/v2\/pages\/18859\/revisions"}],"predecessor-version":[{"id":22944,"href":"https:\/\/acossolutions.es\/es\/wp-json\/wp\/v2\/pages\/18859\/revisions\/22944"}],"wp:attachment":[{"href":"https:\/\/acossolutions.es\/es\/wp-json\/wp\/v2\/media?parent=18859"}],"curies":[{"name":"wp","href":"https:\/\/api.w.org\/{rel}","templated":true}]}}