{"id":22209,"date":"2017-06-15T10:25:15","date_gmt":"2017-06-15T10:25:15","guid":{"rendered":"http:\/\/acossolutions.es\/?page_id=22209"},"modified":"2022-11-03T13:14:55","modified_gmt":"2022-11-03T13:14:55","slug":"mariajose-lopez","status":"publish","type":"page","link":"https:\/\/acossolutions.es\/en\/team\/maria-jose-lopez\/","title":{"rendered":"Mar\u00eda Jos\u00e9 L\u00f3pez"},"content":{"rendered":"<p>[vc_row row_type=&#8221;row&#8221; use_row_as_full_screen_section=&#8221;no&#8221; type=&#8221;grid&#8221; text_align=&#8221;left&#8221; background_color=&#8221;#e9eae7&#8243; padding_top=&#8221;0&#8243; css_animation=&#8221;element_from_bottom&#8221;][vc_column][vc_column_text]<\/p>\n<h2>Mar\u00eda Jos\u00e9 L\u00f3pez<\/h2>\n<p>[\/vc_column_text][vc_separator type=&#8221;transparent&#8221; border_style=&#8221;&#8221; up=&#8221;20&#8243; down=&#8221;0&#8243;][\/vc_column][\/vc_row][vc_row row_type=&#8221;row&#8221; use_row_as_full_screen_section=&#8221;no&#8221; type=&#8221;full_width&#8221; text_align=&#8221;left&#8221; css_animation=&#8221;element_from_bottom&#8221; el_class=&#8221;justificar&#8221;][vc_column width=&#8221;1\/3&#8243;][vc_single_image image=&#8221;22228&#8243; img_size=&#8221;&#8221; qode_css_animation=&#8221;&#8221;][vc_empty_space][vc_column_text]<\/p>\n<h5>Head of the Department Payroll and Social Security<\/h5>\n<p><a href=\"mailto:mlopez@acossolutions.es\">mlopez@acossolutions.es<\/a>[\/vc_column_text][vc_empty_space height=&#8221;10px&#8221;][vc_empty_space][\/vc_column][vc_column width=&#8221;2\/3&#8243;][vc_column_text][\/vc_column_text][vc_empty_space height=&#8221;25px&#8221;][vc_row_inner row_type=&#8221;row&#8221; type=&#8221;full_width&#8221; use_row_as_full_screen_section_slide=&#8221;no&#8221; text_align=&#8221;left&#8221; css_animation=&#8221;element_from_bottom&#8221;][vc_column_inner][vc_column_text]With an expert course in accounting given by the Chamber of Commerce and Industry of Madrid, she has focused her professional career on administration and accounting since 1998. She joined Monereo Meyer Abogados in 2006; in 2016 she joined the team at Acos Accounting Solutions.<\/p>\n<p>&nbsp;<\/p>\n<p>At Monereo Meyer\u00a0Abogados she performed her work in the area of processing with the AEAT, the city council, banks and public bodies, in addition to providing support to the accounting department. In 2008 she moved to the payroll and social security department which she now leads at Acos Accounting Solutions, having performed on-going training in this area.<\/p>\n<p>&nbsp;<\/p>\n<p>Her working languages are Spanish and English.[\/vc_column_text][vc_empty_space height=&#8221;15px&#8221;]<div class='latest_post_holder boxes three_columns one_row'><ul><\/ul><\/div>[vc_empty_space height=&#8221;10px&#8221;][\/vc_column_inner][\/vc_row_inner][\/vc_column][\/vc_row]<\/p>\n","protected":false},"excerpt":{"rendered":"<p>[vc_row row_type=&#8221;row&#8221; use_row_as_full_screen_section=&#8221;no&#8221; type=&#8221;grid&#8221; text_align=&#8221;left&#8221; background_color=&#8221;#e9eae7&#8243; padding_top=&#8221;0&#8243; css_animation=&#8221;element_from_bottom&#8221;][vc_column][vc_column_text] Mar\u00eda Jos\u00e9 L\u00f3pez [\/vc_column_text][vc_separator type=&#8221;transparent&#8221; border_style=&#8221;&#8221; up=&#8221;20&#8243; down=&#8221;0&#8243;][\/vc_column][\/vc_row][vc_row row_type=&#8221;row&#8221; use_row_as_full_screen_section=&#8221;no&#8221; type=&#8221;full_width&#8221; text_align=&#8221;left&#8221; css_animation=&#8221;element_from_bottom&#8221; el_class=&#8221;justificar&#8221;][vc_column width=&#8221;1\/3&#8243;][vc_single_image image=&#8221;22228&#8243; img_size=&#8221;&#8221; qode_css_animation=&#8221;&#8221;][vc_empty_space][vc_column_text] Head of the Department Payroll and Social Security mlopez@acossolutions.es[\/vc_column_text][vc_empty_space height=&#8221;10px&#8221;][vc_empty_space][\/vc_column][vc_column width=&#8221;2\/3&#8243;][vc_column_text][\/vc_column_text][vc_empty_space height=&#8221;25px&#8221;][vc_row_inner row_type=&#8221;row&#8221; type=&#8221;full_width&#8221; use_row_as_full_screen_section_slide=&#8221;no&#8221; text_align=&#8221;left&#8221; css_animation=&#8221;element_from_bottom&#8221;][vc_column_inner][vc_column_text]With an expert&#8230;<\/p>\n","protected":false},"author":1,"featured_media":0,"parent":18859,"menu_order":0,"comment_status":"open","ping_status":"open","template":"","meta":{"_mi_skip_tracking":false,"footnotes":""},"class_list":["post-22209","page","type-page","status-publish","hentry"],"_links":{"self":[{"href":"https:\/\/acossolutions.es\/en\/wp-json\/wp\/v2\/pages\/22209","targetHints":{"allow":["GET"]}}],"collection":[{"href":"https:\/\/acossolutions.es\/en\/wp-json\/wp\/v2\/pages"}],"about":[{"href":"https:\/\/acossolutions.es\/en\/wp-json\/wp\/v2\/types\/page"}],"author":[{"embeddable":true,"href":"https:\/\/acossolutions.es\/en\/wp-json\/wp\/v2\/users\/1"}],"replies":[{"embeddable":true,"href":"https:\/\/acossolutions.es\/en\/wp-json\/wp\/v2\/comments?post=22209"}],"version-history":[{"count":27,"href":"https:\/\/acossolutions.es\/en\/wp-json\/wp\/v2\/pages\/22209\/revisions"}],"predecessor-version":[{"id":22943,"href":"https:\/\/acossolutions.es\/en\/wp-json\/wp\/v2\/pages\/22209\/revisions\/22943"}],"up":[{"embeddable":true,"href":"https:\/\/acossolutions.es\/en\/wp-json\/wp\/v2\/pages\/18859"}],"wp:attachment":[{"href":"https:\/\/acossolutions.es\/en\/wp-json\/wp\/v2\/media?parent=22209"}],"curies":[{"name":"wp","href":"https:\/\/api.w.org\/{rel}","templated":true}]}}