{"id":22103,"date":"2017-04-28T10:55:08","date_gmt":"2017-04-28T10:55:08","guid":{"rendered":"http:\/\/acossolutions.es\/?page_id=22103"},"modified":"2019-09-25T14:01:13","modified_gmt":"2019-09-25T14:01:13","slug":"inmaculada-lopez","status":"publish","type":"page","link":"https:\/\/acossolutions.es\/en\/team\/inmaculada-lopez\/","title":{"rendered":"Inmaculada L\u00f3pez"},"content":{"rendered":"<p>[vc_row row_type=&#8221;row&#8221; use_row_as_full_screen_section=&#8221;no&#8221; type=&#8221;grid&#8221; text_align=&#8221;left&#8221; background_color=&#8221;#e9eae7&#8243; padding_top=&#8221;0&#8243; css_animation=&#8221;element_from_bottom&#8221;][vc_column][vc_column_text]<\/p>\n<h2>Inmaculada L\u00f3pez<\/h2>\n<p>[\/vc_column_text][vc_separator type=&#8221;transparent&#8221; border_style=&#8221;&#8221; up=&#8221;20&#8243; down=&#8221;0&#8243;][\/vc_column][\/vc_row][vc_row row_type=&#8221;row&#8221; use_row_as_full_screen_section=&#8221;no&#8221; type=&#8221;full_width&#8221; text_align=&#8221;left&#8221; css_animation=&#8221;element_from_bottom&#8221; el_class=&#8221;justificar&#8221;][vc_column width=&#8221;1\/3&#8243;][vc_single_image image=&#8221;22106&#8243; img_size=&#8221;&#8221; qode_css_animation=&#8221;&#8221;][vc_empty_space][vc_column_text]<\/p>\n<h5><strong>Director<\/strong><\/h5>\n<p><a href=\"mailto:mlopez@acossolutions.es\" target=\"_blank\" rel=\"noopener noreferrer\">ilopez@acossolutions.es<\/a>[\/vc_column_text][vc_empty_space height=&#8221;10px&#8221;][vc_row_inner row_type=&#8221;row&#8221; type=&#8221;full_width&#8221; use_row_as_full_screen_section_slide=&#8221;no&#8221; text_align=&#8221;left&#8221; css_animation=&#8221;&#8221;][vc_column_inner width=&#8221;1\/6&#8243;]<span class='q_social_icon_holder with_link normal_social' ><a href='https:\/\/www.linkedin.com\/in\/inmaculada-l%C3%B3pez-bravo-b6a87a3a\/' target='_self'><i class='social_icon fa fa-linkedin tiny simple_social' style=''><\/i><\/a><\/span>[vc_empty_space height=&#8221;10px&#8221;][\/vc_column_inner][vc_column_inner width=&#8221;3\/6&#8243;][\/vc_column_inner][\/vc_row_inner][vc_empty_space][\/vc_column][vc_column width=&#8221;2\/3&#8243;][vc_column_text]<strong>Education<\/strong><\/p>\n<p>3-year degree (diploma) in Management and Administration of Companies, Chamber of Commerce and Industry of Madrid and the Universidad Aut\u00f3noma of Madrid. Masters in Financial Economic Management (Direcci\u00f3n Econ\u00f3mico Financiera), Centro de Estudios Financieros in Madrid.<\/p>\n<p>&nbsp;<\/p>\n<p><strong>Experience\/Clients<\/strong><\/p>\n<p>In 2003 she joined the accounting department at Monereo Meyer Abogados, contributing her experience of four years connected to the accounting sector.<\/p>\n<p>&nbsp;<\/p>\n<p>She currently occupies the positions of Financial Director of Monereo Meyer Abogados and Director of its affiliate, Acos Accounting Solutions SLU.[\/vc_column_text][vc_empty_space height=&#8221;25px&#8221;][vc_row_inner row_type=&#8221;row&#8221; type=&#8221;full_width&#8221; use_row_as_full_screen_section_slide=&#8221;no&#8221; text_align=&#8221;left&#8221; css_animation=&#8221;element_from_bottom&#8221;][vc_column_inner][vc_column_text]<\/p>\n<h6><\/h6>\n<p>[\/vc_column_text][vc_empty_space height=&#8221;15px&#8221;]<div class='latest_post_holder boxes three_columns one_row'><ul><li class=\"clearfix\"><div class=\"boxes_image\"><a href=\"https:\/\/acossolutions.es\/en\/espanol-el-gestor-ideal-en-tiempos-de-covid-19-rrhh-digital\/\"><img loading=\"lazy\" decoding=\"async\" width=\"550\" height=\"498\" src=\"https:\/\/acossolutions.es\/wp-content\/uploads\/2020\/07\/editorial-acos-account-dentro-550x498.jpg\" class=\"attachment-portfolio-default size-portfolio-default wp-post-image\" alt=\"gestor ideal covid-19\" srcset=\"https:\/\/acossolutions.es\/wp-content\/uploads\/2020\/07\/editorial-acos-account-dentro-550x498.jpg 550w, https:\/\/acossolutions.es\/wp-content\/uploads\/2020\/07\/editorial-acos-account-dentro-480x434.jpg 480w, https:\/\/acossolutions.es\/wp-content\/uploads\/2020\/07\/editorial-acos-account-dentro-125x112.jpg 125w\" sizes=\"auto, (max-width: 550px) 100vw, 550px\" \/><span class=\"latest_post_overlay\"><i class=\"icon_plus\" aria-hidden=\"true\"><\/i><\/span><\/a><\/div><div class=\"latest_post\" style='background-color: #f7f6f4;'><div class=\"latest_post_text\"><h4 class=\"latest_post_title \"><a href=\"https:\/\/acossolutions.es\/en\/espanol-el-gestor-ideal-en-tiempos-de-covid-19-rrhh-digital\/\">(Espa\u00f1ol) &#8220;El gestor ideal en tiempos de COVID-19&#8221; &#8211; RRHH Digital<\/a><\/h4><\/div><\/div><\/li><\/ul><\/div>[vc_empty_space height=&#8221;10px&#8221;][\/vc_column_inner][\/vc_row_inner][\/vc_column][\/vc_row]<\/p>\n","protected":false},"excerpt":{"rendered":"<p>[vc_row row_type=&#8221;row&#8221; use_row_as_full_screen_section=&#8221;no&#8221; type=&#8221;grid&#8221; text_align=&#8221;left&#8221; background_color=&#8221;#e9eae7&#8243; padding_top=&#8221;0&#8243; css_animation=&#8221;element_from_bottom&#8221;][vc_column][vc_column_text] Inmaculada L\u00f3pez [\/vc_column_text][vc_separator type=&#8221;transparent&#8221; border_style=&#8221;&#8221; up=&#8221;20&#8243; down=&#8221;0&#8243;][\/vc_column][\/vc_row][vc_row row_type=&#8221;row&#8221; use_row_as_full_screen_section=&#8221;no&#8221; type=&#8221;full_width&#8221; text_align=&#8221;left&#8221; css_animation=&#8221;element_from_bottom&#8221; el_class=&#8221;justificar&#8221;][vc_column width=&#8221;1\/3&#8243;][vc_single_image image=&#8221;22106&#8243; img_size=&#8221;&#8221; qode_css_animation=&#8221;&#8221;][vc_empty_space][vc_column_text] Director ilopez@acossolutions.es[\/vc_column_text][vc_empty_space height=&#8221;10px&#8221;][vc_row_inner row_type=&#8221;row&#8221; type=&#8221;full_width&#8221; use_row_as_full_screen_section_slide=&#8221;no&#8221; text_align=&#8221;left&#8221; css_animation=&#8221;&#8221;][vc_column_inner width=&#8221;1\/6&#8243;][vc_empty_space height=&#8221;10px&#8221;][\/vc_column_inner][vc_column_inner width=&#8221;3\/6&#8243;][\/vc_column_inner][\/vc_row_inner][vc_empty_space][\/vc_column][vc_column width=&#8221;2\/3&#8243;][vc_column_text]Education 3-year degree (diploma) in Management and Administration of&#8230;<\/p>\n","protected":false},"author":1,"featured_media":0,"parent":18859,"menu_order":0,"comment_status":"open","ping_status":"open","template":"","meta":{"_mi_skip_tracking":false,"footnotes":""},"class_list":["post-22103","page","type-page","status-publish","hentry"],"_links":{"self":[{"href":"https:\/\/acossolutions.es\/en\/wp-json\/wp\/v2\/pages\/22103","targetHints":{"allow":["GET"]}}],"collection":[{"href":"https:\/\/acossolutions.es\/en\/wp-json\/wp\/v2\/pages"}],"about":[{"href":"https:\/\/acossolutions.es\/en\/wp-json\/wp\/v2\/types\/page"}],"author":[{"embeddable":true,"href":"https:\/\/acossolutions.es\/en\/wp-json\/wp\/v2\/users\/1"}],"replies":[{"embeddable":true,"href":"https:\/\/acossolutions.es\/en\/wp-json\/wp\/v2\/comments?post=22103"}],"version-history":[{"count":46,"href":"https:\/\/acossolutions.es\/en\/wp-json\/wp\/v2\/pages\/22103\/revisions"}],"predecessor-version":[{"id":22544,"href":"https:\/\/acossolutions.es\/en\/wp-json\/wp\/v2\/pages\/22103\/revisions\/22544"}],"up":[{"embeddable":true,"href":"https:\/\/acossolutions.es\/en\/wp-json\/wp\/v2\/pages\/18859"}],"wp:attachment":[{"href":"https:\/\/acossolutions.es\/en\/wp-json\/wp\/v2\/media?parent=22103"}],"curies":[{"name":"wp","href":"https:\/\/api.w.org\/{rel}","templated":true}]}}