{"id":18859,"date":"2014-06-02T09:22:38","date_gmt":"2014-06-02T09:22:38","guid":{"rendered":"http:\/\/demo.select-themes.com\/stockholm2\/?page_id=18859"},"modified":"2022-11-03T13:18:43","modified_gmt":"2022-11-03T13:18:43","slug":"equipo","status":"publish","type":"page","link":"https:\/\/acossolutions.es\/en\/team\/","title":{"rendered":"TEAM"},"content":{"rendered":"<p>[vc_row row_type=&#8221;row&#8221; use_row_as_full_screen_section=&#8221;no&#8221; type=&#8221;grid&#8221; text_align=&#8221;left&#8221; background_color=&#8221;#e9eae7&#8243; padding_top=&#8221;70&#8243; css_animation=&#8221;element_from_bottom&#8221; transition_delay=&#8221;500&#8243;][vc_column][\/vc_column][\/vc_row][vc_row row_type=&#8221;row&#8221; use_row_as_full_screen_section=&#8221;no&#8221; type=&#8221;grid&#8221; text_align=&#8221;left&#8221; background_color=&#8221;#e9eae7&#8243; padding_top=&#8221;0&#8243; css_animation=&#8221;element_from_bottom&#8221; transition_delay=&#8221;500&#8243;][vc_column][vc_column_text]<\/p>\n<h2><strong>Team<\/strong><\/h2>\n<p>[\/vc_column_text][vc_separator type=&#8221;transparent&#8221; border_style=&#8221;&#8221; up=&#8221;20&#8243; down=&#8221;0&#8243;][\/vc_column][\/vc_row][vc_row row_type=&#8221;row&#8221; use_row_as_full_screen_section=&#8221;no&#8221; type=&#8221;grid&#8221; text_align=&#8221;left&#8221; background_color=&#8221;#e9eae7&#8243; padding_top=&#8221;20&#8243; padding_bottom=&#8221;50&#8243; css_animation=&#8221;element_from_bottom&#8221; transition_delay=&#8221;300&#8243;][vc_column width=&#8221;1\/4&#8243;]<div class='image_hover hovered' style='' data-transition-delay=''><div class='images_holder'><a href='http:\/\/acossolutions.es\/en\/team\/inmaculada-lopez\/' target='_self'><img class='active_image ' src='https:\/\/acossolutions.es\/wp-content\/uploads\/2014\/06\/Inmaculada-Lopez-2.jpg' alt='' style='' \/><img class='hover_image' src='https:\/\/acossolutions.es\/wp-content\/uploads\/2014\/06\/Inmaculada-Lopez-2-Hover.jpg' alt='' style='' \/><\/a><\/div><\/div>[vc_column_text]<\/p>\n<h6>Inmaculada L\u00f3pez<\/h6>\n<p>[\/vc_column_text][vc_column_text]Director[\/vc_column_text][vc_separator type=&#8221;transparent&#8221; border_style=&#8221;&#8221; up=&#8221;10px&#8221;][vc_empty_space][\/vc_column][vc_column width=&#8221;1\/4&#8243;]<div class='image_hover hovered' style='' data-transition-delay=''><div class='images_holder'><a href='http:\/\/acossolutions.es\/en\/team\/blanca-luria\/' target='_self'><img class='active_image ' src='https:\/\/acossolutions.es\/wp-content\/uploads\/2014\/06\/Blanca-Luria.jpg' alt='' style='' \/><img class='hover_image' src='https:\/\/acossolutions.es\/wp-content\/uploads\/2014\/06\/Blanca-Luria-Hover.jpg' alt='' style='' \/><\/a><\/div><\/div>[vc_column_text]<\/p>\n<h6>Blanca Luria<\/h6>\n<p>[\/vc_column_text][vc_column_text]Economist[\/vc_column_text][vc_separator type=&#8221;transparent&#8221; border_style=&#8221;&#8221; up=&#8221;10px&#8221;][vc_empty_space][\/vc_column][vc_column width=&#8221;1\/4&#8243;]<div class='image_hover hovered' style='' data-transition-delay=''><div class='images_holder'><a href='http:\/\/acossolutions.es\/en\/team\/mariajose-lopez\/' target='_self'><img class='active_image ' src='https:\/\/acossolutions.es\/wp-content\/uploads\/2014\/06\/Maria-Jose-Lopez.jpg' alt='' style='' \/><img class='hover_image' src='https:\/\/acossolutions.es\/wp-content\/uploads\/2014\/06\/Maria-Jose-Lopez-Hover.jpg' alt='' style='' \/><\/a><\/div><\/div>[vc_column_text]<\/p>\n<h6>Mar\u00eda Jos\u00e9 L\u00f3pez<\/h6>\n<p>[\/vc_column_text][vc_column_text]Head of the Department Payroll and Social Security[\/vc_column_text][vc_separator type=&#8221;transparent&#8221; border_style=&#8221;&#8221; up=&#8221;10px&#8221;][vc_empty_space][\/vc_column][vc_column width=&#8221;1\/4&#8243;]<div class='image_hover hovered' style='' data-transition-delay=''><div class='images_holder'><a href='http:\/\/acossolutions.es\/en\/team\/professionals\/' target='_self'><img class='active_image ' src='https:\/\/acossolutions.es\/wp-content\/uploads\/2014\/06\/colaboradores_acos3.jpg' alt='' style='' \/><img class='hover_image' src='https:\/\/acossolutions.es\/wp-content\/uploads\/2014\/06\/profesionales_hover.jpg' alt='' style='' \/><\/a><\/div><\/div>[vc_column_text]<\/p>\n<h6>Professionals<\/h6>\n<p>[\/vc_column_text][vc_column_text]Accounting and Payroll Assistants[\/vc_column_text][vc_empty_space][\/vc_column][\/vc_row][vc_row row_type=&#8221;row&#8221; use_row_as_full_screen_section=&#8221;no&#8221; type=&#8221;grid&#8221; text_align=&#8221;left&#8221; background_color=&#8221;#e9eae7&#8243; padding_top=&#8221;20&#8243; padding_bottom=&#8221;70&#8243; css_animation=&#8221;element_from_bottom&#8221; transition_delay=&#8221;500&#8243;][vc_column][vc_column_text]<\/p>\n<h2><strong>Collaborators<\/strong><\/h2>\n<p>[\/vc_column_text][vc_separator type=&#8221;transparent&#8221; border_style=&#8221;&#8221; up=&#8221;20&#8243; down=&#8221;0&#8243;][vc_column_text]ACOS is supported by the professionals at\u00a0<a href=\"http:\/\/www.mmmm.es\/en\/\">Monereo Meyer Abogados<\/a>,<br \/>\nas maximum stakeholder in the capital of ACOS.[\/vc_column_text][vc_separator type=&#8221;transparent&#8221; border_style=&#8221;&#8221; up=&#8221;40&#8243; down=&#8221;0&#8243;][\/vc_column][\/vc_row]<\/p>\n","protected":false},"excerpt":{"rendered":"<p>[vc_row row_type=&#8221;row&#8221; use_row_as_full_screen_section=&#8221;no&#8221; type=&#8221;grid&#8221; text_align=&#8221;left&#8221; background_color=&#8221;#e9eae7&#8243; padding_top=&#8221;70&#8243; css_animation=&#8221;element_from_bottom&#8221; transition_delay=&#8221;500&#8243;][vc_column][\/vc_column][\/vc_row][vc_row row_type=&#8221;row&#8221; use_row_as_full_screen_section=&#8221;no&#8221; type=&#8221;grid&#8221; text_align=&#8221;left&#8221; background_color=&#8221;#e9eae7&#8243; padding_top=&#8221;0&#8243; css_animation=&#8221;element_from_bottom&#8221; transition_delay=&#8221;500&#8243;][vc_column][vc_column_text] Team [\/vc_column_text][vc_separator type=&#8221;transparent&#8221; border_style=&#8221;&#8221; up=&#8221;20&#8243; down=&#8221;0&#8243;][\/vc_column][\/vc_row][vc_row row_type=&#8221;row&#8221; use_row_as_full_screen_section=&#8221;no&#8221; type=&#8221;grid&#8221; text_align=&#8221;left&#8221; background_color=&#8221;#e9eae7&#8243; padding_top=&#8221;20&#8243; padding_bottom=&#8221;50&#8243; css_animation=&#8221;element_from_bottom&#8221; transition_delay=&#8221;300&#8243;][vc_column width=&#8221;1\/4&#8243;][vc_column_text] Inmaculada L\u00f3pez [\/vc_column_text][vc_column_text]Director[\/vc_column_text][vc_separator type=&#8221;transparent&#8221; border_style=&#8221;&#8221; up=&#8221;10px&#8221;][vc_empty_space][\/vc_column][vc_column width=&#8221;1\/4&#8243;][vc_column_text] Blanca Luria [\/vc_column_text][vc_column_text]Economist[\/vc_column_text][vc_separator type=&#8221;transparent&#8221; border_style=&#8221;&#8221;&#8230;<\/p>\n","protected":false},"author":1,"featured_media":0,"parent":0,"menu_order":0,"comment_status":"open","ping_status":"open","template":"full_width.php","meta":{"_mi_skip_tracking":false,"footnotes":""},"class_list":["post-18859","page","type-page","status-publish","hentry"],"_links":{"self":[{"href":"https:\/\/acossolutions.es\/en\/wp-json\/wp\/v2\/pages\/18859","targetHints":{"allow":["GET"]}}],"collection":[{"href":"https:\/\/acossolutions.es\/en\/wp-json\/wp\/v2\/pages"}],"about":[{"href":"https:\/\/acossolutions.es\/en\/wp-json\/wp\/v2\/types\/page"}],"author":[{"embeddable":true,"href":"https:\/\/acossolutions.es\/en\/wp-json\/wp\/v2\/users\/1"}],"replies":[{"embeddable":true,"href":"https:\/\/acossolutions.es\/en\/wp-json\/wp\/v2\/comments?post=18859"}],"version-history":[{"count":108,"href":"https:\/\/acossolutions.es\/en\/wp-json\/wp\/v2\/pages\/18859\/revisions"}],"predecessor-version":[{"id":22944,"href":"https:\/\/acossolutions.es\/en\/wp-json\/wp\/v2\/pages\/18859\/revisions\/22944"}],"wp:attachment":[{"href":"https:\/\/acossolutions.es\/en\/wp-json\/wp\/v2\/media?parent=18859"}],"curies":[{"name":"wp","href":"https:\/\/api.w.org\/{rel}","templated":true}]}}