{"id":23072,"date":"2024-10-09T10:19:00","date_gmt":"2024-10-09T10:19:00","guid":{"rendered":"http:\/\/acossolutions.es\/es\/?page_id=23072"},"modified":"2025-03-07T08:43:24","modified_gmt":"2025-03-07T08:43:24","slug":"sonia-santos-2-2","status":"publish","type":"page","link":"https:\/\/acossolutions.es\/de\/team\/marianela-moyano\/","title":{"rendered":"Marianela Moyano"},"content":{"rendered":"<p>[vc_row row_type=&#8220;row&#8220; use_row_as_full_screen_section=&#8220;no&#8220; type=&#8220;grid&#8220; text_align=&#8220;left&#8220; background_color=&#8220;#e9eae7&#8243; padding_top=&#8220;0&#8243; css_animation=&#8220;element_from_bottom&#8220;][vc_column][vc_column_text]<\/p>\n<h2><b>Marianela Moyano<\/b><\/h2>\n<p>[\/vc_column_text][vc_separator type=&#8220;transparent&#8220; border_style=&#8220;&#8220; up=&#8220;20&#8243; down=&#8220;0&#8243;][\/vc_column][\/vc_row][vc_row row_type=&#8220;row&#8220; use_row_as_full_screen_section=&#8220;no&#8220; type=&#8220;full_width&#8220; text_align=&#8220;left&#8220; css_animation=&#8220;element_from_bottom&#8220; el_class=&#8220;justificar&#8220;][vc_column width=&#8220;1\/3&#8243;][vc_single_image image=&#8220;23075&#8243; img_size=&#8220;&#8220; qode_css_animation=&#8220;&#8220;][vc_empty_space][vc_column_text]<\/p>\n<h5>Beraterin Finanz- und Rechnungswesen<\/h5>\n<p>[\/vc_column_text][vc_empty_space height=&#8220;10px&#8220;][vc_empty_space][\/vc_column][vc_column width=&#8220;2\/3&#8243;][vc_column_text]<strong>Ausbildung<\/strong><\/p>\n<p>Studium Rechnungswesen &amp; Buchhaltung an der Universidad Belgrano (Buenos Aires, Argentinien) und Master in Finanzen der Universidad Torcuato Di Tella.<\/p>\n<p>&nbsp;<\/p>\n<p><strong>Erfahrung\/Kunden<\/strong><\/p>\n<p>Marianela Moyano kam 2023 zu ACOS. Seit 2017 war sie in multinationalen Unternehmen und in einer der Big Four Wirtschaftspr\u00fcfungsgesellschaften t\u00e4tig und bringt die dort gesammelte Erfahrung im Rechnungswesen in ihre t\u00e4gliche Arbeit bei uns ein.<\/p>\n<p>&nbsp;<\/p>\n<p>Ihre Arbeitssprachen sind Spanisch, Deutsch, Englisch und Franz\u00f6sisch.[\/vc_column_text][vc_empty_space height=&#8220;25px&#8220;][vc_row_inner row_type=&#8220;row&#8220; type=&#8220;full_width&#8220; use_row_as_full_screen_section_slide=&#8220;no&#8220; text_align=&#8220;left&#8220; css_animation=&#8220;element_from_bottom&#8220;][vc_column_inner][vc_column_text]<\/p>\n<h6><\/h6>\n<p>[\/vc_column_text][vc_empty_space height=&#8220;15px&#8220;]<div class='latest_post_holder boxes three_columns one_row'><ul><\/ul><\/div>[vc_empty_space height=&#8220;10px&#8220;][\/vc_column_inner][\/vc_row_inner][\/vc_column][\/vc_row]<\/p>\n","protected":false},"excerpt":{"rendered":"<p>[vc_row row_type=&#8220;row&#8220; use_row_as_full_screen_section=&#8220;no&#8220; type=&#8220;grid&#8220; text_align=&#8220;left&#8220; background_color=&#8220;#e9eae7&#8243; padding_top=&#8220;0&#8243; css_animation=&#8220;element_from_bottom&#8220;][vc_column][vc_column_text] Marianela Moyano [\/vc_column_text][vc_separator type=&#8220;transparent&#8220; border_style=&#8220;&#8220; up=&#8220;20&#8243; down=&#8220;0&#8243;][\/vc_column][\/vc_row][vc_row row_type=&#8220;row&#8220; use_row_as_full_screen_section=&#8220;no&#8220; type=&#8220;full_width&#8220; text_align=&#8220;left&#8220; css_animation=&#8220;element_from_bottom&#8220; el_class=&#8220;justificar&#8220;][vc_column width=&#8220;1\/3&#8243;][vc_single_image image=&#8220;23075&#8243; img_size=&#8220;&#8220; qode_css_animation=&#8220;&#8220;][vc_empty_space][vc_column_text] Beraterin Finanz- und Rechnungswesen [\/vc_column_text][vc_empty_space height=&#8220;10px&#8220;][vc_empty_space][\/vc_column][vc_column width=&#8220;2\/3&#8243;][vc_column_text]Ausbildung Studium Rechnungswesen &amp; Buchhaltung an der Universidad Belgrano (Buenos Aires, Argentinien) und Master&#8230;<\/p>\n","protected":false},"author":1,"featured_media":0,"parent":18859,"menu_order":0,"comment_status":"open","ping_status":"open","template":"","meta":{"_mi_skip_tracking":false,"footnotes":""},"class_list":["post-23072","page","type-page","status-publish","hentry"],"_links":{"self":[{"href":"https:\/\/acossolutions.es\/de\/wp-json\/wp\/v2\/pages\/23072","targetHints":{"allow":["GET"]}}],"collection":[{"href":"https:\/\/acossolutions.es\/de\/wp-json\/wp\/v2\/pages"}],"about":[{"href":"https:\/\/acossolutions.es\/de\/wp-json\/wp\/v2\/types\/page"}],"author":[{"embeddable":true,"href":"https:\/\/acossolutions.es\/de\/wp-json\/wp\/v2\/users\/1"}],"replies":[{"embeddable":true,"href":"https:\/\/acossolutions.es\/de\/wp-json\/wp\/v2\/comments?post=23072"}],"version-history":[{"count":10,"href":"https:\/\/acossolutions.es\/de\/wp-json\/wp\/v2\/pages\/23072\/revisions"}],"predecessor-version":[{"id":23103,"href":"https:\/\/acossolutions.es\/de\/wp-json\/wp\/v2\/pages\/23072\/revisions\/23103"}],"up":[{"embeddable":true,"href":"https:\/\/acossolutions.es\/de\/wp-json\/wp\/v2\/pages\/18859"}],"wp:attachment":[{"href":"https:\/\/acossolutions.es\/de\/wp-json\/wp\/v2\/media?parent=23072"}],"curies":[{"name":"wp","href":"https:\/\/api.w.org\/{rel}","templated":true}]}}