{"id":22965,"date":"2022-11-10T10:48:31","date_gmt":"2022-11-10T10:48:31","guid":{"rendered":"http:\/\/acossolutions.es\/es\/?page_id=22965"},"modified":"2022-11-14T11:40:01","modified_gmt":"2022-11-14T11:40:01","slug":"mariajose-lopez-2-3","status":"publish","type":"page","link":"https:\/\/acossolutions.es\/de\/team\/alexandra-martin\/","title":{"rendered":"Alexandra Mart\u00edn"},"content":{"rendered":"<p>[vc_row row_type=&#8220;row&#8220; use_row_as_full_screen_section=&#8220;no&#8220; type=&#8220;grid&#8220; text_align=&#8220;left&#8220; background_color=&#8220;#e9eae7&#8243; padding_top=&#8220;0&#8243; css_animation=&#8220;element_from_bottom&#8220;][vc_column][vc_column_text]<\/p>\n<h2><strong>Alexandra Mart\u00edn <\/strong><\/h2>\n<p>[\/vc_column_text][vc_separator type=&#8220;transparent&#8220; border_style=&#8220;&#8220; up=&#8220;20&#8243; down=&#8220;0&#8243;][\/vc_column][\/vc_row][vc_row row_type=&#8220;row&#8220; use_row_as_full_screen_section=&#8220;no&#8220; type=&#8220;full_width&#8220; text_align=&#8220;left&#8220; css_animation=&#8220;element_from_bottom&#8220; el_class=&#8220;justificar&#8220;][vc_column width=&#8220;1\/3&#8243;][vc_single_image image=&#8220;22968&#8243; img_size=&#8220;&#8220; qode_css_animation=&#8220;&#8220;][vc_empty_space][vc_column_text]<\/p>\n<h5>Beraterin Finanz- und Rechnungswesen<\/h5>\n<p><a href=\"mailto:amartin@acossolutions.es\">amartin@acossolutions.es<\/a>[\/vc_column_text][vc_empty_space height=&#8220;10px&#8220;][vc_empty_space][\/vc_column][vc_column width=&#8220;2\/3&#8243;][vc_column_text][\/vc_column_text][vc_empty_space height=&#8220;25px&#8220;][vc_row_inner row_type=&#8220;row&#8220; type=&#8220;full_width&#8220; use_row_as_full_screen_section_slide=&#8220;no&#8220; text_align=&#8220;left&#8220; css_animation=&#8220;element_from_bottom&#8220;][vc_column_inner][vc_column_text]<strong>Ausbildung<\/strong><\/p>\n<p>Masterabschluss in Buchhaltungsmanagement und Controlling der Universidad Polit\u00e9cnica de Catalunya (UPC) und der Escuela de Administraci\u00f3n de Empresa (EAE). Sie hat zudem das weiterf\u00fchrende Fortbildungsprogramm zu Unternehmensf\u00fchrung und Management der Universitat Oberta de Catalunya (UOC) abgeschlossen.<\/p>\n<p>&nbsp;<\/p>\n<p><strong>Erfahrung<\/strong><\/p>\n<p>Alexandra Mart\u00edn bringt 17 Jahre Berufserfahrung im Bereich Buchhaltung mit. Sie war Leiterin der Abteilung f\u00fcr Finanzen, Buchhaltung, Personal und Lieferantenmanagement auf der iberischen Halbinsel eines Dienstleistungsunternehmens f\u00fcr Versicherer.<\/p>\n<p>&nbsp;<\/p>\n<p>Ihre Arbeitssprachen sind Spanisch, Deutsch und Englisch.[\/vc_column_text][vc_empty_space height=&#8220;15px&#8220;]<div class='latest_post_holder boxes three_columns one_row'><ul><\/ul><\/div>[vc_empty_space height=&#8220;10px&#8220;][\/vc_column_inner][\/vc_row_inner][\/vc_column][\/vc_row]<\/p>\n","protected":false},"excerpt":{"rendered":"<p>[vc_row row_type=&#8220;row&#8220; use_row_as_full_screen_section=&#8220;no&#8220; type=&#8220;grid&#8220; text_align=&#8220;left&#8220; background_color=&#8220;#e9eae7&#8243; padding_top=&#8220;0&#8243; css_animation=&#8220;element_from_bottom&#8220;][vc_column][vc_column_text] Alexandra Mart\u00edn [\/vc_column_text][vc_separator type=&#8220;transparent&#8220; border_style=&#8220;&#8220; up=&#8220;20&#8243; down=&#8220;0&#8243;][\/vc_column][\/vc_row][vc_row row_type=&#8220;row&#8220; use_row_as_full_screen_section=&#8220;no&#8220; type=&#8220;full_width&#8220; text_align=&#8220;left&#8220; css_animation=&#8220;element_from_bottom&#8220; el_class=&#8220;justificar&#8220;][vc_column width=&#8220;1\/3&#8243;][vc_single_image image=&#8220;22968&#8243; img_size=&#8220;&#8220; qode_css_animation=&#8220;&#8220;][vc_empty_space][vc_column_text] Beraterin Finanz- und Rechnungswesen amartin@acossolutions.es[\/vc_column_text][vc_empty_space height=&#8220;10px&#8220;][vc_empty_space][\/vc_column][vc_column width=&#8220;2\/3&#8243;][vc_column_text][\/vc_column_text][vc_empty_space height=&#8220;25px&#8220;][vc_row_inner row_type=&#8220;row&#8220; type=&#8220;full_width&#8220; use_row_as_full_screen_section_slide=&#8220;no&#8220; text_align=&#8220;left&#8220; css_animation=&#8220;element_from_bottom&#8220;][vc_column_inner][vc_column_text]Ausbildung Masterabschluss in Buchhaltungsmanagement und Controlling der Universidad&#8230;<\/p>\n","protected":false},"author":1,"featured_media":0,"parent":18859,"menu_order":0,"comment_status":"open","ping_status":"open","template":"","meta":{"_mi_skip_tracking":false,"footnotes":""},"class_list":["post-22965","page","type-page","status-publish","hentry"],"_links":{"self":[{"href":"https:\/\/acossolutions.es\/de\/wp-json\/wp\/v2\/pages\/22965","targetHints":{"allow":["GET"]}}],"collection":[{"href":"https:\/\/acossolutions.es\/de\/wp-json\/wp\/v2\/pages"}],"about":[{"href":"https:\/\/acossolutions.es\/de\/wp-json\/wp\/v2\/types\/page"}],"author":[{"embeddable":true,"href":"https:\/\/acossolutions.es\/de\/wp-json\/wp\/v2\/users\/1"}],"replies":[{"embeddable":true,"href":"https:\/\/acossolutions.es\/de\/wp-json\/wp\/v2\/comments?post=22965"}],"version-history":[{"count":5,"href":"https:\/\/acossolutions.es\/de\/wp-json\/wp\/v2\/pages\/22965\/revisions"}],"predecessor-version":[{"id":22976,"href":"https:\/\/acossolutions.es\/de\/wp-json\/wp\/v2\/pages\/22965\/revisions\/22976"}],"up":[{"embeddable":true,"href":"https:\/\/acossolutions.es\/de\/wp-json\/wp\/v2\/pages\/18859"}],"wp:attachment":[{"href":"https:\/\/acossolutions.es\/de\/wp-json\/wp\/v2\/media?parent=22965"}],"curies":[{"name":"wp","href":"https:\/\/api.w.org\/{rel}","templated":true}]}}