{"id":22895,"date":"2022-11-02T10:07:18","date_gmt":"2022-11-02T10:07:18","guid":{"rendered":"http:\/\/acossolutions.es\/es\/?page_id=22895"},"modified":"2024-10-10T07:44:34","modified_gmt":"2024-10-10T07:44:34","slug":"mariajose-lopez-2-2","status":"publish","type":"page","link":"https:\/\/acossolutions.es\/de\/team\/marialuisa-lebron\/","title":{"rendered":"Marisa Lebr\u00f3n"},"content":{"rendered":"<p>[vc_row row_type=&#8220;row&#8220; use_row_as_full_screen_section=&#8220;no&#8220; type=&#8220;grid&#8220; text_align=&#8220;left&#8220; background_color=&#8220;#e9eae7&#8243; padding_top=&#8220;0&#8243; css_animation=&#8220;element_from_bottom&#8220;][vc_column][vc_column_text]<\/p>\n<h2>Marisa Lebr\u00f3n<\/h2>\n<p>[\/vc_column_text][vc_separator type=&#8220;transparent&#8220; border_style=&#8220;&#8220; up=&#8220;20&#8243; down=&#8220;0&#8243;][\/vc_column][\/vc_row][vc_row row_type=&#8220;row&#8220; use_row_as_full_screen_section=&#8220;no&#8220; type=&#8220;full_width&#8220; text_align=&#8220;left&#8220; css_animation=&#8220;element_from_bottom&#8220; el_class=&#8220;justificar&#8220;][vc_column width=&#8220;1\/3&#8243;][vc_single_image image=&#8220;22948&#8243; img_size=&#8220;&#8220; qode_css_animation=&#8220;&#8220;][vc_empty_space][vc_column_text]<\/p>\n<h5>Beraterin Finanz- und Rechnungswesen<\/h5>\n<p><a href=\"mailto:mlebron@acossolutions.es\">mlebron@acossolutions.es<\/a>[\/vc_column_text][vc_empty_space height=&#8220;10px&#8220;][vc_empty_space][\/vc_column][vc_column width=&#8220;2\/3&#8243;][vc_column_text][\/vc_column_text][vc_empty_space height=&#8220;25px&#8220;][vc_row_inner row_type=&#8220;row&#8220; type=&#8220;full_width&#8220; use_row_as_full_screen_section_slide=&#8220;no&#8220; text_align=&#8220;left&#8220; css_animation=&#8220;element_from_bottom&#8220;][vc_column_inner][vc_column_text]<strong>Ausbildung<\/strong><\/p>\n<p>Studium Betriebswirtschaft<\/p>\n<p>&nbsp;<\/p>\n<p><strong>Erfahrung<\/strong><\/p>\n<p>Sie verf\u00fcgt \u00fcber mehr als 15 Jahre Erfahrung in den Bereichen Buchhaltung und Finanzen nationaler und internationaler Unternehmen in Spanien und Deutschland. Sie hat in unterschiedlichen Branchen und Settings gearbeitet und kann sich daher schnell auf Ver\u00e4nderungen einstellen. Als St\u00e4rken w\u00fcrde sie Diskretion, Geduld, Kollegialit\u00e4t und Empathie nennen.[\/vc_column_text][vc_empty_space height=&#8220;15px&#8220;]<div class='latest_post_holder boxes three_columns one_row'><ul><\/ul><\/div>[vc_empty_space height=&#8220;10px&#8220;][\/vc_column_inner][\/vc_row_inner][\/vc_column][\/vc_row]<\/p>\n","protected":false},"excerpt":{"rendered":"<p>[vc_row row_type=&#8220;row&#8220; use_row_as_full_screen_section=&#8220;no&#8220; type=&#8220;grid&#8220; text_align=&#8220;left&#8220; background_color=&#8220;#e9eae7&#8243; padding_top=&#8220;0&#8243; css_animation=&#8220;element_from_bottom&#8220;][vc_column][vc_column_text] Marisa Lebr\u00f3n [\/vc_column_text][vc_separator type=&#8220;transparent&#8220; border_style=&#8220;&#8220; up=&#8220;20&#8243; down=&#8220;0&#8243;][\/vc_column][\/vc_row][vc_row row_type=&#8220;row&#8220; use_row_as_full_screen_section=&#8220;no&#8220; type=&#8220;full_width&#8220; text_align=&#8220;left&#8220; css_animation=&#8220;element_from_bottom&#8220; el_class=&#8220;justificar&#8220;][vc_column width=&#8220;1\/3&#8243;][vc_single_image image=&#8220;22948&#8243; img_size=&#8220;&#8220; qode_css_animation=&#8220;&#8220;][vc_empty_space][vc_column_text] Beraterin Finanz- und Rechnungswesen mlebron@acossolutions.es[\/vc_column_text][vc_empty_space height=&#8220;10px&#8220;][vc_empty_space][\/vc_column][vc_column width=&#8220;2\/3&#8243;][vc_column_text][\/vc_column_text][vc_empty_space height=&#8220;25px&#8220;][vc_row_inner row_type=&#8220;row&#8220; type=&#8220;full_width&#8220; use_row_as_full_screen_section_slide=&#8220;no&#8220; text_align=&#8220;left&#8220; css_animation=&#8220;element_from_bottom&#8220;][vc_column_inner][vc_column_text]Ausbildung Studium Betriebswirtschaft &nbsp; Erfahrung Sie verf\u00fcgt \u00fcber&#8230;<\/p>\n","protected":false},"author":1,"featured_media":0,"parent":18859,"menu_order":0,"comment_status":"open","ping_status":"open","template":"","meta":{"_mi_skip_tracking":false,"footnotes":""},"class_list":["post-22895","page","type-page","status-publish","hentry"],"_links":{"self":[{"href":"https:\/\/acossolutions.es\/de\/wp-json\/wp\/v2\/pages\/22895","targetHints":{"allow":["GET"]}}],"collection":[{"href":"https:\/\/acossolutions.es\/de\/wp-json\/wp\/v2\/pages"}],"about":[{"href":"https:\/\/acossolutions.es\/de\/wp-json\/wp\/v2\/types\/page"}],"author":[{"embeddable":true,"href":"https:\/\/acossolutions.es\/de\/wp-json\/wp\/v2\/users\/1"}],"replies":[{"embeddable":true,"href":"https:\/\/acossolutions.es\/de\/wp-json\/wp\/v2\/comments?post=22895"}],"version-history":[{"count":4,"href":"https:\/\/acossolutions.es\/de\/wp-json\/wp\/v2\/pages\/22895\/revisions"}],"predecessor-version":[{"id":23101,"href":"https:\/\/acossolutions.es\/de\/wp-json\/wp\/v2\/pages\/22895\/revisions\/23101"}],"up":[{"embeddable":true,"href":"https:\/\/acossolutions.es\/de\/wp-json\/wp\/v2\/pages\/18859"}],"wp:attachment":[{"href":"https:\/\/acossolutions.es\/de\/wp-json\/wp\/v2\/media?parent=22895"}],"curies":[{"name":"wp","href":"https:\/\/api.w.org\/{rel}","templated":true}]}}