{"id":22504,"date":"2018-06-12T16:34:24","date_gmt":"2018-06-12T16:34:24","guid":{"rendered":"http:\/\/acossolutions.es\/?page_id=22504"},"modified":"2018-06-15T13:03:09","modified_gmt":"2018-06-15T13:03:09","slug":"politica-de-cookies","status":"publish","type":"page","link":"https:\/\/acossolutions.es\/de\/politica-de-cookies\/","title":{"rendered":"Cookie  richtlinie"},"content":{"rendered":"<p>[vc_row row_type=&#8220;row&#8220; use_row_as_full_screen_section=&#8220;no&#8220; type=&#8220;full_width&#8220; text_align=&#8220;left&#8220; background_color=&#8220;#e9eae7&#8243; padding_top=&#8220;100&#8243; padding_bottom=&#8220;30&#8243; css_animation=&#8220;element_from_bottom&#8220;][vc_column][vc_row_inner row_type=&#8220;row&#8220; type=&#8220;grid&#8220; use_row_as_full_screen_section_slide=&#8220;no&#8220; text_align=&#8220;center&#8220; css_animation=&#8220;&#8220;][vc_column_inner][vc_column_text]<\/p>\n<h2>Cookie richtlinie<\/h2>\n<p>[\/vc_column_text][\/vc_column_inner][\/vc_row_inner][\/vc_column][\/vc_row][vc_row row_type=&#8220;row&#8220; use_row_as_full_screen_section=&#8220;no&#8220; type=&#8220;grid&#8220; text_align=&#8220;left&#8220; background_color=&#8220;#e9eae7&#8243; padding_top=&#8220;30&#8243; padding_bottom=&#8220;20&#8243; css_animation=&#8220;element_from_bottom&#8220;][vc_column][vc_row_inner row_type=&#8220;row&#8220; type=&#8220;full_width&#8220; use_row_as_full_screen_section_slide=&#8220;no&#8220; text_align=&#8220;left&#8220; css_animation=&#8220;&#8220; el_class=&#8220;justificar&#8220;][vc_column_inner][vc_column_text]ACOS ACCOUNTING SOLUTIONS S.L.U. (im Folgenden, \u201cACOS\u201d) m\u00f6chte Sie nachstehend \u00fcber unsere\u00a0 \u00a0Cookie-Richtlinie betreffend die Verwendung von Speicher- und Abfragesystemen von Daten in den Endger\u00e4ten der Nutzer informieren.<\/p>\n<p>&nbsp;<\/p>\n<p><strong>1.- Was sind Cookies?<\/strong><\/p>\n<p>&nbsp;<\/p>\n<p>Cookies sind Dateien, die auf den Computer, das Smartphone oder das Tablett des Nutzers runtergeladen werden, wenn er auf bestimmte Webseiten und Anwendungen zugreift, die erlauben, die Browsing-Vorlieben des Nutzers zu speichern, wodurch sich die Interaktion zwischen dem Nutzer und der Website einfacher gestaltet und beschleunigt wird.<\/p>\n<p>&nbsp;<\/p>\n<p>Die von den Cookies erhobenen Daten sind anonym und beinhalten keinerlei sensible Information, da sie keine Daten erheben, die den Nutzer pers\u00f6nlich identifizieren k\u00f6nnten.\u00a0 Der Nutzer hat in jedem Fall Zugriff auf die Einstellung seines Browsers, um die Platzierung der von der Webseite \u00fcbermittelten Cookies zu \u00e4ndern und\/oder zu blockieren, ohne dass dies den Zugang zu den Inhalten derselben unterbindet.<\/p>\n<p>&nbsp;<\/p>\n<p><strong>2.- Wof\u00fcr verwendet \u00a0ACOS Cookies? <\/strong><\/p>\n<p>&nbsp;<\/p>\n<p>Die vorliegende Website verwendet Cookies oder andere Datenspeicher- und Datenabfragesysteme, um die Interaktionen zwischen den Nutzern mit den auf der Website angebotenen Diensten zu verfolgen.<\/p>\n<p>&nbsp;<\/p>\n<p>Die Cookies erlauben den Browser eines Nutzers und\u00a0 die Art des Ger\u00e4ts, von dem er auf die Website zugreift, zu erkennen und werden dazu verwendet, den n\u00e4chsten Besuch des Nutzers zu vereinfachen und die Website benutzerfreundlicher zu gestalten.<\/p>\n<p>&nbsp;<\/p>\n<p>Beispielsweise verwendet \u00a0ACOS die Cookies u.a., um sicherzustellen, dass die Website reibungslos funktioniert und, um ihre Browsinggewohnheiten kennenzulernen.<\/p>\n<p>&nbsp;<\/p>\n<p>Die Verwendung von Cookies erlaubt ACOS also, das Browsing des Nutzers zu optimieren, indem das Informations- und Serviceangebot an dessen Interessen und Vorlieben angepasst wird.[\/vc_column_text][vc_empty_space][\/vc_column_inner][\/vc_row_inner][vc_row_inner row_type=&#8220;row&#8220; type=&#8220;full_width&#8220; use_row_as_full_screen_section_slide=&#8220;no&#8220; text_align=&#8220;left&#8220; css_animation=&#8220;&#8220; el_class=&#8220;justificar&#8220;][vc_column_inner][vc_column_text]<strong>3.- Auf dieser Website verwendete Arten von Cookies: \u00a0<\/strong><\/p>\n<p>&nbsp;<\/p>\n<p>Die Website bringt folgende Arten von Cookies zum Einsatz:<\/p>\n<p>&nbsp;<\/p>\n<ul>\n<li>Eigene Cookies: Diese Cookies sorgen f\u00fcr den reibungslosen Betrieb der Website, haben also eine grundlegende Funktion, damit der Nutzer all ihre Optionen und Funktionen ordnungsgem\u00e4\u00df benutzen kann.<\/li>\n<\/ul>\n<p>&nbsp;<\/p>\n<ul>\n<li>Cookies von Dritten: Hierbei handelt es sich um Cookies, die von einer Anlage oder Domain an das Endger\u00e4t des Nutzers verschickt werden, die jedoch nicht von ACOS, sondern von einer Firma gesteuert werden, welche die \u00fcber die Cookies erhobenen Daten verarbeitet.<\/li>\n<\/ul>\n<p>&nbsp;<\/p>\n<p>&nbsp;<\/p>\n<ul>\n<li>Analytische Cookies: Diese Cookies sammeln standardm\u00e4\u00dfig anonyme Information \u00fcber das Web-Browsing des Nutzers und dessen Verhaltensmuster.<\/li>\n<\/ul>\n<p>&nbsp;<\/p>\n<table style=\"height: 602px;\" width=\"894\">\n<tbody>\n<tr>\n<td width=\"57\">Firma<\/td>\n<td width=\"71\">Name des Cookie<\/td>\n<td width=\"114\">Zweckbestimmung des Cookie<\/td>\n<td width=\"77\">Dauer des Cookie<\/td>\n<td width=\"102\">\u00a0Weitere Informationen<\/td>\n<\/tr>\n<tr>\n<td rowspan=\"3\" width=\"57\">&nbsp;<\/p>\n<p>&nbsp;<\/p>\n<p>&nbsp;<\/p>\n<p>Google<\/td>\n<td width=\"71\">&nbsp;<\/p>\n<p>__utma<\/td>\n<td width=\"114\">Erforderlich f\u00fcr \u00a0Google Analytics<\/td>\n<td width=\"77\">&nbsp;<\/p>\n<p>2 Jahre<\/td>\n<td rowspan=\"3\" width=\"102\">&nbsp;<\/p>\n<p>&nbsp;<\/p>\n<p>&nbsp;<\/p>\n<p>&nbsp;<\/p>\n<p><a href=\"https:\/\/developers.google.com\/analytics\/devguides\/collection\/analyticsjs\/cookie-usage?hl=es\">Google Analytics \u2013 Nutzung von Cookies<\/a><\/td>\n<\/tr>\n<tr>\n<td width=\"71\">&nbsp;<\/p>\n<p>__utmz<\/td>\n<td width=\"114\">Wird zur Standortbestimmung des Besuchs verwendet<\/td>\n<td width=\"77\">\u00a0\u00a0\u00a0 6 Monate<\/td>\n<\/tr>\n<tr>\n<td width=\"71\">&nbsp;<\/p>\n<p>__utmb<\/td>\n<td width=\"114\">&nbsp;<\/p>\n<p>Registriert den Zugriff auf die Website<\/td>\n<td width=\"77\">30 Minuten seit der letzten Registrierung des Seitenaufrufs<\/td>\n<\/tr>\n<tr>\n<td width=\"57\"><\/td>\n<td width=\"71\"><\/td>\n<td width=\"114\"><\/td>\n<td width=\"77\"><\/td>\n<td width=\"102\"><\/td>\n<\/tr>\n<\/tbody>\n<\/table>\n<p>&nbsp;<\/p>\n<p>Sie erlauben das Verhalten der Nutzer auf der Website zu verfolgen und zu analysieren. Die mittels analytischer Cookies gesammelte Information wird f\u00fcr die Erstellung von Browsing-Profilen der Nutzer der genannten Website mit dem Ziel verwendet, unser Serviceangebot zu verbessern.<\/p>\n<p>Hauptgr\u00fcnde f\u00fcr die Platzierung dieser Art von Cookies sind folgende:<\/p>\n<ul>\n<li>Die anonyme Identifizierung der Nutzer und somit die ungef\u00e4hre Erfassung der Anzahl der Seitenbesucher.<\/li>\n<li>Die anonyme Identifizierung der meist besuchten Inhalte.<\/li>\n<li>Die Feststellung, ob der Nutzer die Seite zum ersten oder zum wiederholten Mal besucht.<\/li>\n<\/ul>\n<p>[\/vc_column_text][vc_empty_space][\/vc_column_inner][\/vc_row_inner][vc_row_inner row_type=&#8220;row&#8220; type=&#8220;full_width&#8220; use_row_as_full_screen_section_slide=&#8220;no&#8220; text_align=&#8220;left&#8220; css_animation=&#8220;&#8220; el_class=&#8220;justificar&#8220;][vc_column_inner][vc_column_text]<strong>4.- Wie kann ich Cookies deaktivieren? <\/strong><\/p>\n<p>&nbsp;<\/p>\n<p>Alle Browser erlauben \u00c4nderungen, um die Einstellung der Cookies zu deaktivieren. Aus diesem Grund bieten die meisten Browser die M\u00f6glichkeit an,\u00a0 Cookies zu verwalten, um eine genauere Kontrolle \u00fcber den Datenschutz zu erlangen.<\/p>\n<p>&nbsp;<\/p>\n<p>Diese Einstellungen befinden sich in den \u201eOptionen\u201c oder \u201ePr\u00e4ferenzen\u201c der Men\u00fcleiste ihres Browsers.<\/p>\n<p>&nbsp;<\/p>\n<p>Nachstehend finden Sie Links\u00a0 f\u00fcr alle Browser, \u00fcber die Sie, unter Befolgung der Anweisungen, die\u00a0 Cookies deaktivieren k\u00f6nnen:<\/p>\n<ul>\n<li><strong>Internet Explorer<\/strong> (<a href=\"https:\/\/goo.gl\/iU2wh2\">https:\/\/goo.gl\/iU2wh2<\/a> )<\/li>\n<\/ul>\n<p>&nbsp;<\/p>\n<ul>\n<li>In der Werkzeugleiste (<em>toolbar<\/em>) \u201cInternetoptionen\u201d ausw\u00e4hlen.<\/li>\n<li>Klicken Sie auf die Registerkarte \u201eDatenschutz\u201c.<\/li>\n<li>Hier k\u00f6nnen Sie mit Hilfe des Schiebereglers den Datenschutz Sie k\u00f6nnen bez\u00fcglich der Menge der Cookies, die zum Einsatz kommen, zwischen\u00a0 folgenden sechs Stufen w\u00e4hlen: Blockieren (alle Cookies), hoch, mittelhoch, mittel (Standardwerte), niedrig und alle Cookies zulassen.<\/li>\n<\/ul>\n<p>&nbsp;<\/p>\n<ul>\n<li><strong>Mozilla Firefox<\/strong> (<a href=\"http:\/\/goo.gl\/QXWYmv\">http:\/\/goo.gl\/QXWYmv<\/a>)<\/li>\n<\/ul>\n<p><strong>\u00a0<\/strong><\/p>\n<ul>\n<li>Im oberen Bereich des Firefox-Fensters das Men\u00fc \u201eWerkzeuge\u201c anklicken.<\/li>\n<li>\u201eOptionen\u201c ausw\u00e4hlen.<\/li>\n<li>Die Registerkarte \u201eDatenschutz\u201c ausw\u00e4hlen.<\/li>\n<li>In der Option Firefox k\u00f6nnen Sie eine benutzerdefinierte Einstellung f\u00fcr den Verlauf anlegen.<\/li>\n<\/ul>\n<p>&nbsp;<\/p>\n<ul>\n<li><strong>Google Chrome<\/strong> (<a href=\"http:\/\/goo.gl\/fQnkSB\">http:\/\/goo.gl\/fQnkSB<\/a>)<\/li>\n<li>Klicken Sie auf das Men\u00fc.<\/li>\n<li>Einstellungen ausw\u00e4hlen.<\/li>\n<li>Klicken Sie auf \u201eerweiterte Einstellungen anzeigen\u201c.<\/li>\n<li>Im Bereich \u201cDatenschutz\u201d auf \u201eInhaltseinstellungen\u201c klicken.<\/li>\n<li>Im Bereich der Cookies, k\u00f6nnen \u201eOptionen\u201c konfiguriert werden.<\/li>\n<\/ul>\n<p>&nbsp;<\/p>\n<ul>\n<li><strong>Safari <\/strong>(<a href=\"https:\/\/support.apple.com\/es-es\/HT201265\">https:\/\/support.apple.com\/es-es\/HT201265<\/a>)<\/li>\n<\/ul>\n<p>&nbsp;<\/p>\n<ul>\n<li>Im Einstellungsmen\u00fc die Option \u201ePr\u00e4ferenzen\u201c ausw\u00e4hlen.<\/li>\n<li>Den Reiter \u201eDatenschutz\u201c \u00f6ffnen.<\/li>\n<li>W\u00e4hlen Sie die gew\u00fcnschte Option im Bereich \u201eCookies blockieren\u201c aus.<\/li>\n<li>Bedenken Sie, dass bestimmte Funktionen und die volle Funktionalit\u00e4t der Website nach der Deaktivierung der Cookies nicht verf\u00fcgbar sein k\u00f6nnten.<\/li>\n<\/ul>\n<p>F\u00fcr diejenigen, die keine Nachverfolgung durch Cookies w\u00fcnschen, hat Google ein Browser Plug-in entwickelt, auf das Sie \u00fcber folgenden Link zugreifen k\u00f6nnen:\u00a0\u00a0 <a href=\"http:\/\/goo.gl\/up4ND\">http:\/\/goo.gl\/up4ND<\/a>.<\/p>\n<p>[\/vc_column_text][vc_empty_space][\/vc_column_inner][\/vc_row_inner][vc_row_inner row_type=&#8220;row&#8220; type=&#8220;full_width&#8220; use_row_as_full_screen_section_slide=&#8220;no&#8220; text_align=&#8220;left&#8220; css_animation=&#8220;&#8220; el_class=&#8220;justificar&#8220;][vc_column_inner][vc_column_text]<strong>5.- Cookies in Mobilger\u00e4ten<\/strong><\/p>\n<p>&nbsp;<\/p>\n<p>ACOS verwendet ebenso Cookies oder andere Speichersysteme in Mobilger\u00e4ten.<\/p>\n<p>&nbsp;<\/p>\n<p>Wie bei den Browsern von Computern, erlauben auch die Browser von Mobilger\u00e4ten, \u00c4nderungen in den Optionen oder Einstellungen des Datenschutzes f\u00fcr die Deaktivierung oder L\u00f6schung von Cookies vorzunehmen.<\/p>\n<p>&nbsp;<\/p>\n<p>Sollten Sie den Wunsch hegen, die Datenschutzoptionen zu \u00e4ndern, folgen Sie den Anweisungen des Entwicklers ihres Browsers f\u00fcr Mobilger\u00e4te.<\/p>\n<p>&nbsp;<\/p>\n<p>Hier sind ein paar Beispiele f\u00fcr Links mit Anleitungen, um die Datenschutzoptionen \u00a0ihres Mobilger\u00e4ts zu \u00e4ndern:<\/p>\n<ul>\n<li><strong>IOS<\/strong>: (<a href=\"http:\/\/goo.gl\/61xevS\">http:\/\/goo.gl\/61xevS<\/a>)<\/li>\n<li><strong>Windows Phone<\/strong>: (<a href=\"https:\/\/goo.gl\/tKyb0y\">https:\/\/goo.gl\/tKyb0y<\/a>)<\/li>\n<li><strong>Chrome Mobile<\/strong>: (<a href=\"http:\/\/goo.gl\/XJp7N\">http:\/\/goo.gl\/XJp7N<\/a>)<\/li>\n<li><strong>Opera Mobile<\/strong>: (<a href=\"http:\/\/goo.gl\/Nzr8s7)\">http:\/\/goo.gl\/Nzr8s7)<\/a><\/li>\n<\/ul>\n<p>&nbsp;<\/p>\n<p><strong>6.- Akzeptanz von Cookies<\/strong><\/p>\n<p>&nbsp;<\/p>\n<p>Sollten Sie auf dieser Website verweilen, gehen wir davon aus, dass Sie der Verwendung von Cookies seitens derselben zustimmen.<\/p>\n<p>&nbsp;<\/p>\n<p>Wir weisen Sie an dieser Stelle darauf hin, \u00a0dass bei Blockieren oder Ablehnung von Cookies bestimmte Dienste m\u00f6glicherweise nicht verf\u00fcgbar sind oder aber, dass Sie auf bestimmte Dienste keinen Zugriff haben und somit nicht das vollst\u00e4ndige Angebot dieser Website nutzen k\u00f6nnen.<\/p>\n<p>&nbsp;<\/p>\n<p>Weitere Informationen finden Sie in <em>der Richtlinie \u00fcber die Nutzung von Cookies<\/em> <a href=\"https:\/\/www.agpd.es\/portalwebAGPD\/canaldocumentacion\/publicaciones\/common\/Guias\/Guia_Cookies.pdf\">Gu\u00eda sobre uso de Cookies<\/a> der Spanischen Datenschutzagentur\u00a0 <em>Agencia Espa\u00f1ola de Protecci\u00f3n de Datos<\/em>.[\/vc_column_text][vc_empty_space][\/vc_column_inner][\/vc_row_inner][vc_empty_space height=&#8220;150px&#8220;][\/vc_column][\/vc_row]<\/p>\n","protected":false},"excerpt":{"rendered":"<p>[vc_row row_type=&#8220;row&#8220; use_row_as_full_screen_section=&#8220;no&#8220; type=&#8220;full_width&#8220; text_align=&#8220;left&#8220; background_color=&#8220;#e9eae7&#8243; padding_top=&#8220;100&#8243; padding_bottom=&#8220;30&#8243; css_animation=&#8220;element_from_bottom&#8220;][vc_column][vc_row_inner row_type=&#8220;row&#8220; type=&#8220;grid&#8220; use_row_as_full_screen_section_slide=&#8220;no&#8220; text_align=&#8220;center&#8220; css_animation=&#8220;&#8220;][vc_column_inner][vc_column_text] Cookie richtlinie [\/vc_column_text][\/vc_column_inner][\/vc_row_inner][\/vc_column][\/vc_row][vc_row row_type=&#8220;row&#8220; use_row_as_full_screen_section=&#8220;no&#8220; type=&#8220;grid&#8220; text_align=&#8220;left&#8220; background_color=&#8220;#e9eae7&#8243; padding_top=&#8220;30&#8243; padding_bottom=&#8220;20&#8243; css_animation=&#8220;element_from_bottom&#8220;][vc_column][vc_row_inner row_type=&#8220;row&#8220; type=&#8220;full_width&#8220; use_row_as_full_screen_section_slide=&#8220;no&#8220; text_align=&#8220;left&#8220; css_animation=&#8220;&#8220; el_class=&#8220;justificar&#8220;][vc_column_inner][vc_column_text]ACOS ACCOUNTING SOLUTIONS S.L.U. (im Folgenden, \u201cACOS\u201d) m\u00f6chte Sie nachstehend \u00fcber unsere\u00a0 \u00a0Cookie-Richtlinie betreffend die&#8230;<\/p>\n","protected":false},"author":1,"featured_media":0,"parent":0,"menu_order":0,"comment_status":"open","ping_status":"open","template":"full_width.php","meta":{"_mi_skip_tracking":false,"footnotes":""},"class_list":["post-22504","page","type-page","status-publish","hentry"],"_links":{"self":[{"href":"https:\/\/acossolutions.es\/de\/wp-json\/wp\/v2\/pages\/22504","targetHints":{"allow":["GET"]}}],"collection":[{"href":"https:\/\/acossolutions.es\/de\/wp-json\/wp\/v2\/pages"}],"about":[{"href":"https:\/\/acossolutions.es\/de\/wp-json\/wp\/v2\/types\/page"}],"author":[{"embeddable":true,"href":"https:\/\/acossolutions.es\/de\/wp-json\/wp\/v2\/users\/1"}],"replies":[{"embeddable":true,"href":"https:\/\/acossolutions.es\/de\/wp-json\/wp\/v2\/comments?post=22504"}],"version-history":[{"count":12,"href":"https:\/\/acossolutions.es\/de\/wp-json\/wp\/v2\/pages\/22504\/revisions"}],"predecessor-version":[{"id":22538,"href":"https:\/\/acossolutions.es\/de\/wp-json\/wp\/v2\/pages\/22504\/revisions\/22538"}],"wp:attachment":[{"href":"https:\/\/acossolutions.es\/de\/wp-json\/wp\/v2\/media?parent=22504"}],"curies":[{"name":"wp","href":"https:\/\/api.w.org\/{rel}","templated":true}]}}