{"id":22503,"date":"2018-06-12T16:24:54","date_gmt":"2018-06-12T16:24:54","guid":{"rendered":"http:\/\/acossolutions.es\/?page_id=22503"},"modified":"2025-10-21T09:56:17","modified_gmt":"2025-10-21T09:56:17","slug":"politica-de-privacidad","status":"publish","type":"page","link":"https:\/\/acossolutions.es\/de\/datenschutzrichtlinie\/","title":{"rendered":"DATENSCHUTZRICHTLINIE"},"content":{"rendered":"<p>[vc_row row_type=&#8220;row&#8220; use_row_as_full_screen_section=&#8220;no&#8220; type=&#8220;full_width&#8220; text_align=&#8220;left&#8220; background_color=&#8220;#e9eae7&#8243; padding_top=&#8220;100&#8243; padding_bottom=&#8220;30&#8243; css_animation=&#8220;element_from_bottom&#8220;][vc_column][vc_row_inner row_type=&#8220;row&#8220; type=&#8220;grid&#8220; use_row_as_full_screen_section_slide=&#8220;no&#8220; text_align=&#8220;center&#8220; css_animation=&#8220;&#8220;][vc_column_inner][vc_column_text]<\/p>\n<h2>DATENSCHUTZRICHTLINIE VON ACOS ACCOUNTING SOLUTIONS S.L.U.<\/h2>\n<p>[\/vc_column_text][\/vc_column_inner][\/vc_row_inner][\/vc_column][\/vc_row][vc_row row_type=&#8220;row&#8220; use_row_as_full_screen_section=&#8220;no&#8220; type=&#8220;grid&#8220; text_align=&#8220;left&#8220; background_color=&#8220;#e9eae7&#8243; padding_top=&#8220;30&#8243; padding_bottom=&#8220;20&#8243; css_animation=&#8220;element_from_bottom&#8220;][vc_column][vc_row_inner row_type=&#8220;row&#8220; type=&#8220;full_width&#8220; use_row_as_full_screen_section_slide=&#8220;no&#8220; text_align=&#8220;left&#8220; css_animation=&#8220;&#8220; el_class=&#8220;justificar&#8220;][vc_column_inner][vc_column_text]<strong>1.- Wer ist verantwortlich f\u00fcr die Erhebung ihrer Daten?<\/strong><\/p>\n<p>Verantwortlicher f\u00fcr die Erhebung ihrer personenbezogenen Daten ist die Kanzlei ACOS ACCOUNTING SOLUTIONS S.L.U. (im Folgenden, \u201e<strong>ACOS\u201c),<\/strong> mit Steuernummer \u00a0B-65833022, und Gesellschaftssitz in Agust\u00edn de Fox\u00e1 4, 28036 Madrid.<\/p>\n<p>Die Rechtsinhaberschaft des Domainnamens unserer Website <a href=\"http:\/\/www.acossolutions.es\">www.acossolutions.es<\/a> (im Folgenden, die \u201cWebsite\u201c) liegt bei ACOS.<\/p>\n<p>Der Besuch und\/oder die Nutzung der Website verleiht Ihnen die Eigenschaft eines Nutzers (im Folgenden, der \u201e<strong>Nutzer<\/strong>\u201c) und\u00a0 impliziert die Akzeptanz der vorliegenden Datenschutzrichtlinie seit genanntem Besuch und\/oder Nutzung derselben.<\/p>\n<p>Der Nutzer kann ACOS \u00fcber nachstehende E-Mail-Adresse kontaktieren: <a href=\"mailto:acos@acossulutions.es\">acos@acossulutions.es<\/a>.<\/p>\n<p>&nbsp;<\/p>\n<p><strong>2.- Was berechtigt ACOS zur Verarbeitung von Daten?<\/strong><\/p>\n<p>Die Kanzlei ACOS ist zur Erhebung ihrer Daten berechtigt, damit sie ihr Leistungsangebot \u00a0erbringen kann.<\/p>\n<p>ACOS nimmt den Schutz ihrer Privatsph\u00e4re und personenbezogenen Daten sehr ernst. Deshalb werden ihre personenbezogenen Daten sicher verwahrt und mit \u00e4u\u00dferster Sorgfalt verarbeitet.<\/p>\n<p>Die vorliegende Datenschutzrichtlinie reguliert den Zugriff auf sowie\u00a0 die Nutzung von Dienstleistungen (im Folgenden auch das \u201eLeistungsangebot\u201c), die ACOS dem an den in dieser Website angebotenen Leistungen und Inhalten interessierten Nutzer\u00a0 zur Verf\u00fcgung stellt.[\/vc_column_text][vc_empty_space][\/vc_column_inner][\/vc_row_inner][vc_row_inner row_type=&#8220;row&#8220; type=&#8220;full_width&#8220; use_row_as_full_screen_section_slide=&#8220;no&#8220; text_align=&#8220;left&#8220; css_animation=&#8220;&#8220; el_class=&#8220;justificar&#8220;][vc_column_inner][vc_column_text]<strong>3.- \u00a0F\u00fcr welche Zwecke verarbeitet ACOS personenbezogene Daten? <\/strong><\/p>\n<p><u>3.a Verarbeitung personenbezogener Daten seitens ACOS<\/u><\/p>\n<p>Ihre von ACOS erhobenen personenbezogenen Daten k\u00f6nnen zu folgenden Zwecken verwendet werden:<\/p>\n<p>&nbsp;<\/p>\n<ul>\n<li>Erbringung der \u00fcber die Website angebotenen Dienstleistungen.<\/li>\n<li>Versendung zielgerichteter kommerzieller Kommunikationen von ACOS \u00fcber ihr Leistungsangebot per Brief, Telefon, E-Mail, SMS\/MMS oder \u00fcber sonstige elektronische Kommunikationsmedien.<\/li>\n<\/ul>\n<p>&nbsp;<\/p>\n<p>&nbsp;<\/p>\n<p><strong>4.- Richtigkeit der von den Nutzern \u00fcbermittelten Daten <\/strong><\/p>\n<p>Der Nutzer stellt sicher, dass die \u00fcbermittelten personenbezogenen Daten der Wahrheit entsprechen und verpflichtet sich, ACOS \u00fcber jede \u00c4nderung derselben in Kenntnis zu setzen. In jedem Fall ist der Nutzer f\u00fcr die Richtigkeit der \u00fcbermittelten Daten haftbar, wobei sich ACOS das Recht vorbeh\u00e4lt, jeden Nutzer, der falsche Daten \u00fcbermittelt hat, von den registrierten Serviceleistungen auszuschlie\u00dfen, unbeschadet der Vornahme aller weiteren rechtlich gebotenen Handlungen.[\/vc_column_text][vc_empty_space][\/vc_column_inner][\/vc_row_inner][vc_row_inner row_type=&#8220;row&#8220; type=&#8220;full_width&#8220; use_row_as_full_screen_section_slide=&#8220;no&#8220; text_align=&#8220;left&#8220; css_animation=&#8220;&#8220; el_class=&#8220;justificar&#8220;][vc_column_inner][vc_column_text]<strong>5.-Vorratsspeicherung von Daten<\/strong><\/p>\n<p>Die \u00fcbermittelten personenbezogenen Daten werden von ACOS gespeichert, solange der Nutzer nicht erkl\u00e4rt, dass er sich\u00a0 von dem Service von ACOS, der\u00a0 dem Empfang von Kommunikationen \u00fcber das Leistungsangebot der Kanzlei entspricht, abzumelden w\u00fcnscht.<\/p>\n<p>&nbsp;<\/p>\n<p><strong>6.- Rechte des Nutzers im Zusammenhang mit seinen Daten \u00a0<\/strong><\/p>\n<p>Der Nutzer hat das Recht auf (i) Zugang zu seinen personenbezogenen Daten, sowie das Recht auf \u00a0(ii) die Berichtigung ungenauer Daten oder ggfs. das Recht\u00a0 auf (iii) deren L\u00f6schung, sowie das Recht auf \u00a0(iv) die Einschr\u00e4nkung der Verarbeitung seiner Daten und das Recht \u00a0auf (v) Widerspruch gegen die Verarbeitung seiner Daten und das Recht auf\u00a0 \u00a0(vi) die Daten\u00fcbertragbarkeit. \u00a0Dar\u00fcber hinaus ist er berechtigt, sein (vii) Recht auf Vergessenwerden auszu\u00fcben.<\/p>\n<p>Der Nutzer kann seine Rechte mittels \u00dcbermittlung des entsprechenden Antrags \u00a0an\u00a0 die E-Mail-Adresse <a href=\"mailto:acos@acossolutions.es\">acos@acossolutions.es<\/a>, <strong>\u00a0<\/strong>aus\u00fcben, unter Angabe von Gr\u00fcnden und Beibringung einer Kopie seines Personalausweises.<\/p>\n<p>Ebenso kann der Nutzer seinen Antrag per Post an nachstehende Anschrift schicken:<\/p>\n<h2>ACOS ACCOUNTING SOLUTIONS S.L.U.<\/h2>\n<h2>Calle Agust\u00edn de Fox\u00e1 4, 28036 Madrid, Spanien<\/h2>\n<p>Unbeschadet jeder sonstigen Einlegung von Rechtsbehelfen auf dem Verwaltungswege oder Rechtsmitteln vor Gericht, ist der Nutzer zur Einlegung einer Beschwerde vor einer Datenschutz-Aufsichtsbeh\u00f6rde berechtigt, insbesondere in dem Mitgliedsstaat, in dem er seinen st\u00e4ndigen Wohnsitz oder Besch\u00e4ftigungsort\u00a0 hat, oder an dem Ort, an dem die angebliche Rechtsverletzung stattgefunden hat,\u00a0 sofern er der Ansicht ist, dass die Erhebung seiner Daten nicht der Rechtsgebung entspricht, sowie, wenn der Aus\u00fcbung seiner Rechte nicht Genugtuung geleistet wird. Die Aufsichtsbeh\u00f6rde, bei der die entsprechende Beschwerde eingelegt wurde, wird den Beschwerdef\u00fchrer \u00fcber den Verlauf und das Ergebnis der Beschwerde in Kenntnis setzen.[\/vc_column_text][vc_empty_space][\/vc_column_inner][\/vc_row_inner][vc_row_inner row_type=&#8220;row&#8220; type=&#8220;full_width&#8220; use_row_as_full_screen_section_slide=&#8220;no&#8220; text_align=&#8220;left&#8220; css_animation=&#8220;&#8220; el_class=&#8220;justificar&#8220;][vc_column_inner][vc_column_text]<strong>7.- Datensicherheit<\/strong><\/p>\n<p>Der Schutz der Privatsph\u00e4re und der personenbezogenen Daten der Nutzer ist ACOS sehr wichtig. Deshalb unternimmt \u00a0ACOS alles in ihrer Macht Stehende, um zu verhindern, dass ihre Daten in unangemessener Form verwendet werden und gew\u00e4hrt ausschlie\u00dflich\u00a0 authorisierten Mitarbeitern Zugang zu denselben.<\/p>\n<p>ACOS h\u00e4lt alle laut geltenden Rechtsvorschriften anwendbaren Datenschutzsicherheitsstandards ein und hat alle ihr zur Verf\u00fcgung stehenden technischen Vorkehrungen getroffen, um den Verlust, den Mi\u00dfbrauch, die Ver\u00e4nderung, den unberechtigten Zugriff und die Entwendung der vom Nutzer \u00fcber die Website \u00fcbermittelten Daten zu vermeiden,\u00a0 wenngleich wir Sie dar\u00fcber in Kenntnis setzen, dass die Sicherheitsma\u00dfnahmen im Internet nicht un\u00fcberwindbar sind.<\/p>\n<p>ACOS verpflichtet sich, ihrer Geheimhaltungs- und Vertraulichkeitspflicht bez\u00fcglich ihrer personenbezogenen Daten, gem\u00e4\u00df den geltenden Vorschriften, nachzukommen, sowie diesen\u00a0 im Fall von Daten\u00fcberlassungen und grenz\u00fcberschreitenden Datentransfers, die ggfs. eintreten k\u00f6nnten, eine sichere Verarbeitung zu verleihen.<\/p>\n<p>In jenen Dienstangeboten der Website, die einer Registrierung als Nutzer verlangen, mu\u00df ein Password angegeben werden. \u00a0Der Nutzer ist verantwortlich f\u00fcr die Geheimhaltung dieses Passwortes, sowie f\u00fcr alle Aktivit\u00e4ten, die in der mit seinem Namen und Passwort angemeldeten Session stattfinden. Der Nutzer verpflichtet sich, ACOS umgehend \u00fcber die unberechtigte Nutzung seines Nutzernamens und\/oder Passwortes und \u00fcber jedwede sonstige Sicherheitsl\u00fccke\u00a0 in Kenntnis zu setzen. ACOS ist nicht f\u00fcr Sch\u00e4den oder Verluste haftbar, die aufgrund der Verletzung dieser Pflicht seitens des Nutzers verursacht werden k\u00f6nnten.<\/p>\n<p>&nbsp;<\/p>\n<p><strong>8.-\u00c4nderungen<\/strong><\/p>\n<p>ACOS beh\u00e4lt sich das Recht vor, ihre Datenschutzrichtlinie zu \u00fcberpr\u00fcfen, immer dann, wenn sie dies f\u00fcr angebracht bzw. zweckdienlich h\u00e4lt. Aus diesem Grund bitten wir Sie, diese Datenschutzrichtlinie regelm\u00e4\u00dfig zu \u00fcberpr\u00fcfen, damit Sie die letzte Fassung derselben lesen.\u00a0\u00a0 Nichtsdestotrotz wird der Nutzer \u00fcber jedwede \u00c4nderung dieser Datenschutzrichtlinie unterrichtet werden.[\/vc_column_text][vc_empty_space][\/vc_column_inner][\/vc_row_inner][vc_row_inner row_type=&#8220;row&#8220; type=&#8220;full_width&#8220; use_row_as_full_screen_section_slide=&#8220;no&#8220; text_align=&#8220;left&#8220; css_animation=&#8220;&#8220; el_class=&#8220;justificar&#8220;][vc_column_inner][vc_column_text]<strong>9.- Links zu anderen Webseiten<\/strong><\/p>\n<p>Die Website von \u00a0ACOS k\u00f6nnte Links zu den Webseiten von Unternehmen und Gesellschaften Dritter beinhalten.<\/p>\n<p>ACOS kann nicht die Verantwortung f\u00fcr die Art und Weise, in der diese Unternehmen den Schutz der Privatsph\u00e4re und der personenbezogenen Daten behandeln, \u00fcbernehmen, weshalb wir Ihnen im Zusammenhang mit der Nutzung, der Verarbeitung und dem Schutz von personenbezogenen Daten dringend zur sorgf\u00e4ltigen Lekt\u00fcre der Datenschutzrichtlinien dieser nicht im Eigentum von ACOS stehenden Webseiten raten. \u00a0\u00a0Die von diesen Webseiten angebotenen Bedingungen k\u00f6nnen sich von den von ACOS angebotenen unterscheiden.<\/p>\n<p>&nbsp;<\/p>\n<p><strong>10.- Fragen<\/strong><\/p>\n<p>Sollten Sie Fragen bez\u00fcglich dieser Datenschutzrichtlinie oder die Erhebung ihrer Daten haben, wenden Sie sich bitte per E-Mail an nachstehende Adresse: \u00a0<a href=\"mailto:acos@acossolutions.es\"><strong>acos@acossolutions.es<\/strong><\/a><\/p>\n<p>&nbsp;<\/p>\n<p><strong>11.- Akzeptanz und Zustimmung <\/strong><\/p>\n<p>Der Nutzer erkl\u00e4rt, \u00fcber die Bedingungen betreffend den Schutz der personenbezogenen Daten unterrichtet worden zu sein, wobei er die Erhebung derselben durch ACOS, in der Form und f\u00fcr die in der vorliegenden Datenschutzrichtlinie angegebene Zwecke, akzeptiert und bewilligt.[\/vc_column_text][\/vc_column_inner][\/vc_row_inner][vc_empty_space height=&#8220;150px&#8220;][\/vc_column][\/vc_row]<\/p>\n","protected":false},"excerpt":{"rendered":"<p>[vc_row row_type=&#8220;row&#8220; use_row_as_full_screen_section=&#8220;no&#8220; type=&#8220;full_width&#8220; text_align=&#8220;left&#8220; background_color=&#8220;#e9eae7&#8243; padding_top=&#8220;100&#8243; padding_bottom=&#8220;30&#8243; css_animation=&#8220;element_from_bottom&#8220;][vc_column][vc_row_inner row_type=&#8220;row&#8220; type=&#8220;grid&#8220; use_row_as_full_screen_section_slide=&#8220;no&#8220; text_align=&#8220;center&#8220; css_animation=&#8220;&#8220;][vc_column_inner][vc_column_text] DATENSCHUTZRICHTLINIE VON ACOS ACCOUNTING SOLUTIONS S.L.U. [\/vc_column_text][\/vc_column_inner][\/vc_row_inner][\/vc_column][\/vc_row][vc_row row_type=&#8220;row&#8220; use_row_as_full_screen_section=&#8220;no&#8220; type=&#8220;grid&#8220; text_align=&#8220;left&#8220; background_color=&#8220;#e9eae7&#8243; padding_top=&#8220;30&#8243; padding_bottom=&#8220;20&#8243; css_animation=&#8220;element_from_bottom&#8220;][vc_column][vc_row_inner row_type=&#8220;row&#8220; type=&#8220;full_width&#8220; use_row_as_full_screen_section_slide=&#8220;no&#8220; text_align=&#8220;left&#8220; css_animation=&#8220;&#8220; el_class=&#8220;justificar&#8220;][vc_column_inner][vc_column_text]1.- Wer ist verantwortlich f\u00fcr die Erhebung ihrer Daten? Verantwortlicher f\u00fcr&#8230;<\/p>\n","protected":false},"author":1,"featured_media":0,"parent":0,"menu_order":0,"comment_status":"open","ping_status":"open","template":"full_width.php","meta":{"_mi_skip_tracking":false,"footnotes":""},"class_list":["post-22503","page","type-page","status-publish","hentry"],"_links":{"self":[{"href":"https:\/\/acossolutions.es\/de\/wp-json\/wp\/v2\/pages\/22503","targetHints":{"allow":["GET"]}}],"collection":[{"href":"https:\/\/acossolutions.es\/de\/wp-json\/wp\/v2\/pages"}],"about":[{"href":"https:\/\/acossolutions.es\/de\/wp-json\/wp\/v2\/types\/page"}],"author":[{"embeddable":true,"href":"https:\/\/acossolutions.es\/de\/wp-json\/wp\/v2\/users\/1"}],"replies":[{"embeddable":true,"href":"https:\/\/acossolutions.es\/de\/wp-json\/wp\/v2\/comments?post=22503"}],"version-history":[{"count":6,"href":"https:\/\/acossolutions.es\/de\/wp-json\/wp\/v2\/pages\/22503\/revisions"}],"predecessor-version":[{"id":23115,"href":"https:\/\/acossolutions.es\/de\/wp-json\/wp\/v2\/pages\/22503\/revisions\/23115"}],"wp:attachment":[{"href":"https:\/\/acossolutions.es\/de\/wp-json\/wp\/v2\/media?parent=22503"}],"curies":[{"name":"wp","href":"https:\/\/api.w.org\/{rel}","templated":true}]}}