{"id":22282,"date":"2017-07-24T09:55:25","date_gmt":"2017-07-24T09:55:25","guid":{"rendered":"http:\/\/acossolutions.es\/?page_id=22282"},"modified":"2025-10-21T09:50:12","modified_gmt":"2025-10-21T09:50:12","slug":"aviso-legal","status":"publish","type":"page","link":"https:\/\/acossolutions.es\/de\/rechtlicher-hinweis\/","title":{"rendered":"Rechtlicher Hinweis"},"content":{"rendered":"<p>[vc_row row_type=&#8220;row&#8220; use_row_as_full_screen_section=&#8220;no&#8220; type=&#8220;full_width&#8220; text_align=&#8220;left&#8220; background_color=&#8220;#e9eae7&#8243; padding_top=&#8220;100&#8243; padding_bottom=&#8220;30&#8243; css_animation=&#8220;element_from_bottom&#8220;][vc_column][vc_row_inner row_type=&#8220;row&#8220; type=&#8220;grid&#8220; use_row_as_full_screen_section_slide=&#8220;no&#8220; text_align=&#8220;center&#8220; css_animation=&#8220;&#8220;][vc_column_inner][vc_column_text]<\/p>\n<h2>Rechtlicher Hinweis<\/h2>\n<p>[\/vc_column_text][\/vc_column_inner][\/vc_row_inner][\/vc_column][\/vc_row][vc_row row_type=&#8220;row&#8220; use_row_as_full_screen_section=&#8220;no&#8220; type=&#8220;grid&#8220; text_align=&#8220;left&#8220; background_color=&#8220;#e9eae7&#8243; padding_top=&#8220;30&#8243; padding_bottom=&#8220;20&#8243; css_animation=&#8220;element_from_bottom&#8220;][vc_column][vc_row_inner row_type=&#8220;row&#8220; type=&#8220;full_width&#8220; use_row_as_full_screen_section_slide=&#8220;no&#8220; text_align=&#8220;left&#8220; css_animation=&#8220;&#8220; el_class=&#8220;justificar&#8220;][vc_column_inner][vc_column_text]<strong>1.- Auskunftsrecht<\/strong><\/p>\n<p>Hiermit geben wir Ihnen zur Kenntnis, dass diese Website von der Kanzlei ACOS ACCOUNTING SOLUTIONS S.L.U. (im Folgenden, \u201c<strong>ACOS<\/strong>\u201d), mit Steuernummer B-65833022 und Gesellschaftssitz in Agust\u00edn de Fox\u00e1, 4,\u00a0 28036 Madrid (Spanien), die im Handelsregister von Madrid, unter Band 36632, Blatt 82, Abschnitt, Seite M-657172, als 2. Eintragung eingetragen ist, betrieben wird.<\/p>\n<p>Der Besuch und\/oder die Nutzung der Website verleiht Ihnen die Eigenschaft eines Nutzers und Sie erkl\u00e4ren sich,\u00a0 mit genanntem Zugriff und\/oder Nutzung, mit diesem rechtlichen Hinweis einverstanden.<\/p>\n<p>Der Nutzer (im Weiteren, der \u201e<strong>Nutzer<\/strong>\u201c) \u00a0hat folgende M\u00f6glichkeiten, ACOS \u00a0zu kontaktieren: \u00fcber folgende E-Mail-Adresse <a href=\"mailto:acos@acossolutions.es\">acos@acossolutions.es<\/a> , per Telefon \u00a0+34 91 319 96 86 oder per Fax +34 91 308 53 68.[\/vc_column_text][vc_empty_space][\/vc_column_inner][\/vc_row_inner][vc_row_inner row_type=&#8220;row&#8220; type=&#8220;full_width&#8220; use_row_as_full_screen_section_slide=&#8220;no&#8220; text_align=&#8220;left&#8220; css_animation=&#8220;&#8220; el_class=&#8220;justificar&#8220;][vc_column_inner][vc_column_text]<strong>2.- Nutzung der Website<\/strong><\/p>\n<p>Der Nutzer tr\u00e4gt die Verantwortung f\u00fcr die Nutzung der Website. Die Website kann dem Nutzer den Zugriff auf zahlreiche Texte, Grafiken, Zeichnungen, Designs, Fotografien, Multimedia-Inhalte und sonstige Informationen (im Weiteren, die \u201e<strong>Inhalte<\/strong>\u201c) gew\u00e4hren, die im Eigentum von ACOS oder Dritten\u00a0 stehen.<\/p>\n<p>&nbsp;<\/p>\n<p>Der Nutzer verpflichtet sich zur ordnungsgem\u00e4\u00dfen Nutzung der Inhalte und der \u00fcber die Website angebotenen Dienstleistungen, und,\u00a0 beispielhaft und nicht ausschlie\u00dflich, dazu, diese nicht zu verwenden, um: <strong>(i)<\/strong> \u00a0unerlaubte oder rechtswidrige Handlungen oder solche, die gegen den guten Glauben oder die \u00f6ffentliche Ordnung versto\u00dfen, vorzunehmen; \u00a0<strong>(ii)<\/strong> Sch\u00e4den an der Hard- oder Software der Website von ACOS, ihrer Zulieferer oder dritten Personen zu verursachen; <strong>(iii)<\/strong> Computerviren oder andere Hard- oder Software, die zu vorgenannten Sch\u00e4den f\u00fchren k\u00f6nnen, einzuschleusen oder zu verbreiten, oder <strong>(iv) <\/strong>\u00a0um zu versuchen, auf die Daten von ACOS, dritten Zulieferern und anderen Nutzern zuzugreifen, oder diese zu nutzen und\/oder zu manipulieren; <strong>(v)<\/strong> die Inhalte wiederzugeben, zu vervielf\u00e4ltigen, zu kopieren, zu vertreiben, zu ver\u00e4ndern oder umzuwandeln oder, um der \u00d6ffentlichkeit \u00fcber irgendein \u00f6ffentliches Kommunikationsmittel den Zugriff auf diese zu gew\u00e4hren, es sei denn, ACOS hat dies genehmigt;\u00a0 <strong>(vi) <\/strong>Inhalte, die gewerblichen Schutzrechten oder Urheberrechten unterliegen, und sonstige Identifizierungsdaten der genannten Rechte von ACOS und Dritten, die in den Inhalten enthalten sind, sowie die technischen Schutzsysteme oder andere Informationsmechanismen, die in die Inhalte aufgenommen werden k\u00f6nnten, zu l\u00f6schen, zu verbergen oder zu manipulieren. <strong>\u00a0\u00a0<\/strong><\/p>\n<p>ACOS weist darauf hin, dass die materiellen Inhalte dieser Website nur zu Informationszwecken in dieselbe aufgenommen worden sind, weshalb sie im Einzelfall f\u00fcr das Treffen von Entscheidungen oder die \u00dcbernahme von Standpunkten nicht ausreichend sind.<\/p>\n<p>&nbsp;<\/p>\n<p>Der Nutzer sollte ber\u00fccksichtigen, dass die materiellen Inhalte dieser Website m\u00f6glicherweise nicht den aktuellen Stand der Gesetzgebung oder Rechtsprechung bez\u00fcglich der analysierten Fragen widerspiegelt. \u00a0Dar\u00fcber hinaus k\u00f6nnen diese Inhalte ohne Vorank\u00fcndigung ge\u00e4ndert, weiterentwickelt oder aktualisiert werden.<\/p>\n<p>&nbsp;<\/p>\n<p>ACOS ist berechtigt, jede der genannten Verhaltensweisen, nach geltendem Recht, zu untersuchen und anzuzeigen, sowie mit den Beh\u00f6rden im Rahmen der Untersuchung der genannten Handlungen zusammenzuarbeiten.<\/p>\n<p>&nbsp;<\/p>\n<p>ACOS ist berechtigt, den Zugang zur Website aus Wartungs-, Reparatur-, Aktualisierungs- oder Nachbesserungsgr\u00fcnden vor\u00fcbergehend und ohne Vorank\u00fcndigung zu sperren. Dennoch wird ACOS, sofern es die Umst\u00e4nde erlauben, den Nutzer rechtzeitig \u00fcber das Datum unterrichten, f\u00fcr das die Serviceaussetzung geplant ist. \u00a0ACOS haftet nicht f\u00fcr die Nutzung der Inhalte dieser Website,von der die Nutzer Gebrauch machen k\u00f6nnen.<\/p>\n<p>[\/vc_column_text][vc_empty_space][\/vc_column_inner][\/vc_row_inner][vc_row_inner row_type=&#8220;row&#8220; type=&#8220;full_width&#8220; use_row_as_full_screen_section_slide=&#8220;no&#8220; text_align=&#8220;left&#8220; css_animation=&#8220;&#8220; el_class=&#8220;justificar&#8220;][vc_column_inner][vc_column_text]<strong>3.- Urheberrecht und gewerblicher Rechtsschutz<\/strong><\/p>\n<p>S\u00e4mtliche Urheberrechte betreffend die Inhalte dieser Website und ihres Grafikdesigns stehen im ausschlie\u00dflichen Eigentum von ACOS oder eines Dritten, der die Nutzung derselben bzw. desselben genehmigt hat, weshalb die\u00a0 alleinige Aus\u00fcbung der Verwertungsrechte derselben ACOS entspricht.<\/p>\n<p>Deshalb, und kraft des in dem K\u00f6niglichen Gesetzesdekret 1\/1996, vom 12. April, zur Verabschiedung \u00a0des novellierten Urheberrechtsgesetzes sowie in dem Markengesetz 17\/2001, vom 7. Dezember, und in weiteren erg\u00e4nzenden Vorschriften betreffend das Urheberrecht und den gewerblichen Rechtsschutz Geregelten, ist die Wiedergabe, die \u00dcbertragung, die Anpassung, die \u00dcbersetzung, der Vertrieb, die \u00f6ffentliche Bekanntgabe, einschlie\u00dflich die Bereitstellung, oder jede andere Verwertung und\/oder, vollst\u00e4ndige oder teilweise, Ver\u00e4nderung irgendeines Inhalts dieser Website, ohne die entsprechend vorher\u00a0 ausdr\u00fccklich von ACOS erteilte Genehmigung, verboten.<\/p>\n<p>&nbsp;<\/p>\n<p>ACOS erteilt keine Lizenz oder Nutzungsgenehmigung irgendeiner Klasse auf ihre Urheberrechte und gewerblichen Schutzrechte oder auf andere mit der Website, den Dienstleistungen oder den Inhalten derselben verbundene Eigentumsrechte.<\/p>\n<p>Gestattet ist die tempor\u00e4re Wiedergabe und Speicherung der Inhalte der Website, solange dies f\u00fcr die Nutzung und Visualisierung der Website \u00fcber einen PC unbedingt notwendig ist.<\/p>\n<p>Die Rechtm\u00e4\u00dfigkeit der den von Nutzern beigesteuerten Inhalten entsprechenden geistigen oder gewerblichen Eigentumsrechten liegt allein in der Verantwortung derselben, weshalb der Nutzer ACOS f\u00fcr jede sich aus der unerlaubten Nutzung von Inhalten dieser Website ableitende Anspruchsanmeldung Dritter schadlos halten wird.[\/vc_column_text][vc_empty_space][\/vc_column_inner][\/vc_row_inner][vc_row_inner row_type=&#8220;row&#8220; type=&#8220;full_width&#8220; use_row_as_full_screen_section_slide=&#8220;no&#8220; text_align=&#8220;left&#8220; css_animation=&#8220;&#8220; el_class=&#8220;justificar&#8220;][vc_column_inner][vc_column_text]<strong>4.- Haftung und Garantien<\/strong><\/p>\n<p>Die Kanzlei ACOS erkl\u00e4rt, dass sie im Rahmen ihrer M\u00f6glichkeiten und des Stands der Technologie alle Ma\u00dfnahmen ergriffen hat, die f\u00fcr den einwandfreien Betrieb ihrer Website notwendig sind, sowie, dass diese frei von Viren und anderen sch\u00e4dlichen Komponenten ist.\u00a0\u00a0 Allerdings kann ACOS nicht haftbar gemacht werden f\u00fcr: \u00a0<strong>(i) <\/strong>die Kontinuit\u00e4t und die Verf\u00fcgbarkeit der Inhalte und Dienstleistungen; (<strong>ii)\u00a0 <\/strong>die Fehlerfreiheit der genannten Inhalte noch die Korrektur irgendeiner St\u00f6rung, die eintreten k\u00f6nnte;\u00a0\u00a0 \u00a0<strong>(iii)<\/strong> das Nichtvorhandensein von Viren und\/oder anderen sch\u00e4dlichen Komponenten; <strong>(iv)<\/strong> den Schaden, den irgendeine Person verursacht, weil sie gegen die Sicherheitssysteme von ACOS verst\u00f6\u00dft.<\/p>\n<p>&nbsp;<\/p>\n<p>Beitr\u00e4ge, die auf diesen Seiten zu finden sind, wurden nur zu Informationszwecken hochgeladen. \u00a0ACOS \u00fcbernimmt keine Gew\u00e4hrleistung f\u00fcr die Vollst\u00e4ndigkeit, Genauigkeit und Aktualit\u00e4t ihrer Inhalte. \u00a0Deshalb entbehrt es ihnen als konkrete Rechtsberatung in Einzelf\u00e4llen jedweder G\u00fcltigkeit.\u00a0 Mandatsbeziehungen kommen erst nach schriftlicher Best\u00e4tigung zustande.<\/p>\n<p>ACOS \u00fcbernimmt keinerlei Haftung f\u00fcr die auf der Website zu findenden Links zu anderen Websites, die den Nutzer auf Seiten lenken k\u00f6nnen, \u00fcber die ACOS keinerlei Kontrolle hat. Deshalb begr\u00fcndet die Verlinkung mit anderen Webseiten weder die Billigung seitens ACOS derer Inhalte noch das Bestehen irgendeiner Art von Verbund oder Partnerschaft zwischen ACOS und deren Betreibern.\u00a0 Aus diesem Grund greift der Nutzer auf deren Inhalte auf seine eigene Verantwortung und unter den f\u00fcr dieselben geltenden Nutzungsbedingungen zu.<\/p>\n<p>&nbsp;<\/p>\n<p><strong>\u00a05.- Dauer und \u00c4nderung<\/strong><\/p>\n<p>Dieser Disclaimer gilt auf unbestimmte Zeit, wobei ACOS berechtigt ist, \u00c4nderungen an den in demselben dargelegten Bedingungen vorzunehmen, die mit ihrer Ver\u00f6ffentlichung in Kraft treten.<\/p>\n<p>&nbsp;<\/p>\n<p>ACOS ist berechtigt, sowohl Inhalte aus auch Dienstleistungen\u00a0 zu l\u00f6schen, hinzuzuf\u00fcgen oder auszutauschen, auch die Form, in der dieselben zu finden sind oder pr\u00e4sentiert werden. \u00a0Als geltend werden die Bedingungen und Bestimmungen verstanden, die in dem Moment, in dem der Nutzer auf die Website von ACOS zugreift, ver\u00f6ffentlicht sind.<\/p>\n<p>&nbsp;<\/p>\n<p>Der Zugriff auf und\/oder die Nutzung dieser Website gilt als Akzeptanz des Nutzers des vorliegenden Disclaimers und seiner Bedingungen und, ggfs., der \u00c4nderungen, die an denselben vorgenommen worden sind.<\/p>\n<p>&nbsp;<\/p>\n<p class=\"p1\"><span class=\"s1\">ACOS ACCOUNTING SOLUTIONS S.L.U.<\/span><\/p>\n<p class=\"p1\"><span class=\"s1\">Agust\u00edn de Fox\u00e1, 4<\/span><\/p>\n<p class=\"p1\"><span class=\"s1\">E- 28036 Madrid<\/span><\/p>\n<p class=\"p1\"><span class=\"s1\">Tel.: +34 91 319 96 86<\/span><\/p>\n<p class=\"p1\"><span class=\"s1\">Fax: +34 91 412 09 15<\/span><\/p>\n<p class=\"p2\"><span class=\"s2\">Correo electr\u00f3nico: <a href=\"mailto:acossolutions@acossolutions.es\"><span class=\"s3\">acossolutions@acossolutions.es<\/span><\/a><\/span><\/p>\n<p class=\"p1\"><span class=\"s1\">N\u00famero de identificaci\u00f3n fiscal: B65833022<\/span><\/p>\n<p class=\"p3\"><span class=\"s1\">\u00a0<\/span><\/p>\n<p class=\"p3\"><span class=\"s1\">Sociedad Limitada Profesional inscrita en el Registro Mercantil de Madrid en el Tomo 36632, Folio 82, Hoja M-657172, Inscripci\u00f3n 2\u00aa.<\/span><\/p>\n<p>[\/vc_column_text][vc_empty_space][\/vc_column_inner][\/vc_row_inner][vc_row_inner row_type=&#8220;row&#8220; type=&#8220;full_width&#8220; use_row_as_full_screen_section_slide=&#8220;no&#8220; text_align=&#8220;left&#8220; css_animation=&#8220;&#8220; el_class=&#8220;justificar&#8220;][vc_column_inner][vc_column_text]<strong>Haftungsausschluss:<\/strong><\/p>\n<p>Wir weisen darauf hin, dass die auf diesen Seiten enthaltenen Beitr\u00e4ge lediglich der Information dienen. Es wird keine Gew\u00e4hr f\u00fcr Vollst\u00e4ndigkeit, Richtigkeit und Aktualit\u00e4t der Inhalte \u00fcbernommen. Diese dienen daher nicht der konkreten Rechtsberatung im Einzelfall. Mandatsverh\u00e4ltnisse kommen erst nach schriftlicher Best\u00e4tigung zustande.[\/vc_column_text][\/vc_column_inner][\/vc_row_inner][vc_empty_space height=&#8220;150px&#8220;][\/vc_column][\/vc_row]<\/p>\n","protected":false},"excerpt":{"rendered":"<p>[vc_row row_type=&#8220;row&#8220; use_row_as_full_screen_section=&#8220;no&#8220; type=&#8220;full_width&#8220; text_align=&#8220;left&#8220; background_color=&#8220;#e9eae7&#8243; padding_top=&#8220;100&#8243; padding_bottom=&#8220;30&#8243; css_animation=&#8220;element_from_bottom&#8220;][vc_column][vc_row_inner row_type=&#8220;row&#8220; type=&#8220;grid&#8220; use_row_as_full_screen_section_slide=&#8220;no&#8220; text_align=&#8220;center&#8220; css_animation=&#8220;&#8220;][vc_column_inner][vc_column_text] Rechtlicher Hinweis [\/vc_column_text][\/vc_column_inner][\/vc_row_inner][\/vc_column][\/vc_row][vc_row row_type=&#8220;row&#8220; use_row_as_full_screen_section=&#8220;no&#8220; type=&#8220;grid&#8220; text_align=&#8220;left&#8220; background_color=&#8220;#e9eae7&#8243; padding_top=&#8220;30&#8243; padding_bottom=&#8220;20&#8243; css_animation=&#8220;element_from_bottom&#8220;][vc_column][vc_row_inner row_type=&#8220;row&#8220; type=&#8220;full_width&#8220; use_row_as_full_screen_section_slide=&#8220;no&#8220; text_align=&#8220;left&#8220; css_animation=&#8220;&#8220; el_class=&#8220;justificar&#8220;][vc_column_inner][vc_column_text]1.- Auskunftsrecht Hiermit geben wir Ihnen zur Kenntnis, dass diese Website von der Kanzlei ACOS&#8230;<\/p>\n","protected":false},"author":1,"featured_media":0,"parent":0,"menu_order":0,"comment_status":"open","ping_status":"open","template":"full_width.php","meta":{"_mi_skip_tracking":false,"footnotes":""},"class_list":["post-22282","page","type-page","status-publish","hentry"],"_links":{"self":[{"href":"https:\/\/acossolutions.es\/de\/wp-json\/wp\/v2\/pages\/22282","targetHints":{"allow":["GET"]}}],"collection":[{"href":"https:\/\/acossolutions.es\/de\/wp-json\/wp\/v2\/pages"}],"about":[{"href":"https:\/\/acossolutions.es\/de\/wp-json\/wp\/v2\/types\/page"}],"author":[{"embeddable":true,"href":"https:\/\/acossolutions.es\/de\/wp-json\/wp\/v2\/users\/1"}],"replies":[{"embeddable":true,"href":"https:\/\/acossolutions.es\/de\/wp-json\/wp\/v2\/comments?post=22282"}],"version-history":[{"count":32,"href":"https:\/\/acossolutions.es\/de\/wp-json\/wp\/v2\/pages\/22282\/revisions"}],"predecessor-version":[{"id":23114,"href":"https:\/\/acossolutions.es\/de\/wp-json\/wp\/v2\/pages\/22282\/revisions\/23114"}],"wp:attachment":[{"href":"https:\/\/acossolutions.es\/de\/wp-json\/wp\/v2\/media?parent=22282"}],"curies":[{"name":"wp","href":"https:\/\/api.w.org\/{rel}","templated":true}]}}