{"id":22209,"date":"2017-06-15T10:25:15","date_gmt":"2017-06-15T10:25:15","guid":{"rendered":"http:\/\/acossolutions.es\/?page_id=22209"},"modified":"2022-11-03T13:14:55","modified_gmt":"2022-11-03T13:14:55","slug":"mariajose-lopez","status":"publish","type":"page","link":"https:\/\/acossolutions.es\/de\/team\/maria-jose-lopez\/","title":{"rendered":"Mar\u00eda Jos\u00e9 L\u00f3pez"},"content":{"rendered":"<p>[vc_row row_type=&#8220;row&#8220; use_row_as_full_screen_section=&#8220;no&#8220; type=&#8220;grid&#8220; text_align=&#8220;left&#8220; background_color=&#8220;#e9eae7&#8243; padding_top=&#8220;0&#8243; css_animation=&#8220;element_from_bottom&#8220;][vc_column][vc_column_text]<\/p>\n<h2>Mar\u00eda Jos\u00e9 L\u00f3pez<\/h2>\n<p>[\/vc_column_text][vc_separator type=&#8220;transparent&#8220; border_style=&#8220;&#8220; up=&#8220;20&#8243; down=&#8220;0&#8243;][\/vc_column][\/vc_row][vc_row row_type=&#8220;row&#8220; use_row_as_full_screen_section=&#8220;no&#8220; type=&#8220;full_width&#8220; text_align=&#8220;left&#8220; css_animation=&#8220;element_from_bottom&#8220; el_class=&#8220;justificar&#8220;][vc_column width=&#8220;1\/3&#8243;][vc_single_image image=&#8220;22228&#8243; img_size=&#8220;&#8220; qode_css_animation=&#8220;&#8220;][vc_empty_space][vc_column_text]<\/p>\n<h5>Abteilungsleiterin Lohnbuchhaltung und Sozialversicherung<\/h5>\n<p>mlopez@acossolutions.es[\/vc_column_text][vc_empty_space height=&#8220;10px&#8220;][vc_empty_space][\/vc_column][vc_column width=&#8220;2\/3&#8243;][vc_column_text][\/vc_column_text][vc_empty_space height=&#8220;25px&#8220;][vc_row_inner row_type=&#8220;row&#8220; type=&#8220;full_width&#8220; use_row_as_full_screen_section_slide=&#8220;no&#8220; text_align=&#8220;left&#8220; css_animation=&#8220;element_from_bottom&#8220;][vc_column_inner][vc_column_text]Spezialisierung in Buchf\u00fchrung (Industrie- und Handelskammer Madrid). Seit dem Jahr 1998 ist sie in den Bereichen Verwaltung und Buchf\u00fchrung t\u00e4tig. Im Jahr 2006 wurde sie Mitglied bei Monereo Meyer Abogados und seit 2016 geh\u00f6rt sie zum Team von Acos Accounting Solutions.<\/p>\n<p>&nbsp;<\/p>\n<p>Bei Monereo Meyer war sie auf dem Gebiet der Dokumentenabwicklung vor den Steuerbeh\u00f6rden, der Gemeinde, der Banken sowie \u00f6ffentlichen Einrichtungen t\u00e4tig und unterst\u00fctzte die Buchhaltungsabteilung. Im Jahr 2008 kam Frau L\u00f3pez zur Abteilung Lohnabrechnung und Sozialversicherung und ist heute nach kontinuierlicher Weiterbildung auf diesem Gebiet Abteilungsleiterin bei Acos Accounting Solutions.<\/p>\n<p>&nbsp;<\/p>\n<p>Ihre Arbeitssprachen sind Spanisch und Englisch.[\/vc_column_text][vc_empty_space height=&#8220;15px&#8220;]<div class='latest_post_holder boxes three_columns one_row'><ul><\/ul><\/div>[vc_empty_space height=&#8220;10px&#8220;][\/vc_column_inner][\/vc_row_inner][\/vc_column][\/vc_row]<\/p>\n","protected":false},"excerpt":{"rendered":"<p>[vc_row row_type=&#8220;row&#8220; use_row_as_full_screen_section=&#8220;no&#8220; type=&#8220;grid&#8220; text_align=&#8220;left&#8220; background_color=&#8220;#e9eae7&#8243; padding_top=&#8220;0&#8243; css_animation=&#8220;element_from_bottom&#8220;][vc_column][vc_column_text] Mar\u00eda Jos\u00e9 L\u00f3pez [\/vc_column_text][vc_separator type=&#8220;transparent&#8220; border_style=&#8220;&#8220; up=&#8220;20&#8243; down=&#8220;0&#8243;][\/vc_column][\/vc_row][vc_row row_type=&#8220;row&#8220; use_row_as_full_screen_section=&#8220;no&#8220; type=&#8220;full_width&#8220; text_align=&#8220;left&#8220; css_animation=&#8220;element_from_bottom&#8220; el_class=&#8220;justificar&#8220;][vc_column width=&#8220;1\/3&#8243;][vc_single_image image=&#8220;22228&#8243; img_size=&#8220;&#8220; qode_css_animation=&#8220;&#8220;][vc_empty_space][vc_column_text] Abteilungsleiterin Lohnbuchhaltung und Sozialversicherung mlopez@acossolutions.es[\/vc_column_text][vc_empty_space height=&#8220;10px&#8220;][vc_empty_space][\/vc_column][vc_column width=&#8220;2\/3&#8243;][vc_column_text][\/vc_column_text][vc_empty_space height=&#8220;25px&#8220;][vc_row_inner row_type=&#8220;row&#8220; type=&#8220;full_width&#8220; use_row_as_full_screen_section_slide=&#8220;no&#8220; text_align=&#8220;left&#8220; css_animation=&#8220;element_from_bottom&#8220;][vc_column_inner][vc_column_text]Spezialisierung in Buchf\u00fchrung (Industrie- und Handelskammer Madrid)&#8230;.<\/p>\n","protected":false},"author":1,"featured_media":0,"parent":18859,"menu_order":0,"comment_status":"open","ping_status":"open","template":"","meta":{"_mi_skip_tracking":false,"footnotes":""},"class_list":["post-22209","page","type-page","status-publish","hentry"],"_links":{"self":[{"href":"https:\/\/acossolutions.es\/de\/wp-json\/wp\/v2\/pages\/22209","targetHints":{"allow":["GET"]}}],"collection":[{"href":"https:\/\/acossolutions.es\/de\/wp-json\/wp\/v2\/pages"}],"about":[{"href":"https:\/\/acossolutions.es\/de\/wp-json\/wp\/v2\/types\/page"}],"author":[{"embeddable":true,"href":"https:\/\/acossolutions.es\/de\/wp-json\/wp\/v2\/users\/1"}],"replies":[{"embeddable":true,"href":"https:\/\/acossolutions.es\/de\/wp-json\/wp\/v2\/comments?post=22209"}],"version-history":[{"count":27,"href":"https:\/\/acossolutions.es\/de\/wp-json\/wp\/v2\/pages\/22209\/revisions"}],"predecessor-version":[{"id":22943,"href":"https:\/\/acossolutions.es\/de\/wp-json\/wp\/v2\/pages\/22209\/revisions\/22943"}],"up":[{"embeddable":true,"href":"https:\/\/acossolutions.es\/de\/wp-json\/wp\/v2\/pages\/18859"}],"wp:attachment":[{"href":"https:\/\/acossolutions.es\/de\/wp-json\/wp\/v2\/media?parent=22209"}],"curies":[{"name":"wp","href":"https:\/\/api.w.org\/{rel}","templated":true}]}}