{"id":20631,"date":"2014-07-09T07:52:09","date_gmt":"2014-07-09T07:52:09","guid":{"rendered":"http:\/\/demo.select-themes.com\/stockholm2\/?page_id=20631"},"modified":"2022-06-20T17:41:03","modified_gmt":"2022-06-20T17:41:03","slug":"home-acos","status":"publish","type":"page","link":"https:\/\/acossolutions.es\/de\/","title":{"rendered":"Home Acos"},"content":{"rendered":"<p>[vc_row row_type=&#8220;row&#8220; use_row_as_full_screen_section=&#8220;no&#8220; type=&#8220;full_width&#8220; text_align=&#8220;left&#8220; padding_bottom=&#8220;20&#8243; css_animation=&#8220;&#8220; css=&#8220;.vc_custom_1584091255612{margin-top: 0px !important;padding-top: 0px !important;}&#8220;][vc_column][\/vc_column][\/vc_row][vc_row row_type=&#8220;row&#8220; use_row_as_full_screen_section=&#8220;no&#8220; type=&#8220;grid&#8220; text_align=&#8220;left&#8220; background_color=&#8220;#e9eae7&#8243; padding_top=&#8220;70&#8243; padding_bottom=&#8220;50&#8243; css_animation=&#8220;&#8220;][vc_column][vc_row_inner row_type=&#8220;row&#8220; type=&#8220;full_width&#8220; use_row_as_full_screen_section_slide=&#8220;no&#8220; text_align=&#8220;left&#8220; css_animation=&#8220;&#8220;][vc_column_inner][vc_column_text]<\/p>\n<h2>Acos Accounting Solutions<\/h2>\n<p>[\/vc_column_text][\/vc_column_inner][\/vc_row_inner][vc_row_inner row_type=&#8220;row&#8220; type=&#8220;grid&#8220; use_row_as_full_screen_section_slide=&#8220;no&#8220; text_align=&#8220;left&#8220; background_color=&#8220;#e9eae7&#8243; padding_top=&#8220;40&#8243; padding_bottom=&#8220;10&#8243; css_animation=&#8220;&#8220; el_class=&#8220;justificar&#8220;][vc_column_inner width=&#8220;1\/2&#8243;][vc_column_text el_class=&#8220;separat&#8220;]<strong>Acos Accounting Solutions<\/strong>\u00a0wurde 2012 als Tochtergesellschaft von <a href=\"http:\/\/www.mmmm.es\/de\/\" target=\"_blank\" rel=\"noopener\"><strong>Monereo Meyer Abogados<\/strong><\/a>\u00a0gegr\u00fcndet, um unseren Kunden spezialisierte Dienstleistungen, vorrangig im Bereich des Rechnungswesens und bei der Unterst\u00fctzung laufender Steuerangelegenheiten sowie bei der Lohnbuchhaltung, anbieten zu k\u00f6nnen und auf diese Weise strukturelle Fixkosten zu beseitigen und Abl\u00e4ufe zu optimieren.<\/p>\n<p>Wir verf\u00fcgen \u00fcber ein interkulturelles Profil und sind es gewohnt, auf internationaler Ebene zu arbeiten, so dass wir unsere Dienstleistungen neben rein spanischen Kunden insbesondere auch spanischen Tochtergesellschaften internationaler Unternehmen zur Verf\u00fcgung stellen.[\/vc_column_text][vc_separator type=&#8220;transparent&#8220; border_style=&#8220;&#8220; up=&#8220;10&#8243;][\/vc_column_inner][vc_column_inner width=&#8220;1\/2&#8243;][vc_column_text el_class=&#8220;separat&#8220;]Unsere Kunden sind in den vielf\u00e4ltigsten Bereichen t\u00e4tig und stammen mehrheitlich aus dem\u00a0<strong>Mittelstand<\/strong>.<\/p>\n<p>Unsere Zugeh\u00f6rigkeit zu\u00a0<a href=\"http:\/\/www.mmmm.es\/de\/\" target=\"_blank\" rel=\"noopener\"><strong>Monereo Meyer Abogados<\/strong><\/a> bietet den Unternehmen, die auf uns vertrauen, die M\u00f6glichkeit einer umfassenden Beratung in Erg\u00e4nzung zu unseren Dienstleistungen, ohne dass die Einschaltung weiterer Zwischenpersonen vonn\u00f6ten ist. All dies mit den h\u00f6chsten Standards bez\u00fcglich Effizienz und Professionalit\u00e4t.[\/vc_column_text][\/vc_column_inner][\/vc_row_inner][\/vc_column][\/vc_row][vc_row row_type=&#8220;row&#8220; use_row_as_full_screen_section=&#8220;no&#8220; type=&#8220;full_width&#8220; text_align=&#8220;left&#8220; padding_top=&#8220;20&#8243; padding_bottom=&#8220;20&#8243; css_animation=&#8220;&#8220; el_id=&#8220;valores&#8220;][vc_column]<div class=\"call_to_action normal\" style=\"background-color: #d89541;border-top: 1px solid #d89541;\"><div class=\"container_inner\"><div class=\"two_columns_75_25 clearfix\"><div class=\"text_wrapper column1\"><div class=\"call_to_action_text\" style=\"\"><\/p>\n<p style=\"font-family: Podkova; font-size: 22px; line-height: 31px; font-weight: 300; color: #e9eae7;\">ACOS bietet Buchhaltungsdienstleistungen, Lohnabrechnungen<br \/>\nund Unterst\u00fctzung bei Steuerverpflichtungen an.<\/p>\n<p><\/div><\/div><div class=\"button_wrapper column2\"><a href=\"http:\/\/acossolutions.es\/de\/dienstleistungen\/\" class=\"qbutton large\" target=\"_self\" style=\"color:#e9eae7;border-color:#e9eae7;background-color: #d89541;\" data-hover-background-color=#e9eae7  data-hover-border-color=#e9eae7  data-hover-color=#d89541>UNSERE LEISTUNGEN<\/a><\/div><\/div><\/div><\/div>[\/vc_column][\/vc_row][vc_row row_type=&#8220;row&#8220; use_row_as_full_screen_section=&#8220;no&#8220; type=&#8220;full_width&#8220; text_align=&#8220;left&#8220; background_color=&#8220;#e9eae7&#8243; padding_bottom=&#8220;50&#8243; css_animation=&#8220;&#8220;][vc_column][vc_row_inner row_type=&#8220;row&#8220; type=&#8220;grid&#8220; use_row_as_full_screen_section_slide=&#8220;no&#8220; text_align=&#8220;left&#8220; background_color=&#8220;#e9eae7&#8243; padding_top=&#8220;30&#8243; css_animation=&#8220;&#8220;][vc_column_inner][vc_column_text]<\/p>\n<h2>Werte<\/h2>\n<p>[\/vc_column_text][vc_separator type=&#8220;transparent&#8220; border_style=&#8220;&#8220; up=&#8220;20&#8243; down=&#8220;0&#8243;][\/vc_column_inner][\/vc_row_inner][vc_row_inner row_type=&#8220;row&#8220; type=&#8220;grid&#8220; use_row_as_full_screen_section_slide=&#8220;no&#8220; text_align=&#8220;left&#8220; padding_bottom=&#8220;40&#8243; css_animation=&#8220;&#8220; el_class=&#8220;justificar&#8220;][vc_column_inner width=&#8220;1\/2&#8243;][vc_column_text el_class=&#8220;separat&#8220;]<\/p>\n<h6><strong>Verpflichtungen<\/strong><\/h6>\n<p>Die\u00a0<strong>Leistung einer hochwertigen Arbeit,\u00a0<\/strong>die \u00dcberwachung s\u00e4mtlicher Abl\u00e4ufe und eine kontinuierliche Weiterbildung.<\/p>\n<h6><strong>Proaktivit\u00e4t<\/strong><\/h6>\n<p>Wir greifen den m\u00f6glichen Problemen und Bed\u00fcrfnissen unserer Mandanten vor. Dank unserer umfassenden Erfahrung kann unser Team dazu beitragen,\u00a0<strong>unseren Mandanten die bestm\u00f6gliche L\u00f6sung zu unterbreiten.<\/strong><\/p>\n<h6><strong>Sicherheit<\/strong><\/h6>\n<p>Die Gew\u00e4hrleistung der Sicherheit unserer Mandanten ist f\u00fcr <strong>ACOS <\/strong>ein Hautpanliegen. Um den Qualit\u00e4tsanspr\u00fcchen gerecht zu werden,\u00a0<strong>unterh\u00e4lt ACOS eine Haftpflichtversicherung, sollte dies erforderlich sein.<\/strong>[\/vc_column_text][vc_separator type=&#8220;transparent&#8220; border_style=&#8220;&#8220; up=&#8220;10&#8243;][\/vc_column_inner][vc_column_inner width=&#8220;1\/2&#8243;][vc_column_text el_class=&#8220;separat&#8220;]<\/p>\n<h6><strong>Vertraulichkeit<\/strong><\/h6>\n<p><strong>Die Vertraulichkeit ist bei ACOS gew\u00e4hrleistet.\u00a0<\/strong>Unser Unternehmen verpflichtet sich zur Geheimhaltung der \u00fcberlassenen pers\u00f6nlichen Daten, gem\u00e4\u00df Organgesetz 15\/1999, vom 13. Dezember \u00fcber den Schutz von pers\u00f6nlichen Daten.<\/p>\n<h6><strong>Flexibilit\u00e4t<\/strong><\/h6>\n<p>Jedes Unternehmen ist unterschiedlich und hat verschiedene Bed\u00fcrfnisse.\u00a0<strong>ACOS<\/strong>\u00a0ist hinsichtlich der modernen Technologien und den verwendeten Systemen auf dem neuesten Stand, wie z.B. SAP und A3NOM. Dar\u00fcber hinaus passen wir uns den verschiedenen Zeitpl\u00e4nen unserer Mandanten an,\u00a0<strong>bilden uns hinsichtlich s\u00e4mtlicher Gesetzes\u00e4nderungen fortlaufend weiter und kommunizieren mit unseren Mandanten problemlos in 5 Sprachen.<\/strong>[\/vc_column_text][\/vc_column_inner][\/vc_row_inner][\/vc_column][\/vc_row][vc_row row_type=&#8220;row&#8220; use_row_as_full_screen_section=&#8220;no&#8220; type=&#8220;full_width&#8220; text_align=&#8220;left&#8220; background_color=&#8220;#3e3c3b&#8220; padding_bottom=&#8220;20&#8243; css_animation=&#8220;&#8220;][vc_column]<div class=\"call_to_action normal\" style=\"background-color: #3e3c3b;border-top: 1px solid #3e3c3b;\"><div class=\"container_inner\"><div class=\"two_columns_75_25 clearfix\"><div class=\"text_wrapper column1\"><div class=\"call_to_action_text\" style=\"\"><\/p>\n<p style=\"font-family: Podkova; font-size: 22px; line-height: 31px; font-weight: 300; color: #e9eae7;\">ACOS \u00a0ist der perfekte Ansprechpartner f\u00fcr ausl\u00e4ndische<br \/>\nUnternehmen, die in Spanien aktiv sind.<\/p>\n<p><\/div><\/div><div class=\"button_wrapper column2\"><a href=\"http:\/\/acossolutions.es\/de\/kontakt\/\" class=\"qbutton large\" target=\"_self\" style=\"color:#e9eae7;border-color:#e9eae7;background-color: #3e3c3b;\" data-hover-background-color=#d89541  data-hover-border-color=#d89541  data-hover-color=#3e3c3b>KONTAKT<\/a><\/div><\/div><\/div><\/div>[\/vc_column][\/vc_row][vc_row row_type=&#8220;row&#8220; use_row_as_full_screen_section=&#8220;no&#8220; type=&#8220;full_width&#8220; text_align=&#8220;left&#8220; background_color=&#8220;#e9eae7&#8243; css_animation=&#8220;&#8220;][vc_column][vc_row_inner row_type=&#8220;row&#8220; type=&#8220;grid&#8220; use_row_as_full_screen_section_slide=&#8220;no&#8220; text_align=&#8220;left&#8220; background_color=&#8220;#e9eae7&#8243; padding_top=&#8220;120&#8243; padding_bottom=&#8220;90&#8243; css_animation=&#8220;&#8220; el_class=&#8220;justificar&#8220;][vc_column_inner width=&#8220;1\/2&#8243;][vc_column_text]<\/p>\n<h2>Erfahrung\/Kunden<\/h2>\n<p>[\/vc_column_text][vc_separator type=&#8220;transparent&#8220; border_style=&#8220;&#8220; up=&#8220;20&#8243; down=&#8220;0&#8243;][vc_column_text]En\u00a0<strong>ACOS<\/strong>\u00a0verf\u00fcgt \u00fcber gro\u00dfe Erfahrung bei der\u00a0<strong>Unterst\u00fctzung und Verwaltung der Finanzabteilungen von Unternehmen verschiedenster Gesch\u00e4ftsbereiche:\u00a0<\/strong>Holdinggesellschaften und Finanzunternehmen, Industrieingenieurwesen, Hotel- und Gastst\u00e4ttengewerbe, Telekommunikation, erneuerbare Energien, Aus- und Weiterbildung, Design, Architektur, etc.<\/p>\n<p>Dank des Werdegangs der Mitarbeiter von\u00a0<strong>ACOS<\/strong>, sowohl bei Privatbanken als auch bei Wirtschaftspr\u00fcfungsunternehmen,\u00a0<strong>verf\u00fcgen wir im Hinblick auf die Beratung unserer Kunden \u00fcber ein umfassendes Verst\u00e4ndnis des Finanzsystems.<\/strong>[\/vc_column_text][vc_separator type=&#8220;transparent&#8220; border_style=&#8220;&#8220; up=&#8220;20&#8243;][\/vc_column_inner][vc_column_inner width=&#8220;1\/2&#8243;][vc_single_image image=&#8220;22080&#8243; img_size=&#8220;full&#8220; qode_css_animation=&#8220;&#8220;][\/vc_column_inner][\/vc_row_inner][\/vc_column][\/vc_row]<\/p>\n","protected":false},"excerpt":{"rendered":"<p>[vc_row row_type=&#8220;row&#8220; use_row_as_full_screen_section=&#8220;no&#8220; type=&#8220;full_width&#8220; text_align=&#8220;left&#8220; padding_bottom=&#8220;20&#8243; css_animation=&#8220;&#8220; css=&#8220;.vc_custom_1584091255612{margin-top: 0px !important;padding-top: 0px !important;}&#8220;][vc_column][\/vc_column][\/vc_row][vc_row row_type=&#8220;row&#8220; use_row_as_full_screen_section=&#8220;no&#8220; type=&#8220;grid&#8220; text_align=&#8220;left&#8220; background_color=&#8220;#e9eae7&#8243; padding_top=&#8220;70&#8243; padding_bottom=&#8220;50&#8243; css_animation=&#8220;&#8220;][vc_column][vc_row_inner row_type=&#8220;row&#8220; type=&#8220;full_width&#8220; use_row_as_full_screen_section_slide=&#8220;no&#8220; text_align=&#8220;left&#8220; css_animation=&#8220;&#8220;][vc_column_inner][vc_column_text] Acos Accounting Solutions [\/vc_column_text][\/vc_column_inner][\/vc_row_inner][vc_row_inner row_type=&#8220;row&#8220; type=&#8220;grid&#8220; use_row_as_full_screen_section_slide=&#8220;no&#8220; text_align=&#8220;left&#8220; background_color=&#8220;#e9eae7&#8243; padding_top=&#8220;40&#8243; padding_bottom=&#8220;10&#8243; css_animation=&#8220;&#8220; el_class=&#8220;justificar&#8220;][vc_column_inner width=&#8220;1\/2&#8243;][vc_column_text el_class=&#8220;separat&#8220;]Acos Accounting Solutions\u00a0wurde 2012 als Tochtergesellschaft&#8230;<\/p>\n","protected":false},"author":1,"featured_media":0,"parent":0,"menu_order":0,"comment_status":"open","ping_status":"open","template":"full_width.php","meta":{"_mi_skip_tracking":false,"footnotes":""},"class_list":["post-20631","page","type-page","status-publish","hentry"],"_links":{"self":[{"href":"https:\/\/acossolutions.es\/de\/wp-json\/wp\/v2\/pages\/20631","targetHints":{"allow":["GET"]}}],"collection":[{"href":"https:\/\/acossolutions.es\/de\/wp-json\/wp\/v2\/pages"}],"about":[{"href":"https:\/\/acossolutions.es\/de\/wp-json\/wp\/v2\/types\/page"}],"author":[{"embeddable":true,"href":"https:\/\/acossolutions.es\/de\/wp-json\/wp\/v2\/users\/1"}],"replies":[{"embeddable":true,"href":"https:\/\/acossolutions.es\/de\/wp-json\/wp\/v2\/comments?post=20631"}],"version-history":[{"count":165,"href":"https:\/\/acossolutions.es\/de\/wp-json\/wp\/v2\/pages\/20631\/revisions"}],"predecessor-version":[{"id":22809,"href":"https:\/\/acossolutions.es\/de\/wp-json\/wp\/v2\/pages\/20631\/revisions\/22809"}],"wp:attachment":[{"href":"https:\/\/acossolutions.es\/de\/wp-json\/wp\/v2\/media?parent=20631"}],"curies":[{"name":"wp","href":"https:\/\/api.w.org\/{rel}","templated":true}]}}