{"id":19080,"date":"2014-06-03T08:07:04","date_gmt":"2014-06-03T08:07:04","guid":{"rendered":"http:\/\/demo.select-themes.com\/stockholm2\/?page_id=19080"},"modified":"2019-09-26T13:00:07","modified_gmt":"2019-09-26T13:00:07","slug":"servicios","status":"publish","type":"page","link":"https:\/\/acossolutions.es\/de\/dienstleistungen\/","title":{"rendered":"DIENSTLEISTUNGEN"},"content":{"rendered":"<p>[vc_row row_type=&#8220;row&#8220; use_row_as_full_screen_section=&#8220;no&#8220; type=&#8220;full_width&#8220; text_align=&#8220;left&#8220; background_color=&#8220;#e9eae7&#8243; padding_top=&#8220;100&#8243; padding_bottom=&#8220;30&#8243; css_animation=&#8220;element_from_bottom&#8220;][vc_column][vc_row_inner row_type=&#8220;row&#8220; type=&#8220;grid&#8220; use_row_as_full_screen_section_slide=&#8220;no&#8220; text_align=&#8220;center&#8220; css_animation=&#8220;&#8220;][vc_column_inner][vc_column_text]<\/p>\n<h2>Beratung und Outsourcing<\/h2>\n<p>[\/vc_column_text][\/vc_column_inner][\/vc_row_inner][\/vc_column][\/vc_row][vc_row row_type=&#8220;row&#8220; use_row_as_full_screen_section=&#8220;no&#8220; type=&#8220;full_width&#8220; text_align=&#8220;left&#8220; background_color=&#8220;#e9eae7&#8243; padding_top=&#8220;30&#8243; padding_bottom=&#8220;30&#8243; css_animation=&#8220;element_from_bottom&#8220; transition_delay=&#8220;400&#8243;][vc_column][vc_row_inner row_type=&#8220;row&#8220; type=&#8220;grid&#8220; use_row_as_full_screen_section_slide=&#8220;no&#8220; text_align=&#8220;left&#8220; css_animation=&#8220;&#8220;][vc_column_inner width=&#8220;1\/2&#8243;][vc_single_image image=&#8220;21823&#8243; img_size=&#8220;full&#8220; qode_css_animation=&#8220;&#8220;][vc_separator type=&#8220;transparent&#8220; border_style=&#8220;&#8220; up=&#8220;40&#8243; down=&#8220;0&#8243;][\/vc_column_inner][vc_column_inner width=&#8220;1\/2&#8243;][vc_column_text]<\/p>\n<h5 style=\"text-align: left;\">Rechnungswesen<\/h5>\n<p>[\/vc_column_text][vc_separator type=&#8220;transparent&#8220; border_style=&#8220;&#8220; up=&#8220;10&#8243; down=&#8220;0&#8243;]<div class='q_list circle light'><\/p>\n<ul>\n<li style=\"text-align: left;\">Allgemeine Buchhaltung<\/li>\n<li style=\"text-align: left;\"><strong>An die Modelle der Muttergesellschaft\u00a0<\/strong>angepasste Monatsabschl\u00fcsse o individuelles oder konsolidiertes monatliches Berichtwesen<\/li>\n<li style=\"text-align: left;\"><strong>Anpassung\u00a0<\/strong>des wirtschaftlich-finanziellen Status<\/li>\n<li style=\"text-align: left;\">Anlagenbuchhaltung<\/li>\n<li style=\"text-align: left;\">Benachrichtigungen\u00a0<strong>an die Verwaltung<\/strong><\/li>\n<li style=\"text-align: left;\"><strong>Analytische Buchf\u00fchrung\u00a0<\/strong>(Kostenstellen, Projekte)<\/li>\n<li style=\"text-align: left;\">Vorbereitung des Jahresabschlusses<\/li>\n<li style=\"text-align: left;\">Unterst\u00fctzung bei\u00a0<strong>Wirtschaftspr\u00fcfungen<\/strong><\/li>\n<\/ul>\n<p><\/div>[\/vc_column_inner][\/vc_row_inner][\/vc_column][\/vc_row][vc_row row_type=&#8220;row&#8220; use_row_as_full_screen_section=&#8220;no&#8220; type=&#8220;full_width&#8220; text_align=&#8220;left&#8220; background_color=&#8220;#e9eae7&#8243; padding_top=&#8220;30&#8243; padding_bottom=&#8220;40&#8243; css_animation=&#8220;element_from_bottom&#8220; transition_delay=&#8220;200&#8243;][vc_column][vc_row_inner row_type=&#8220;row&#8220; type=&#8220;grid&#8220; use_row_as_full_screen_section_slide=&#8220;no&#8220; text_align=&#8220;right&#8220; background_color=&#8220;#e9eae7&#8243; css_animation=&#8220;&#8220;][vc_column_inner width=&#8220;1\/2&#8243;][vc_single_image image=&#8220;21826&#8243; img_size=&#8220;full&#8220; alignment=&#8220;right&#8220; qode_css_animation=&#8220;&#8220;][\/vc_column_inner][vc_column_inner width=&#8220;1\/2&#8243;][vc_column_text]<\/p>\n<h5 style=\"text-align: left;\">Steuerliche Verpflichtungen<\/h5>\n<p>[\/vc_column_text][vc_separator type=&#8220;transparent&#8220; border_style=&#8220;&#8220; up=&#8220;10&#8243; down=&#8220;0&#8243;]<div class='q_list circle light'><\/p>\n<ul>\n<li style=\"text-align: left;\">Steuerliche\u00a0<strong>An- und Abmeldungen<\/strong><\/li>\n<li style=\"text-align: left;\">Vorbereitung von\u00a0<strong>Umsatzsteuererkl\u00e4rungen und Gesch\u00e4ftsb\u00fcchern<\/strong><\/li>\n<li style=\"text-align: left;\"><strong>INTRASTAT-Meldungen<\/strong><\/li>\n<li style=\"text-align: left;\">Einkommenssteuerabzugserkl\u00e4rungen<\/li>\n<li style=\"text-align: left;\">K\u00f6rperschaftssteuer: Erkl\u00e4rung, Zahlung, Ratenzahlungen<\/li>\n<li style=\"text-align: left;\">Einreichung der erw\u00e4hnten Steuererkl\u00e4rungen<\/li>\n<\/ul>\n<p><\/div>[\/vc_column_inner][\/vc_row_inner][\/vc_column][\/vc_row][vc_row row_type=&#8220;row&#8220; use_row_as_full_screen_section=&#8220;no&#8220; type=&#8220;full_width&#8220; text_align=&#8220;left&#8220; background_color=&#8220;#e9eae7&#8243; padding_top=&#8220;30&#8243; padding_bottom=&#8220;60&#8243; css_animation=&#8220;element_from_bottom&#8220; transition_delay=&#8220;600&#8243;][vc_column][vc_row_inner row_type=&#8220;row&#8220; type=&#8220;grid&#8220; use_row_as_full_screen_section_slide=&#8220;no&#8220; text_align=&#8220;right&#8220; css_animation=&#8220;&#8220;][vc_column_inner width=&#8220;1\/2&#8243;][vc_single_image image=&#8220;21827&#8243; img_size=&#8220;full&#8220; alignment=&#8220;right&#8220; qode_css_animation=&#8220;&#8220;][\/vc_column_inner][vc_column_inner width=&#8220;1\/2&#8243;][vc_column_text]<\/p>\n<h5 style=\"text-align: left;\">Gehaltsabrechnung<\/h5>\n<p>[\/vc_column_text][vc_separator type=&#8220;transparent&#8220; border_style=&#8220;&#8220; up=&#8220;10&#8243; down=&#8220;0&#8243;]<div class='q_list circle light'><\/p>\n<ul>\n<li style=\"text-align: left;\">Gesch\u00e4ftser\u00f6ffnungen und Er\u00f6ffnung von Arbeitsst\u00e4tten<\/li>\n<li style=\"text-align: left;\">An- und Abmeldung von Angestellten<\/li>\n<li style=\"text-align: left;\">Bewerbungs- und Einstellungsmanagement<\/li>\n<li style=\"text-align: left;\">Sozialversicherung<\/li>\n<li style=\"text-align: left;\">Umfassende\u00a0<strong>Unterst\u00fctzung <\/strong>der Personalabteilung<\/li>\n<li style=\"text-align: left;\">Gehaltsabrechnung<\/li>\n<li style=\"text-align: left;\">Erstellung von Gehaltsdateien nach den\u00a0<strong>SEPA-Richtlinien<\/strong><\/li>\n<li style=\"text-align: left;\">Erstellung der Gehaltsabrechnungen mit einem\u00a0<strong>zu Ihrem Abrechnungssystem kompatiblen Format<\/strong><\/li>\n<li style=\"text-align: left;\">Aktualisierung von Tarifvertr\u00e4gen, Arbeitszeitpl\u00e4nen, etc.<\/li>\n<li style=\"text-align: left;\">Erstellung der f\u00fcr die Unternehmensf\u00fchrung notwendigen Berichte<\/li>\n<li style=\"text-align: left;\">Eingangskontrolle der Benachrichtigungen der\u00a0<strong>Sozialversicherung<\/strong><\/li>\n<\/ul>\n<p><\/div>[\/vc_column_inner][\/vc_row_inner][\/vc_column][\/vc_row][vc_row row_type=&#8220;row&#8220; use_row_as_full_screen_section=&#8220;no&#8220; type=&#8220;full_width&#8220; text_align=&#8220;left&#8220; background_color=&#8220;#e9eae7&#8243; padding_top=&#8220;30&#8243; padding_bottom=&#8220;20&#8243; css_animation=&#8220;element_from_bottom&#8220;][vc_column][vc_row_inner row_type=&#8220;row&#8220; type=&#8220;grid&#8220; use_row_as_full_screen_section_slide=&#8220;no&#8220; text_align=&#8220;center&#8220; background_color=&#8220;#e9eae7&#8243; css_animation=&#8220;&#8220;][vc_column_inner width=&#8220;1\/2&#8243;][vc_single_image image=&#8220;21820&#8243; img_size=&#8220;full&#8220; qode_css_animation=&#8220;&#8220;][vc_separator type=&#8220;transparent&#8220; border_style=&#8220;&#8220; up=&#8220;40&#8243; down=&#8220;0&#8243;][\/vc_column_inner][vc_column_inner width=&#8220;1\/2&#8243;][vc_column_text]<\/p>\n<h5 style=\"text-align: left;\">Verwaltungsmanagement<\/h5>\n<p>[\/vc_column_text][vc_separator type=&#8220;transparent&#8220; border_style=&#8220;&#8220; up=&#8220;10&#8243; down=&#8220;0&#8243;]<div class='q_list circle light'><\/p>\n<ul>\n<li style=\"text-align: left;\">Unterst\u00fctzung bei\u00a0<strong>Bank- und Finanzgesch\u00e4ften<\/strong><\/li>\n<li style=\"text-align: left;\">Nationales und internationales Zahlungswesen<\/li>\n<li style=\"text-align: left;\">Lieferantenmanagement<\/li>\n<li style=\"text-align: left;\">Rechnungsstellung<\/li>\n<li style=\"text-align: left;\">Finanzkontrolle<\/li>\n<li style=\"text-align: left;\">Zahlungsmanagement<\/li>\n<li style=\"text-align: left;\">Genehmigung von Lieferantenrechnungen<\/li>\n<li style=\"text-align: left;\"><strong>Bewertung und Abwicklung\u00a0<\/strong>der Personalkostenmitteilungen<\/li>\n<\/ul>\n<p><\/div>[\/vc_column_inner][\/vc_row_inner][\/vc_column][\/vc_row]<\/p>\n","protected":false},"excerpt":{"rendered":"<p>[vc_row row_type=&#8220;row&#8220; use_row_as_full_screen_section=&#8220;no&#8220; type=&#8220;full_width&#8220; text_align=&#8220;left&#8220; background_color=&#8220;#e9eae7&#8243; padding_top=&#8220;100&#8243; padding_bottom=&#8220;30&#8243; css_animation=&#8220;element_from_bottom&#8220;][vc_column][vc_row_inner row_type=&#8220;row&#8220; type=&#8220;grid&#8220; use_row_as_full_screen_section_slide=&#8220;no&#8220; text_align=&#8220;center&#8220; css_animation=&#8220;&#8220;][vc_column_inner][vc_column_text] Beratung und Outsourcing [\/vc_column_text][\/vc_column_inner][\/vc_row_inner][\/vc_column][\/vc_row][vc_row row_type=&#8220;row&#8220; use_row_as_full_screen_section=&#8220;no&#8220; type=&#8220;full_width&#8220; text_align=&#8220;left&#8220; background_color=&#8220;#e9eae7&#8243; padding_top=&#8220;30&#8243; padding_bottom=&#8220;30&#8243; css_animation=&#8220;element_from_bottom&#8220; transition_delay=&#8220;400&#8243;][vc_column][vc_row_inner row_type=&#8220;row&#8220; type=&#8220;grid&#8220; use_row_as_full_screen_section_slide=&#8220;no&#8220; text_align=&#8220;left&#8220; css_animation=&#8220;&#8220;][vc_column_inner width=&#8220;1\/2&#8243;][vc_single_image image=&#8220;21823&#8243; img_size=&#8220;full&#8220; qode_css_animation=&#8220;&#8220;][vc_separator type=&#8220;transparent&#8220; border_style=&#8220;&#8220; up=&#8220;40&#8243; down=&#8220;0&#8243;][\/vc_column_inner][vc_column_inner width=&#8220;1\/2&#8243;][vc_column_text] Rechnungswesen [\/vc_column_text][vc_separator type=&#8220;transparent&#8220; border_style=&#8220;&#8220;&#8230;<\/p>\n","protected":false},"author":1,"featured_media":0,"parent":0,"menu_order":0,"comment_status":"open","ping_status":"open","template":"full_width.php","meta":{"_mi_skip_tracking":false,"footnotes":""},"class_list":["post-19080","page","type-page","status-publish","hentry"],"_links":{"self":[{"href":"https:\/\/acossolutions.es\/de\/wp-json\/wp\/v2\/pages\/19080","targetHints":{"allow":["GET"]}}],"collection":[{"href":"https:\/\/acossolutions.es\/de\/wp-json\/wp\/v2\/pages"}],"about":[{"href":"https:\/\/acossolutions.es\/de\/wp-json\/wp\/v2\/types\/page"}],"author":[{"embeddable":true,"href":"https:\/\/acossolutions.es\/de\/wp-json\/wp\/v2\/users\/1"}],"replies":[{"embeddable":true,"href":"https:\/\/acossolutions.es\/de\/wp-json\/wp\/v2\/comments?post=19080"}],"version-history":[{"count":57,"href":"https:\/\/acossolutions.es\/de\/wp-json\/wp\/v2\/pages\/19080\/revisions"}],"predecessor-version":[{"id":22622,"href":"https:\/\/acossolutions.es\/de\/wp-json\/wp\/v2\/pages\/19080\/revisions\/22622"}],"wp:attachment":[{"href":"https:\/\/acossolutions.es\/de\/wp-json\/wp\/v2\/media?parent=19080"}],"curies":[{"name":"wp","href":"https:\/\/api.w.org\/{rel}","templated":true}]}}